{"id":4793,"date":"2016-10-25T16:21:13","date_gmt":"2016-10-25T22:21:13","guid":{"rendered":"https:\/\/stgpmmenergy.wpengine.com\/ontario\/windsor-ontario-electricity-providers-natural-gas-services\/"},"modified":"2025-01-09T12:16:59","modified_gmt":"2025-01-09T19:16:59","slug":"windsor-ontario-electricity-providers-natural-gas-services","status":"publish","type":"page","link":"https:\/\/energyrates.ca\/fr\/ontario\/windsor-ontario-electricity-providers-natural-gas-services\/","title":{"rendered":"Windsor Ontario Electricity Providers and Natural Gas Services"},"content":{"rendered":"<h2>Windsor Electricity Retailers and Natural Gas Providers<\/h2>\n<p>Windsor residents and business owners have a number of commercial electricity and natural gas companies to choose from to fulfill their energy needs. Some of the competitive companies currently offering retail services in the Windsor area include:<\/p>\n<ul>\n<li><a href=\"https:\/\/energyrates.ca\/fr\/ontario-retail-electricity-natural-gas-companies\/just-energy\/\">Just Energy<\/a><\/li>\n<li><a href=\"https:\/\/energyrates.ca\/ontario-retail-electricity-natural-gas-companies\/link-energy\/\">Link Energy<\/a><\/li>\n<li><a href=\"https:\/\/energyrates.ca\/fr\/ontario-retail-electricity-natural-gas-companies\/myrate-energy\/\">MyRate Energy<\/a><\/li>\n<li><a href=\"https:\/\/energyrates.ca\/fr\/ontario-retail-electricity-natural-gas-companies\/planet-energy\/\">Planet Energy<\/a><\/li>\n<li><a href=\"https:\/\/energyrates.ca\/fr\/ontario-retail-electricity-natural-gas-companies\/riterate\/\">RiteRate Energy<\/a><\/li>\n<li><a href=\"https:\/\/energyrates.ca\/fr\/ontario-retail-electricity-natural-gas-companies\/summitt-energy\/\">Summitt Energy<\/a><\/li>\n<\/ul>\n<p>These energy companies offer plans with a range of terms and rate structures, including <a href=\"https:\/\/energyrates.ca\/fr\/fixed-rate-plans\/\">fixed rate<\/a>, <a href=\"https:\/\/energyrates.ca\/fr\/floating-rate-plans\/\">variable rate<\/a>, and monthly fixed-fee plans. To find out what your Windsor energy options are, try out our energy rate comparison form above. Just enter your postal code, select the \u2018electricity\u2019 or \u2018natural gas\u2019 option, and indicate whether you are looking for residential or business service. You will immediately be provided with an up-to-date list of the current rate options currently available in your area<\/p>\n<h2>Windsor Electricity and Natural Gas History<\/h2>\n<p>Thanks to its proximity to the United States\u2014located just across the Detroit River from the city of Detroit, Windsor is the southernmost city in Canada\u2014Windsor has a complex history and culture. With a population of over 210,000 people, Windsor is the 23<sup>rd<\/sup> largest city in Canada.<\/p>\n<p>Originally settled by the French, who (depending on their mood) referred to it as Petite C\u00f4te or La C\u00f4te de Mis\u00e8re, Windsor received a major influx of British settlers in the 1790s, who dubbed the area \u201cSandwich.\u201d It was not until 1854 that the then-village received its official name of Windsor. That same year, Windsor was connected to the Grand Trunk Railway, beginning the process of industrialization and modernization that many <a href=\"https:\/\/energyrates.ca\/fr\/ontario\/\">Ontario<\/a> cities enjoyed after the arrival of railway transportation.<\/p>\n<p>The electrification of Windsor was driven by the desire for a public transit system. In 1886, North America\u2019s first electric streetcar system began operation on the streets of Windsor, powered by electrical lines carrying electricity from a small steam-driven generation plant constructed in a nearby sawmill. Five years later, the public transportation system was completely electrified, making it the first city in Canada with an entirely electricity-based public transit system.<\/p>\n<p>Later on, larger steam plants were constructed, which in turn gave way to the delivery of hydroelectric power by Ontario Hydro (now <a href=\"https:\/\/energyrates.ca\/fr\/ontario-regulated-price-plan-providers\/hydro-one\/\">Hydro One<\/a>) in 1914. This made electrical service widely available in Windsor, with Ontario Hydro One providing electricity to the bulk of Windsor\u2019s residents within another decade.<\/p>\n<p>Currently, local electricity distribution in the city of Windsor is provided by EnWin Utilities.<\/p>\n","protected":false},"excerpt":{"rendered":"<p>Windsor Electricity Retailers and Natural Gas Providers Windsor residents and business owners have a number of commercial electricity and natural gas companies to choose from to fulfill their energy needs. Some of the competitive companies currently offering retail services in the Windsor area include: Just Energy Link Energy MyRate Energy Planet Energy RiteRate Energy Summitt [&hellip;]<\/p>\n","protected":false},"author":1,"featured_media":0,"parent":4758,"menu_order":103,"comment_status":"closed","ping_status":"closed","template":"","meta":{"_acf_changed":false,"_genesis_hide_title":false,"_genesis_hide_breadcrumbs":false,"_genesis_hide_singular_image":false,"_genesis_hide_footer_widgets":false,"_genesis_custom_body_class":"","_genesis_custom_post_class":"","_genesis_layout":"","footnotes":""},"class_list":{"0":"post-4793","1":"page","2":"type-page","3":"status-publish","5":"entry"},"acf":[],"yoast_head":"<!-- This site is optimized with the Yoast SEO Premium plugin v27.2 (Yoast SEO v27.2) - https:\/\/yoast.com\/product\/yoast-seo-premium-wordpress\/ -->\n<title>Windsor Ontario Electricity Providers &amp; Natural Gas Services<\/title>\n<meta name=\"robots\" content=\"index, follow, max-snippet:-1, max-image-preview:large, max-video-preview:-1\" \/>\n<link rel=\"canonical\" href=\"https:\/\/energyrates.ca\/fr\/ontario\/windsor-ontario-electricity-providers-natural-gas-services\/\" \/>\n<meta property=\"og:locale\" content=\"en_US\" \/>\n<meta property=\"og:type\" content=\"article\" \/>\n<meta property=\"og:title\" content=\"Windsor Ontario Electricity Providers and Natural Gas Services\" \/>\n<meta property=\"og:description\" content=\"Windsor Electricity Retailers and Natural Gas Providers Windsor residents and business owners have a number of commercial electricity and natural gas companies to choose from to fulfill their energy needs. Some of the competitive companies currently offering retail services in the Windsor area include: Just Energy Link Energy MyRate Energy Planet Energy RiteRate Energy Summitt [&hellip;]\" \/>\n<meta property=\"og:url\" content=\"https:\/\/energyrates.ca\/fr\/ontario\/windsor-ontario-electricity-providers-natural-gas-services\/\" \/>\n<meta property=\"og:site_name\" content=\"EnergyRates.ca\" \/>\n<meta property=\"article:modified_time\" content=\"2025-01-09T19:16:59+00:00\" \/>\n<meta name=\"twitter:card\" content=\"summary_large_image\" \/>\n<meta name=\"twitter:label1\" content=\"Est. reading time\" \/>\n\t<meta name=\"twitter:data1\" content=\"2 minutes\" \/>\n<script type=\"application\/ld+json\" class=\"yoast-schema-graph\">{\"@context\":\"https:\/\/schema.org\",\"@graph\":[{\"@type\":\"WebPage\",\"@id\":\"https:\/\/energyrates.ca\/fr\/ontario\/windsor-ontario-electricity-providers-natural-gas-services\/\",\"url\":\"https:\/\/energyrates.ca\/fr\/ontario\/windsor-ontario-electricity-providers-natural-gas-services\/\",\"name\":\"Windsor Ontario Electricity Providers & Natural Gas Services\",\"isPartOf\":{\"@id\":\"http:\/\/energyrates.ca\/fr\/#website\"},\"datePublished\":\"2016-10-25T22:21:13+00:00\",\"dateModified\":\"2025-01-09T19:16:59+00:00\",\"breadcrumb\":{\"@id\":\"https:\/\/energyrates.ca\/fr\/ontario\/windsor-ontario-electricity-providers-natural-gas-services\/#breadcrumb\"},\"inLanguage\":\"en-CA\",\"potentialAction\":[{\"@type\":\"ReadAction\",\"target\":[\"https:\/\/energyrates.ca\/fr\/ontario\/windsor-ontario-electricity-providers-natural-gas-services\/\"]}]},{\"@type\":\"BreadcrumbList\",\"@id\":\"https:\/\/energyrates.ca\/fr\/ontario\/windsor-ontario-electricity-providers-natural-gas-services\/#breadcrumb\",\"itemListElement\":[{\"@type\":\"ListItem\",\"position\":1,\"name\":\"Home\",\"item\":\"http:\/\/energyrates.ca\/fr\/\"},{\"@type\":\"ListItem\",\"position\":2,\"name\":\"Ontario\",\"item\":\"http:\/\/energyrates.ca\/fr\/ontario\/\"},{\"@type\":\"ListItem\",\"position\":3,\"name\":\"Windsor Ontario Electricity Providers and Natural Gas Services\"}]},{\"@type\":\"WebSite\",\"@id\":\"http:\/\/energyrates.ca\/fr\/#website\",\"url\":\"http:\/\/energyrates.ca\/fr\/\",\"name\":\"EnergyRates.ca\",\"description\":\"Compare and Find the Lowest Energy Rates\",\"publisher\":{\"@id\":\"http:\/\/energyrates.ca\/fr\/#organization\"},\"potentialAction\":[{\"@type\":\"SearchAction\",\"target\":{\"@type\":\"EntryPoint\",\"urlTemplate\":\"http:\/\/energyrates.ca\/fr\/?s={search_term_string}\"},\"query-input\":{\"@type\":\"PropertyValueSpecification\",\"valueRequired\":true,\"valueName\":\"search_term_string\"}}],\"inLanguage\":\"en-CA\"},{\"@type\":\"Organization\",\"@id\":\"http:\/\/energyrates.ca\/fr\/#organization\",\"name\":\"EnergyRates.ca\",\"url\":\"http:\/\/energyrates.ca\/fr\/\",\"logo\":{\"@type\":\"ImageObject\",\"inLanguage\":\"en-CA\",\"@id\":\"http:\/\/energyrates.ca\/fr\/#\/schema\/logo\/image\/\",\"url\":\"https:\/\/energyrates.ca\/wp-content\/uploads\/logo_energy_rates.svg\",\"contentUrl\":\"https:\/\/energyrates.ca\/wp-content\/uploads\/logo_energy_rates.svg\",\"width\":356,\"height\":74,\"caption\":\"EnergyRates.ca\"},\"image\":{\"@id\":\"http:\/\/energyrates.ca\/fr\/#\/schema\/logo\/image\/\"}}]}<\/script>\n<!-- \/ Yoast SEO Premium plugin. -->","yoast_head_json":{"title":"Windsor Ontario Electricity Providers & Natural Gas Services","robots":{"index":"index","follow":"follow","max-snippet":"max-snippet:-1","max-image-preview":"max-image-preview:large","max-video-preview":"max-video-preview:-1"},"canonical":"https:\/\/energyrates.ca\/fr\/ontario\/windsor-ontario-electricity-providers-natural-gas-services\/","og_locale":"en_US","og_type":"article","og_title":"Windsor Ontario Electricity Providers and Natural Gas Services","og_description":"Windsor Electricity Retailers and Natural Gas Providers Windsor residents and business owners have a number of commercial electricity and natural gas companies to choose from to fulfill their energy needs. Some of the competitive companies currently offering retail services in the Windsor area include: Just Energy Link Energy MyRate Energy Planet Energy RiteRate Energy Summitt [&hellip;]","og_url":"https:\/\/energyrates.ca\/fr\/ontario\/windsor-ontario-electricity-providers-natural-gas-services\/","og_site_name":"EnergyRates.ca","article_modified_time":"2025-01-09T19:16:59+00:00","twitter_card":"summary_large_image","twitter_misc":{"Est. reading time":"2 minutes"},"schema":{"@context":"https:\/\/schema.org","@graph":[{"@type":"WebPage","@id":"https:\/\/energyrates.ca\/fr\/ontario\/windsor-ontario-electricity-providers-natural-gas-services\/","url":"https:\/\/energyrates.ca\/fr\/ontario\/windsor-ontario-electricity-providers-natural-gas-services\/","name":"Windsor Ontario Electricity Providers & Natural Gas Services","isPartOf":{"@id":"http:\/\/energyrates.ca\/fr\/#website"},"datePublished":"2016-10-25T22:21:13+00:00","dateModified":"2025-01-09T19:16:59+00:00","breadcrumb":{"@id":"https:\/\/energyrates.ca\/fr\/ontario\/windsor-ontario-electricity-providers-natural-gas-services\/#breadcrumb"},"inLanguage":"en-CA","potentialAction":[{"@type":"ReadAction","target":["https:\/\/energyrates.ca\/fr\/ontario\/windsor-ontario-electricity-providers-natural-gas-services\/"]}]},{"@type":"BreadcrumbList","@id":"https:\/\/energyrates.ca\/fr\/ontario\/windsor-ontario-electricity-providers-natural-gas-services\/#breadcrumb","itemListElement":[{"@type":"ListItem","position":1,"name":"Home","item":"http:\/\/energyrates.ca\/fr\/"},{"@type":"ListItem","position":2,"name":"Ontario","item":"http:\/\/energyrates.ca\/fr\/ontario\/"},{"@type":"ListItem","position":3,"name":"Windsor Ontario Electricity Providers and Natural Gas Services"}]},{"@type":"WebSite","@id":"http:\/\/energyrates.ca\/fr\/#website","url":"http:\/\/energyrates.ca\/fr\/","name":"EnergyRates.ca","description":"Compare and Find the Lowest Energy Rates","publisher":{"@id":"http:\/\/energyrates.ca\/fr\/#organization"},"potentialAction":[{"@type":"SearchAction","target":{"@type":"EntryPoint","urlTemplate":"http:\/\/energyrates.ca\/fr\/?s={search_term_string}"},"query-input":{"@type":"PropertyValueSpecification","valueRequired":true,"valueName":"search_term_string"}}],"inLanguage":"en-CA"},{"@type":"Organization","@id":"http:\/\/energyrates.ca\/fr\/#organization","name":"EnergyRates.ca","url":"http:\/\/energyrates.ca\/fr\/","logo":{"@type":"ImageObject","inLanguage":"en-CA","@id":"http:\/\/energyrates.ca\/fr\/#\/schema\/logo\/image\/","url":"https:\/\/energyrates.ca\/wp-content\/uploads\/logo_energy_rates.svg","contentUrl":"https:\/\/energyrates.ca\/wp-content\/uploads\/logo_energy_rates.svg","width":356,"height":74,"caption":"EnergyRates.ca"},"image":{"@id":"http:\/\/energyrates.ca\/fr\/#\/schema\/logo\/image\/"}}]}},"_links":{"self":[{"href":"https:\/\/energyrates.ca\/fr\/wp-json\/wp\/v2\/pages\/4793","targetHints":{"allow":["GET"]}}],"collection":[{"href":"https:\/\/energyrates.ca\/fr\/wp-json\/wp\/v2\/pages"}],"about":[{"href":"https:\/\/energyrates.ca\/fr\/wp-json\/wp\/v2\/types\/page"}],"author":[{"embeddable":true,"href":"https:\/\/energyrates.ca\/fr\/wp-json\/wp\/v2\/users\/1"}],"replies":[{"embeddable":true,"href":"https:\/\/energyrates.ca\/fr\/wp-json\/wp\/v2\/comments?post=4793"}],"version-history":[{"count":0,"href":"https:\/\/energyrates.ca\/fr\/wp-json\/wp\/v2\/pages\/4793\/revisions"}],"up":[{"embeddable":true,"href":"https:\/\/energyrates.ca\/fr\/wp-json\/wp\/v2\/pages\/4758"}],"wp:attachment":[{"href":"https:\/\/energyrates.ca\/fr\/wp-json\/wp\/v2\/media?parent=4793"}],"curies":[{"name":"wp","href":"https:\/\/api.w.org\/{rel}","templated":true}]}}