{"id":4544,"date":"2019-12-20T10:01:58","date_gmt":"2019-12-20T17:01:58","guid":{"rendered":"https:\/\/stgpmmenergy.wpengine.com\/?page_id=4544"},"modified":"2020-10-14T15:59:27","modified_gmt":"2020-10-14T21:59:27","slug":"quebec","status":"publish","type":"page","link":"https:\/\/energyrates.ca\/fr\/quebec\/","title":{"rendered":"Qu\u00e9bec"},"content":{"rendered":"<h1>Options de gaz naturel et d\u2019\u00e9lectricit\u00e9 au Qu\u00e9bec<\/h1>\n<p>La province de Qu\u00e9bec est une des plus larges au Canada, dont 23 % de la population canadienne y vive (environ 8,3 millions). La province est \u00e9galement le plus grand producteur d\u2019\u00e9lectricit\u00e9 (45 402 m\u00e9gawatts), ce qui \u00e9quivaut \u00e0 un tiers de la production canadienne d\u2019\u00e9lectricit\u00e9 (4,1% de la production totale canadienne de toute \u00e9nergie).<\/p>\n<p>La majorit\u00e9 de cette \u00e9nergie provient des ressources d\u2019hydro\u00e9lectricit\u00e9 du Qu\u00e9bec. La province compte plus de 130 000 rivi\u00e8res et cours d\u2019eau \u00e9quivalant \u00e0 40 % des ressources d\u2019eau au Canada, trois fois plus qu\u2019en <a href=\"https:\/\/energyrates.ca\/british-columbia\/\">Colombie-Britannique<\/a>, en plus d\u2019\u00eatre source d\u2019\u00e9nergie dans le secteur \u00e9olien, solaire et de la biomasse.<\/p>\n<p>Les <a href=\"https:\/\/energyrates.ca\/the-main-electricity-sources-in-canada-by-province\/\">sources abondantes d\u2019hydro\u00e9lectricit\u00e9<\/a> produites au Qu\u00e9bec permettent des tarifs bas dans la province, un des plus bas au Canada et dans le monde. Les prix de l\u2019\u00e9lectricit\u00e9 sont historiquement plus bas que d\u2019autres provinces canadiennes ou aux \u00c9tats-Unis.<\/p>\n<h2>Services \u00e9nerg\u00e9tiques au Qu\u00e9bec : \u00c9lectricit\u00e9 et gaz naturel<\/h2>\n<p>Pour plus de 80 ans, l\u2019\u00e9lectricit\u00e9 au Qu\u00e9bec est fournie gr\u00e2ce \u00e0 <a href=\"\/?page_id=4520\">Hydro-Qu\u00e9bec<\/a>, un producteur, distributeur et fournisseur r\u00e9glement\u00e9 gouvernemental. L\u2019\u00e9lectricit\u00e9 consomm\u00e9e dans la province provient d\u2019Hydro-Qu\u00e9bec, de coop\u00e9ratives or de redistributeurs d\u2019\u00e9lectricit\u00e9 municipaux. \u00c9tant r\u00e9glement\u00e9, les tarifs \u00e9nerg\u00e9tiques au Qu\u00e9bec sont approuv\u00e9s par la R\u00e9gie de l\u2019\u00e9nergie.<\/p>\n<p>Toutefois, le march\u00e9 de gaz naturel est d\u00e9r\u00e9glement\u00e9. Ainsi, les consommateurs r\u00e9sidentiels ou commerciaux qu\u00e9b\u00e9cois peuvent choisir un fournisseur de gaz naturel, que ce soit le distributeur local ou un fournisseur comp\u00e9titif.<\/p>\n<p>La province de Qu\u00e9bec compte deux distributeurs de gaz naturel\u00a0: <a href=\"\/?page_id=4515\">\u00c9nergir (auparavant Gaz M\u00e9tro)<\/a> dans 98% des cas (environ 300 municipalit\u00e9s) et <a href=\"\/?page_id=4518\">Gazif\u00e8re (dans la r\u00e9gion de Gatineau)<\/a>, tous les deux r\u00e9gul\u00e9s par la R\u00e9gie de l\u2019\u00e9nergie. Toutefois, les consommateurs peuvent choisir d\u2019une panoplie de fournisseurs de gaz naturel dans la province pour un tarif rentable.<\/p>\n<h2>Gaz naturel au Qu\u00e9bec<\/h2>\n<p>Vu que le Qu\u00e9bec facture les services \u00e9nerg\u00e9tiques, le consommateur recevra, d\u2019\u00c9nergir ou de Gazif\u00e8re, cette facture et payera les tarifs de transport et de distribution, peu importe le fournisseur. Cependant, les tarifs de gaz naturel (par m\u00b3 ou GJ) sera fixe avec votre fournisseur ind\u00e9pendant de gaz naturel.<\/p>\n<p>Tandis que les fournisseurs r\u00e9glement\u00e9s de gaz naturel offrent uniquement des tarifs \u00e0 taux variable chaque mois, les fournisseurs comp\u00e9titifs offre des taux fixes pour commerces et m\u00e9nages qui cherchent une stabilit\u00e9 dans leur budget.<\/p>\n<p>Selon \u00c9nergir, il existe quatre possibilit\u00e9s en ce qui concerne le gaz naturel au Qu\u00e9bec. Peu importe celui choisi, ces plans auront \u00c9nergir (ou Gazif\u00e8re dans la r\u00e9gion de Gatineau) comme distributeur.<\/p>\n<p>D\u00e9couvrez les possibilit\u00e9s ci-dessous.<\/p>\n<table style=\"width: 100%;\">\n<tbody>\n<tr>\n<td style=\"width: 19.5355%;\"><\/td>\n<td style=\"width: 16.3934%;\"><strong>Option 1<\/strong><\/td>\n<td style=\"width: 20.6284%;\"><strong>Option 2<\/strong><\/td>\n<td style=\"width: 20.765%;\"><strong>Option 3<\/strong><\/td>\n<td style=\"width: 20.765%;\"><strong>Option 4<\/strong><\/td>\n<\/tr>\n<tr>\n<td style=\"width: 19.5355%;\"><strong>Fourniture<\/strong><\/td>\n<td style=\"width: 16.3934%;\"><strong>\u00c9nergir<\/strong><\/td>\n<td style=\"width: 20.6284%;\">Fournisseur<\/td>\n<td style=\"width: 20.765%;\">Fournisseur<\/td>\n<td style=\"width: 20.765%;\">Fournisseur<\/td>\n<\/tr>\n<tr>\n<td style=\"width: 19.5355%;\"><strong>Transport<\/strong><\/td>\n<td style=\"width: 16.3934%;\"><strong>\u00c9nergir<\/strong><\/td>\n<td style=\"width: 20.6284%;\"><strong>\u00c9nergir<\/strong><\/td>\n<td style=\"width: 20.765%;\">Fournisseur<\/td>\n<td style=\"width: 20.765%;\">Fournisseur<\/td>\n<\/tr>\n<tr>\n<td style=\"width: 19.5355%;\"><strong>\u00c9quilibrage<\/strong><\/td>\n<td style=\"width: 16.3934%;\"><strong>\u00c9nergir<\/strong><\/td>\n<td style=\"width: 20.6284%;\"><strong>\u00c9nergir<\/strong><\/td>\n<td style=\"width: 20.765%;\"><strong>\u00c9nergir<\/strong><\/td>\n<td style=\"width: 20.765%;\">Fournisseur<\/td>\n<\/tr>\n<tr>\n<td style=\"width: 19.5355%;\"><strong>Distribution<\/strong><\/td>\n<td style=\"width: 16.3934%;\"><strong>\u00c9nergir<\/strong><\/td>\n<td style=\"width: 20.6284%;\"><strong>\u00c9nergir<\/strong><\/td>\n<td style=\"width: 20.765%;\"><strong>\u00c9nergir<\/strong><\/td>\n<td style=\"width: 20.765%;\"><strong>\u00c9nergir<\/strong><\/td>\n<\/tr>\n<\/tbody>\n<\/table>\n<p><span style=\"font-size: 10pt;\">Source: <a href=\"https:\/\/www.energir.com\/en\/major-industries\/natural-gas-price\/rates-in-quebec\/\" target=\"_blank\" rel=\"noopener noreferrer\">\u00c9nergir<\/a><\/span><\/p>\n<p><strong>Le gaz naturel au Qu\u00e9bec, en chiffres : <\/strong>Pr\u00e9sentement au Qu\u00e9bec, 130 000 m\u00e9nages, 50\u00a0000 consommateurs commerciaux, ainsi que 2\u00a0500 industries consomment du gaz naturel.<\/p>\n<p>Plusieurs d\u2019entre eux, surtout chez les larges consommateurs de gaz naturel, magasinent les tarifs disponibles au lieu d\u2019acheter chez le distributeur par d\u00e9faut. \u00c9tant donn\u00e9 que les tarifs r\u00e9glement\u00e9s varient chaque mois, les consommateurs r\u00e9sidentiels et commerciaux qui pr\u00e9f\u00e8rent un budget vont se pencher vers les tarifs \u00e0 taux fixe avec des fournisseurs ind\u00e9pendants pour se prot\u00e9ger d\u2019une mauvaise surprise financi\u00e8re.<\/p>\n<p><strong>D\u2019o\u00f9 provient le gaz naturel ?<\/strong> La majorit\u00e9 du gaz naturel vient des provinces de l\u2019Ouest (ex. <a href=\"\/?page_id=1075\">Alberta<\/a>, Colombie-Britannique), comptant uniquement 0,04% de la production canadienne totale provenant du Qu\u00e9bec.<\/p>\n<h2>Comparer les tarifs de gaz naturel au Qu\u00e9bec<\/h2>\n<p>Pour en savoir plus sur le gaz naturel au Qu\u00e9bec, comparez vos options avec <a href=\"https:\/\/energyrates.ca\/fr\/\">EnergyRates.ca<\/a>. L\u2019outil ci-dessus vous donnera une liste de fournisseurs et de tarifs disponibles de gaz naturel selon votre code postal.<\/p>\n<p>Les clients <a href=\"https:\/\/energyrates.ca\/small-commercial-electricity-natural-gas\/\">commerciaux<\/a> ou <a href=\"https:\/\/energyrates.ca\/industrial-electricity-natural-gas\/\">industriels<\/a> sont \u00e9ligibles pour une offre de prix gratuite et personnalis\u00e9e selon votre consommation \u00e9nerg\u00e9tique. En comparant les tarifs de gaz naturel, vous pourrez prendre la meilleure d\u00e9cision pour votre entreprise.<strong>\u00a0<\/strong><\/p>\n<p><strong>EnergyRates.ca<\/strong> comprend \u00e9galement des renseignements g\u00e9n\u00e9raux sur l\u2019\u00e9lectricit\u00e9 et le gaz naturel au Qu\u00e9bec, incluant la facturation, les fournisseurs locaux d\u2019\u00e9nergie et les distributeurs r\u00e9glement\u00e9s d\u2019\u00e9nergie dans le secteur r\u00e9sidentiel et commercial.<\/p>\n<h2>Services r\u00e9gionaux<\/h2>\n<p>Voici les villes au Qu\u00e9bec qui offrent des services d\u2019\u00e9lectricit\u00e9 et de gaz naturel, incluant les distributeurs locaux et fournisseurs disponibles dans chaque r\u00e9gion.<\/p>\n<ul>\n<li><a href=\"\/?page_id=4534\">Alma<\/a><\/li>\n<li><a href=\"\/?page_id=4536\">Amos<\/a><\/li>\n<li><a href=\"\/?page_id=4510\">Baie-Comeau<\/a><\/li>\n<li><a href=\"\/?page_id=4514\">Coaticook<\/a><\/li>\n<li><a href=\"\/?page_id=4539\">Gatineau<\/a><\/li>\n<li><a href=\"\/?page_id=4521\">Joliette<\/a><\/li>\n<li><a href=\"\/?page_id=4540\">Laval<\/a><\/li>\n<li><a href=\"\/?page_id=4522\">L\u00e9vis<\/a><\/li>\n<li><a href=\"\/?page_id=4538\">Longueuil<\/a><\/li>\n<li><a href=\"\/?page_id=4523\">Magog<\/a><\/li>\n<li><a href=\"\/?page_id=4542\">Montr\u00e9al<\/a><\/li>\n<li><a href=\"\/?page_id=4541\">Qu\u00e9bec<\/a><\/li>\n<li><a href=\"\/?page_id=4531\">Saguenay<\/a><\/li>\n<li><a href=\"\/?page_id=4532\">Saint-Jean-Baptiste<\/a><\/li>\n<li><a href=\"\/?page_id=4537\">Sherbrooke<\/a><\/li>\n<li><a href=\"\/?page_id=4533\">Trois-Rivi\u00e8res<\/a><\/li>\n<li><a href=\"\/?page_id=4535\">Westmount<\/a><\/li>\n<\/ul>\n<h2>Informations et tarifs<\/h2>\n<p>Pour comparer des fournisseurs et tarifs de gaz naturel, il faut comprendre les factures de services \u00e9nerg\u00e9tiques. Nous avons des articles qui se concentrent sur la compr\u00e9hension des tarifs reli\u00e9s aux factures des services \u00e9nerg\u00e9tiques, incluant les tarifs \u00e0 taux fixe.<\/p>\n<ul>\n<li><a href=\"\/?page_id=4517\">Comprendre les tarifs de gaz naturel et d\u2019\u00e9lectricit\u00e9 au Qu\u00e9bec<\/a><\/li>\n<li><a href=\"\/?page_id=4519\">Comment d\u00e9buter, transf\u00e9rer ou modifier vos services d\u2019\u00e9lectricit\u00e9 et de gaz naturel au Qu\u00e9bec<\/a><\/li>\n<li><a href=\"\/?page_id=4513\">Comprendre votre facture d\u2019\u00e9lectricit\u00e9 et de gaz naturel au Qu\u00e9bec<\/a><\/li>\n<li><a href=\"\/?page_id=4516\">Programmes et rabais d\u2019efficacit\u00e9 \u00e9nerg\u00e9tique au Qu\u00e9bec<\/a><\/li>\n<\/ul>\n<h2>Fournisseurs r\u00e9sidentiels de gaz naturel<\/h2>\n<p>Cherchez-vous le meilleur tarif de gaz naturel dans le secteur r\u00e9sidentiel ? Comparez les prix des fournisseurs suivants, mais sans s\u2019y limiter\u00a0:<\/p>\n<ul>\n<li><a href=\"\/?page_id=4529\">Just Energy<\/a><\/li>\n<\/ul>\n<h2>Fournisseurs de gaz naturel dans le secteur commercial<\/h2>\n<p>Les consommateurs \u00e9nerg\u00e9tiques commerciaux et industriels doivent porter une attention particuli\u00e8re sur les co\u00fbts d\u2019\u00e9lectricit\u00e9 et de gaz naturel \u00e0 cause de leur grande consommation. En d\u2019autres mots, les factures dans le secteur commercial sont \u00e9lev\u00e9es chaque mois.<\/p>\n<p>En 2016, la demande d\u2019\u00e9nergie dans le secteur industriel \u00e9quivalait \u00e0 39% de la demande totale de la province, selon la R\u00e9gie de l\u2019\u00e9nergie. Ceci prouve qu\u2019il y a de la place pour des strat\u00e9gies d\u2019\u00e9conomie \u00e9nerg\u00e9tique dans la province.<\/p>\n<p>Pour aider \u00e0 \u00e9conomiser sur les factures de services \u00e9nerg\u00e9tiques, nous vous offrons un guide d\u00e9taill\u00e9 des fournisseurs de gaz naturel au Qu\u00e9bec disponibles dans le secteur commercial incluant\u00a0:<\/p>\n<ul>\n<li><a href=\"\/?page_id=4524\">Access Gas<\/a><\/li>\n<li><a href=\"\/?page_id=4525\">Active Business Services<\/a><\/li>\n<li><a href=\"\/?page_id=4526\">Comsatec<\/a><\/li>\n<li><a href=\"\/?page_id=4527\">Direct Energy<\/a><\/li>\n<li><a href=\"\/?page_id=4528\">Hudson Energy<\/a><\/li>\n<li><a href=\"\/?page_id=4529\">Just Energy<\/a><\/li>\n<li><a href=\"\/?page_id=4530\">Summitt Energy<\/a><\/li>\n<\/ul>\n<h2>Distributeurs \u00e0 taux r\u00e9glement\u00e9<\/h2>\n<p>R\u00e9f\u00e9rez-vous \u00e0 la liste ci-dessous des distributeurs et fournisseurs d\u2019\u00e9lectricit\u00e9 et de gaz naturel pour comprendre les services \u00e9nerg\u00e9tiques au Qu\u00e9bec.<\/p>\n<ul>\n<li><a href=\"\/?page_id=4515\">\u00c9nergir (auparavant Gaz M\u00e9tro)<\/a><\/li>\n<li><a href=\"\/?page_id=4518\">Gazif\u00e8re (Enbridge)<\/a><\/li>\n<li><a href=\"\/?page_id=4520\">Hydro-Qu\u00e9bec<\/a><\/li>\n<li><a href=\"\/?page_id=4534\">Ville d\u2019Alma<\/a><\/li>\n<li><a href=\"\/?page_id=4536\">Ville d\u2019Amos<\/a><\/li>\n<li><a href=\"\/?page_id=4510\">Ville de Baie-Comeau<\/a><\/li>\n<li><a href=\"\/?page_id=4514\">Ville de Coaticook<\/a><\/li>\n<li><a href=\"\/?page_id=4532\">Coop\u00e9rative r\u00e9gionale d\u2019\u00e9lectricit\u00e9 de St-Jean-Baptiste-de-Rouville<\/a><\/li>\n<li><a href=\"\/?page_id=4521\">Hydro-Joliette<\/a><\/li>\n<li><a href=\"\/?page_id=4523\">Ville de Magog (Hydro-Magog)<\/a><\/li>\n<li><a href=\"\/?page_id=4531\">Ville de Saguenay<\/a><\/li>\n<li><a href=\"\/?page_id=4537\">Ville de Sherbrooke<\/a><\/li>\n<li><a href=\"\/?page_id=4535\">Hydro Westmount (Ville de Westmount)<\/a><\/li>\n<\/ul>\n<h2>R\u00e9gie de l&#8217;\u00e9nergie du Qu\u00e9bec<\/h2>\n<p>La R\u00e9gie de l\u2019\u00e9nergie a \u00e9t\u00e9 cr\u00e9\u00e9 en 1997 dans le but de r\u00e9glementer le march\u00e9 d\u2019\u00e9nergie qu\u00e9b\u00e9cois (distribution de gaz naturel, d\u2019\u00e9lectricit\u00e9, du p\u00e9trole et de la vapeur).<\/p>\n<p>Avec ses services r\u00e9gulatoires, l\u2019organisation est responsable du fonctionnement du march\u00e9 \u00e9nerg\u00e9tique dans la province (protection du consommateur, tarifs de transport et distribution).<\/p>\n<p>Pour les distributeurs de gaz naturel (\u00c9nergir et Gazif\u00e8re), la R\u00e9gie de l\u2019\u00e9nergie a plusieurs t\u00e2ches r\u00e9gulatoires, dont :<\/p>\n<ul>\n<li>Mise en place des tarifs annuels au transport, \u00e0 l\u2019\u00e9quilibrage et \u00e0 la distribution<\/li>\n<li>Mise en place des tarifs mensuels de la fourniture, du plafonnement et de l\u2019\u00e9change ainsi que de la compression<\/li>\n<li>\u00c9valuation d\u2019une provision suffisante<\/li>\n<li>\u00c9tude de plaintes des consommateurs<\/li>\n<li>Mise en place des tarifs et conditions pour les services offerts par les distributeurs<\/li>\n<\/ul>\n","protected":false},"excerpt":{"rendered":"<p>Options de gaz naturel et d\u2019\u00e9lectricit\u00e9 au Qu\u00e9bec La province de Qu\u00e9bec est une des plus larges au Canada, dont 23 % de la population canadienne y vive (environ 8,3 millions). La province est \u00e9galement le plus grand producteur d\u2019\u00e9lectricit\u00e9 (45 402 m\u00e9gawatts), ce qui \u00e9quivaut \u00e0 un tiers de la production canadienne d\u2019\u00e9lectricit\u00e9 (4,1% [&hellip;]<\/p>\n","protected":false},"author":1,"featured_media":0,"parent":0,"menu_order":407,"comment_status":"closed","ping_status":"closed","template":"","meta":{"_acf_changed":false,"_genesis_hide_title":false,"_genesis_hide_breadcrumbs":false,"_genesis_hide_singular_image":false,"_genesis_hide_footer_widgets":false,"_genesis_custom_body_class":"","_genesis_custom_post_class":"","_genesis_layout":"","footnotes":""},"class_list":{"0":"post-4544","1":"page","2":"type-page","3":"status-publish","5":"entry"},"acf":[],"yoast_head":"<!-- This site is optimized with the Yoast SEO Premium plugin v27.3 (Yoast SEO v27.3) - https:\/\/yoast.com\/product\/yoast-seo-premium-wordpress\/ -->\n<title>Options de gaz naturel et d\u2019\u00e9lectricit\u00e9 au Qu\u00e9bec &#8211; EnergyRates.ca<\/title>\n<meta name=\"robots\" content=\"index, follow, max-snippet:-1, max-image-preview:large, max-video-preview:-1\" \/>\n<link rel=\"canonical\" href=\"https:\/\/energyrates.ca\/fr\/quebec\/\" \/>\n<meta property=\"og:locale\" content=\"en_US\" \/>\n<meta property=\"og:type\" content=\"article\" \/>\n<meta property=\"og:title\" content=\"Qu\u00e9bec\" \/>\n<meta property=\"og:description\" content=\"Options de gaz naturel et d\u2019\u00e9lectricit\u00e9 au Qu\u00e9bec La province de Qu\u00e9bec est une des plus larges au Canada, dont 23 % de la population canadienne y vive (environ 8,3 millions). La province est \u00e9galement le plus grand producteur d\u2019\u00e9lectricit\u00e9 (45 402 m\u00e9gawatts), ce qui \u00e9quivaut \u00e0 un tiers de la production canadienne d\u2019\u00e9lectricit\u00e9 (4,1% [&hellip;]\" \/>\n<meta property=\"og:url\" content=\"https:\/\/energyrates.ca\/fr\/quebec\/\" \/>\n<meta property=\"og:site_name\" content=\"EnergyRates.ca\" \/>\n<meta property=\"article:modified_time\" content=\"2020-10-14T21:59:27+00:00\" \/>\n<meta name=\"twitter:card\" content=\"summary_large_image\" \/>\n<meta name=\"twitter:label1\" content=\"Est. reading time\" \/>\n\t<meta name=\"twitter:data1\" content=\"6 minutes\" \/>\n<script type=\"application\/ld+json\" class=\"yoast-schema-graph\">{\"@context\":\"https:\\\/\\\/schema.org\",\"@graph\":[{\"@type\":\"WebPage\",\"@id\":\"https:\\\/\\\/energyrates.ca\\\/fr\\\/quebec\\\/\",\"url\":\"https:\\\/\\\/energyrates.ca\\\/fr\\\/quebec\\\/\",\"name\":\"Options de gaz naturel et d\u2019\u00e9lectricit\u00e9 au Qu\u00e9bec &#8211; EnergyRates.ca\",\"isPartOf\":{\"@id\":\"http:\\\/\\\/energyrates.ca\\\/fr\\\/#website\"},\"datePublished\":\"2019-12-20T17:01:58+00:00\",\"dateModified\":\"2020-10-14T21:59:27+00:00\",\"breadcrumb\":{\"@id\":\"https:\\\/\\\/energyrates.ca\\\/fr\\\/quebec\\\/#breadcrumb\"},\"inLanguage\":\"en-CA\",\"potentialAction\":[{\"@type\":\"ReadAction\",\"target\":[\"https:\\\/\\\/energyrates.ca\\\/fr\\\/quebec\\\/\"]}]},{\"@type\":\"BreadcrumbList\",\"@id\":\"https:\\\/\\\/energyrates.ca\\\/fr\\\/quebec\\\/#breadcrumb\",\"itemListElement\":[{\"@type\":\"ListItem\",\"position\":1,\"name\":\"Home\",\"item\":\"http:\\\/\\\/energyrates.ca\\\/fr\\\/\"},{\"@type\":\"ListItem\",\"position\":2,\"name\":\"Qu\u00e9bec\"}]},{\"@type\":\"WebSite\",\"@id\":\"http:\\\/\\\/energyrates.ca\\\/fr\\\/#website\",\"url\":\"http:\\\/\\\/energyrates.ca\\\/fr\\\/\",\"name\":\"EnergyRates.ca\",\"description\":\"Compare and Find the Lowest Energy Rates\",\"publisher\":{\"@id\":\"http:\\\/\\\/energyrates.ca\\\/fr\\\/#organization\"},\"potentialAction\":[{\"@type\":\"SearchAction\",\"target\":{\"@type\":\"EntryPoint\",\"urlTemplate\":\"http:\\\/\\\/energyrates.ca\\\/fr\\\/?s={search_term_string}\"},\"query-input\":{\"@type\":\"PropertyValueSpecification\",\"valueRequired\":true,\"valueName\":\"search_term_string\"}}],\"inLanguage\":\"en-CA\"},{\"@type\":\"Organization\",\"@id\":\"http:\\\/\\\/energyrates.ca\\\/fr\\\/#organization\",\"name\":\"EnergyRates.ca\",\"url\":\"http:\\\/\\\/energyrates.ca\\\/fr\\\/\",\"logo\":{\"@type\":\"ImageObject\",\"inLanguage\":\"en-CA\",\"@id\":\"http:\\\/\\\/energyrates.ca\\\/fr\\\/#\\\/schema\\\/logo\\\/image\\\/\",\"url\":\"https:\\\/\\\/energyrates.ca\\\/wp-content\\\/uploads\\\/logo_energy_rates.svg\",\"contentUrl\":\"https:\\\/\\\/energyrates.ca\\\/wp-content\\\/uploads\\\/logo_energy_rates.svg\",\"width\":356,\"height\":74,\"caption\":\"EnergyRates.ca\"},\"image\":{\"@id\":\"http:\\\/\\\/energyrates.ca\\\/fr\\\/#\\\/schema\\\/logo\\\/image\\\/\"}}]}<\/script>\n<!-- \/ Yoast SEO Premium plugin. -->","yoast_head_json":{"title":"Options de gaz naturel et d\u2019\u00e9lectricit\u00e9 au Qu\u00e9bec &#8211; EnergyRates.ca","robots":{"index":"index","follow":"follow","max-snippet":"max-snippet:-1","max-image-preview":"max-image-preview:large","max-video-preview":"max-video-preview:-1"},"canonical":"https:\/\/energyrates.ca\/fr\/quebec\/","og_locale":"en_US","og_type":"article","og_title":"Qu\u00e9bec","og_description":"Options de gaz naturel et d\u2019\u00e9lectricit\u00e9 au Qu\u00e9bec La province de Qu\u00e9bec est une des plus larges au Canada, dont 23 % de la population canadienne y vive (environ 8,3 millions). La province est \u00e9galement le plus grand producteur d\u2019\u00e9lectricit\u00e9 (45 402 m\u00e9gawatts), ce qui \u00e9quivaut \u00e0 un tiers de la production canadienne d\u2019\u00e9lectricit\u00e9 (4,1% [&hellip;]","og_url":"https:\/\/energyrates.ca\/fr\/quebec\/","og_site_name":"EnergyRates.ca","article_modified_time":"2020-10-14T21:59:27+00:00","twitter_card":"summary_large_image","twitter_misc":{"Est. reading time":"6 minutes"},"schema":{"@context":"https:\/\/schema.org","@graph":[{"@type":"WebPage","@id":"https:\/\/energyrates.ca\/fr\/quebec\/","url":"https:\/\/energyrates.ca\/fr\/quebec\/","name":"Options de gaz naturel et d\u2019\u00e9lectricit\u00e9 au Qu\u00e9bec &#8211; EnergyRates.ca","isPartOf":{"@id":"http:\/\/energyrates.ca\/fr\/#website"},"datePublished":"2019-12-20T17:01:58+00:00","dateModified":"2020-10-14T21:59:27+00:00","breadcrumb":{"@id":"https:\/\/energyrates.ca\/fr\/quebec\/#breadcrumb"},"inLanguage":"en-CA","potentialAction":[{"@type":"ReadAction","target":["https:\/\/energyrates.ca\/fr\/quebec\/"]}]},{"@type":"BreadcrumbList","@id":"https:\/\/energyrates.ca\/fr\/quebec\/#breadcrumb","itemListElement":[{"@type":"ListItem","position":1,"name":"Home","item":"http:\/\/energyrates.ca\/fr\/"},{"@type":"ListItem","position":2,"name":"Qu\u00e9bec"}]},{"@type":"WebSite","@id":"http:\/\/energyrates.ca\/fr\/#website","url":"http:\/\/energyrates.ca\/fr\/","name":"EnergyRates.ca","description":"Compare and Find the Lowest Energy Rates","publisher":{"@id":"http:\/\/energyrates.ca\/fr\/#organization"},"potentialAction":[{"@type":"SearchAction","target":{"@type":"EntryPoint","urlTemplate":"http:\/\/energyrates.ca\/fr\/?s={search_term_string}"},"query-input":{"@type":"PropertyValueSpecification","valueRequired":true,"valueName":"search_term_string"}}],"inLanguage":"en-CA"},{"@type":"Organization","@id":"http:\/\/energyrates.ca\/fr\/#organization","name":"EnergyRates.ca","url":"http:\/\/energyrates.ca\/fr\/","logo":{"@type":"ImageObject","inLanguage":"en-CA","@id":"http:\/\/energyrates.ca\/fr\/#\/schema\/logo\/image\/","url":"https:\/\/energyrates.ca\/wp-content\/uploads\/logo_energy_rates.svg","contentUrl":"https:\/\/energyrates.ca\/wp-content\/uploads\/logo_energy_rates.svg","width":356,"height":74,"caption":"EnergyRates.ca"},"image":{"@id":"http:\/\/energyrates.ca\/fr\/#\/schema\/logo\/image\/"}}]}},"_links":{"self":[{"href":"https:\/\/energyrates.ca\/fr\/wp-json\/wp\/v2\/pages\/4544","targetHints":{"allow":["GET"]}}],"collection":[{"href":"https:\/\/energyrates.ca\/fr\/wp-json\/wp\/v2\/pages"}],"about":[{"href":"https:\/\/energyrates.ca\/fr\/wp-json\/wp\/v2\/types\/page"}],"author":[{"embeddable":true,"href":"https:\/\/energyrates.ca\/fr\/wp-json\/wp\/v2\/users\/1"}],"replies":[{"embeddable":true,"href":"https:\/\/energyrates.ca\/fr\/wp-json\/wp\/v2\/comments?post=4544"}],"version-history":[{"count":0,"href":"https:\/\/energyrates.ca\/fr\/wp-json\/wp\/v2\/pages\/4544\/revisions"}],"wp:attachment":[{"href":"https:\/\/energyrates.ca\/fr\/wp-json\/wp\/v2\/media?parent=4544"}],"curies":[{"name":"wp","href":"https:\/\/api.w.org\/{rel}","templated":true}]}}