{"id":4542,"date":"2019-12-20T10:54:32","date_gmt":"2019-12-20T17:54:32","guid":{"rendered":"https:\/\/stgpmmenergy.wpengine.com\/?page_id=4542"},"modified":"2020-10-14T15:56:59","modified_gmt":"2020-10-14T21:56:59","slug":"services-delectricite-et-de-gaz-naturel-a-montreal","status":"publish","type":"page","link":"https:\/\/energyrates.ca\/fr\/quebec\/services-delectricite-et-de-gaz-naturel-a-montreal\/","title":{"rendered":"Services d\u2019\u00e9lectricit\u00e9 et de gaz naturel \u00e0 Montr\u00e9al"},"content":{"rendered":"\n<p>Fond\u00e9e en 1642, Montr\u00e9al est la plus grande et plus vieille ville au Canada. Avec une population de 1,8 millions d\u2019habitants, la ville est consid\u00e9r\u00e9e comme une des plus bilingues au monde.<\/p>\n\n\n\n<p>La ville est le plus grand carrefour financier de la province, une qui est en forte croissance au Canada, gr\u00e2ce \u00e0 son \u00e9conomie diversifi\u00e9e (entreprenariat, technologie, culture, finances, g\u00e9nie logiciel, tourisme, transport, communications).<\/p>\n\n\n\n<p>M\u00eame si Montr\u00e9al est en croissance, tout comme son co\u00fbt de la vie. La ville a des tarifs historiquement stables pour ses services \u00e9nerg\u00e9tiques gr\u00e2ce \u00e0 <a href=\"\/?page_id=4520\">Hydro-Qu\u00e9bec<\/a>. D\u2019apr\u00e8s l\u2019entreprise, le prix de l\u2019\u00e9lectricit\u00e9, au cours des 20 derni\u00e8res ann\u00e9es, augmente plus tranquillement (29%) que d\u2019autres biens de consommation comme le lait (65%), le transport en commun (88%) et l\u2019assurance habitation (114%).<\/p>\n\n\n\n<p>Pour les tarifs de gaz naturel, de multiples fournisseurs sont disponibles. Donc, il est essentiel de les comparer avant de signer un contrat. Pour comprendre le fonctionnement des fournisseurs d\u2019\u00e9lectricit\u00e9 et de gaz naturel \u00e0 Montr\u00e9al, comment les comparer ainsi que r\u00e9duire vos factures de services \u00e9nerg\u00e9tiques, r\u00e9f\u00e9rez-vous ci-dessous.<\/p>\n\n\n\n<h2 class=\"wp-block-heading\">Gaz naturel \u00e0 Montr\u00e9al<\/h2>\n\n\n\n<p>Comme partout au <a href=\"\/?page_id=4544\">Qu\u00e9bec<\/a>, les consommateurs de gaz naturel \u00e0 Montr\u00e9al font affaire avec <a href=\"\/?page_id=4515\">\u00c9nergir (auparavant Gaz M\u00e9tro)<\/a> pour la facture, la distribution et la livraison du gaz naturel, peu importe le fournisseur choisi par le client. Toutefois, le montant \u00e0 payer peut diff\u00e9rer selon ce choix.<\/p>\n\n\n\n<p>Les fournisseurs de gaz naturel dans la r\u00e9gion de Montr\u00e9al comprennent, sans toutefois s\u2019y limiter :<\/p>\n\n\n\n<ul class=\"wp-block-list\"><li><a href=\"\/?page_id=3381\">Access Gas<\/a><\/li><li><a href=\"\/?page_id=3383\">Active Business Services<\/a><\/li><li><a href=\"\/?page_id=3387\">Comsatec<\/a><\/li><li><a href=\"\/?page_id=3384\">Direct Energy<\/a><\/li><li><a href=\"\/?page_id=3385\">Hudson Energy<\/a><\/li><li><a href=\"\/?page_id=3378\">Just Energy<\/a><\/li><li><a href=\"\/?page_id=3386\">Summitt Energy<\/a><\/li><\/ul>\n\n\n\n<p><strong>Comparaison des fournisseurs de gaz naturel \u00e0 Montr\u00e9al : <\/strong>Chez <a href=\"https:\/\/energyrates.ca\/fr\/\">EnergyRates.ca<\/a>, comparez les fournisseurs de gaz naturel \u00e0 Montr\u00e9al, ainsi que ses tarifs. Notre site Web permet de pr\u00e9senter les principaux fournisseurs de gaz naturel au Qu\u00e9bec selon votre code postal. L\u2019outil est 100% impartial et permet de trouver le tarif le plus rentable dans votre r\u00e9gion.<\/p>\n\n\n\n<p>Dans le secteur commercial, EnergyRates.ca peut \u00e9galement vous aider. Ce site Web fournit aux <a href=\"\/?page_id=1369\">consommateurs commerciaux ou industriels une offre de prix gratuite et personnalis\u00e9e selon votre consommation \u00e9nerg\u00e9tique<\/a>, en plus de conseils sur comment prendre les meilleures d\u00e9cisions.<\/p>\n\n\n\n<h2 class=\"wp-block-heading\">\u00c9lectricit\u00e9 \u00e0 Montr\u00e9al<\/h2>\n\n\n\n<p>Ce service est disponible gr\u00e2ce \u00e0 Hydro-Qu\u00e9bec. Selon l\u2019entreprise, la consommation d\u2019\u00e9nergie annuelle d\u2019une maison avec un air climatis\u00e9 est d\u2019environ 24 000 kWh par ann\u00e9e. Si le tarif de base est de 6,08 cents \u00e0 9,38 cents (depuis le milieu de 2019), la facture d\u2019\u00e9lectricit\u00e9 en moyenne est de 120 $ \u00e0 180 $ par mois. Il est important de garder ces informations en t\u00eate pour ensuite inclure les co\u00fbts reli\u00e9s \u00e0 la livraison et \u00e0 la distribution et les frais quotidiens.<\/p>\n\n\n\n<p>Comme l\u2019explique certains sites Web comme Expatistan ou <a href=\"https:\/\/www.immigration-quebec.gouv.qc.ca\/en\/living-quebec\/cost-living\/average-costs.html\">la page officielle d\u2019immigration au Qu\u00e9bec<\/a>, les co\u00fbts mensuels d\u2019\u00e9lectricit\u00e9 dans la province sont d\u2019environ 120 $, mais peut co\u00fbter entre 60 $ et 250 $, et m\u00eame encore plus si nous comptons le chauffage. Les sources d\u2019hydro\u00e9lectricit\u00e9 au Qu\u00e9bec sont en abondance, ce qui permet \u00e0 Hydro-Qu\u00e9bec d\u2019offrir un tarif rentable \u00e0 ses clients de Montr\u00e9al, situation qu\u2019on retrouve peu \u00e0 <a href=\"\/?page_id=2138\">Vancouver<\/a>, <a href=\"\/?page_id=1023\">Toronto<\/a> ou New York.<\/p>\n","protected":false},"excerpt":{"rendered":"<p>Fond\u00e9e en 1642, Montr\u00e9al est la plus grande et plus vieille ville au Canada. Avec une population de 1,8 millions d\u2019habitants, la ville est consid\u00e9r\u00e9e comme une des plus bilingues au monde. La ville est le plus grand carrefour financier de la province, une qui est en forte croissance au Canada, gr\u00e2ce \u00e0 son \u00e9conomie [&hellip;]<\/p>\n","protected":false},"author":1,"featured_media":0,"parent":4544,"menu_order":417,"comment_status":"closed","ping_status":"closed","template":"","meta":{"_acf_changed":false,"_genesis_hide_title":false,"_genesis_hide_breadcrumbs":false,"_genesis_hide_singular_image":false,"_genesis_hide_footer_widgets":false,"_genesis_custom_body_class":"","_genesis_custom_post_class":"","_genesis_layout":"","footnotes":""},"class_list":{"0":"post-4542","1":"page","2":"type-page","3":"status-publish","5":"entry"},"acf":[],"yoast_head":"<!-- This site is optimized with the Yoast SEO Premium plugin v27.2 (Yoast SEO v27.2) - https:\/\/yoast.com\/product\/yoast-seo-premium-wordpress\/ -->\n<title>Services d\u2019\u00e9lectricit\u00e9 et de gaz naturel \u00e0 Montr\u00e9al &#8211; EnergyRates.ca<\/title>\n<meta name=\"robots\" content=\"index, follow, max-snippet:-1, max-image-preview:large, max-video-preview:-1\" \/>\n<link rel=\"canonical\" href=\"https:\/\/energyrates.ca\/fr\/quebec\/services-delectricite-et-de-gaz-naturel-a-montreal\/\" \/>\n<meta property=\"og:locale\" content=\"en_US\" \/>\n<meta property=\"og:type\" content=\"article\" \/>\n<meta property=\"og:title\" content=\"Services d\u2019\u00e9lectricit\u00e9 et de gaz naturel \u00e0 Montr\u00e9al\" \/>\n<meta property=\"og:description\" content=\"Fond\u00e9e en 1642, Montr\u00e9al est la plus grande et plus vieille ville au Canada. Avec une population de 1,8 millions d\u2019habitants, la ville est consid\u00e9r\u00e9e comme une des plus bilingues au monde. La ville est le plus grand carrefour financier de la province, une qui est en forte croissance au Canada, gr\u00e2ce \u00e0 son \u00e9conomie [&hellip;]\" \/>\n<meta property=\"og:url\" content=\"https:\/\/energyrates.ca\/fr\/quebec\/services-delectricite-et-de-gaz-naturel-a-montreal\/\" \/>\n<meta property=\"og:site_name\" content=\"EnergyRates.ca\" \/>\n<meta property=\"article:modified_time\" content=\"2020-10-14T21:56:59+00:00\" \/>\n<meta name=\"twitter:card\" content=\"summary_large_image\" \/>\n<meta name=\"twitter:label1\" content=\"Est. reading time\" \/>\n\t<meta name=\"twitter:data1\" content=\"3 minutes\" \/>\n<script type=\"application\/ld+json\" class=\"yoast-schema-graph\">{\"@context\":\"https:\/\/schema.org\",\"@graph\":[{\"@type\":\"WebPage\",\"@id\":\"https:\/\/energyrates.ca\/fr\/quebec\/services-delectricite-et-de-gaz-naturel-a-montreal\/\",\"url\":\"https:\/\/energyrates.ca\/fr\/quebec\/services-delectricite-et-de-gaz-naturel-a-montreal\/\",\"name\":\"Services d\u2019\u00e9lectricit\u00e9 et de gaz naturel \u00e0 Montr\u00e9al &#8211; EnergyRates.ca\",\"isPartOf\":{\"@id\":\"http:\/\/energyrates.ca\/fr\/#website\"},\"datePublished\":\"2019-12-20T17:54:32+00:00\",\"dateModified\":\"2020-10-14T21:56:59+00:00\",\"breadcrumb\":{\"@id\":\"https:\/\/energyrates.ca\/fr\/quebec\/services-delectricite-et-de-gaz-naturel-a-montreal\/#breadcrumb\"},\"inLanguage\":\"en-CA\",\"potentialAction\":[{\"@type\":\"ReadAction\",\"target\":[\"https:\/\/energyrates.ca\/fr\/quebec\/services-delectricite-et-de-gaz-naturel-a-montreal\/\"]}]},{\"@type\":\"BreadcrumbList\",\"@id\":\"https:\/\/energyrates.ca\/fr\/quebec\/services-delectricite-et-de-gaz-naturel-a-montreal\/#breadcrumb\",\"itemListElement\":[{\"@type\":\"ListItem\",\"position\":1,\"name\":\"Home\",\"item\":\"http:\/\/energyrates.ca\/fr\/\"},{\"@type\":\"ListItem\",\"position\":2,\"name\":\"Qu\u00e9bec\",\"item\":\"http:\/\/energyrates.ca\/fr\/quebec\/\"},{\"@type\":\"ListItem\",\"position\":3,\"name\":\"Services d\u2019\u00e9lectricit\u00e9 et de gaz naturel \u00e0 Montr\u00e9al\"}]},{\"@type\":\"WebSite\",\"@id\":\"http:\/\/energyrates.ca\/fr\/#website\",\"url\":\"http:\/\/energyrates.ca\/fr\/\",\"name\":\"EnergyRates.ca\",\"description\":\"Compare and Find the Lowest Energy Rates\",\"publisher\":{\"@id\":\"http:\/\/energyrates.ca\/fr\/#organization\"},\"potentialAction\":[{\"@type\":\"SearchAction\",\"target\":{\"@type\":\"EntryPoint\",\"urlTemplate\":\"http:\/\/energyrates.ca\/fr\/?s={search_term_string}\"},\"query-input\":{\"@type\":\"PropertyValueSpecification\",\"valueRequired\":true,\"valueName\":\"search_term_string\"}}],\"inLanguage\":\"en-CA\"},{\"@type\":\"Organization\",\"@id\":\"http:\/\/energyrates.ca\/fr\/#organization\",\"name\":\"EnergyRates.ca\",\"url\":\"http:\/\/energyrates.ca\/fr\/\",\"logo\":{\"@type\":\"ImageObject\",\"inLanguage\":\"en-CA\",\"@id\":\"http:\/\/energyrates.ca\/fr\/#\/schema\/logo\/image\/\",\"url\":\"https:\/\/energyrates.ca\/wp-content\/uploads\/logo_energy_rates.svg\",\"contentUrl\":\"https:\/\/energyrates.ca\/wp-content\/uploads\/logo_energy_rates.svg\",\"width\":356,\"height\":74,\"caption\":\"EnergyRates.ca\"},\"image\":{\"@id\":\"http:\/\/energyrates.ca\/fr\/#\/schema\/logo\/image\/\"}}]}<\/script>\n<!-- \/ Yoast SEO Premium plugin. -->","yoast_head_json":{"title":"Services d\u2019\u00e9lectricit\u00e9 et de gaz naturel \u00e0 Montr\u00e9al &#8211; EnergyRates.ca","robots":{"index":"index","follow":"follow","max-snippet":"max-snippet:-1","max-image-preview":"max-image-preview:large","max-video-preview":"max-video-preview:-1"},"canonical":"https:\/\/energyrates.ca\/fr\/quebec\/services-delectricite-et-de-gaz-naturel-a-montreal\/","og_locale":"en_US","og_type":"article","og_title":"Services d\u2019\u00e9lectricit\u00e9 et de gaz naturel \u00e0 Montr\u00e9al","og_description":"Fond\u00e9e en 1642, Montr\u00e9al est la plus grande et plus vieille ville au Canada. Avec une population de 1,8 millions d\u2019habitants, la ville est consid\u00e9r\u00e9e comme une des plus bilingues au monde. La ville est le plus grand carrefour financier de la province, une qui est en forte croissance au Canada, gr\u00e2ce \u00e0 son \u00e9conomie [&hellip;]","og_url":"https:\/\/energyrates.ca\/fr\/quebec\/services-delectricite-et-de-gaz-naturel-a-montreal\/","og_site_name":"EnergyRates.ca","article_modified_time":"2020-10-14T21:56:59+00:00","twitter_card":"summary_large_image","twitter_misc":{"Est. reading time":"3 minutes"},"schema":{"@context":"https:\/\/schema.org","@graph":[{"@type":"WebPage","@id":"https:\/\/energyrates.ca\/fr\/quebec\/services-delectricite-et-de-gaz-naturel-a-montreal\/","url":"https:\/\/energyrates.ca\/fr\/quebec\/services-delectricite-et-de-gaz-naturel-a-montreal\/","name":"Services d\u2019\u00e9lectricit\u00e9 et de gaz naturel \u00e0 Montr\u00e9al &#8211; EnergyRates.ca","isPartOf":{"@id":"http:\/\/energyrates.ca\/fr\/#website"},"datePublished":"2019-12-20T17:54:32+00:00","dateModified":"2020-10-14T21:56:59+00:00","breadcrumb":{"@id":"https:\/\/energyrates.ca\/fr\/quebec\/services-delectricite-et-de-gaz-naturel-a-montreal\/#breadcrumb"},"inLanguage":"en-CA","potentialAction":[{"@type":"ReadAction","target":["https:\/\/energyrates.ca\/fr\/quebec\/services-delectricite-et-de-gaz-naturel-a-montreal\/"]}]},{"@type":"BreadcrumbList","@id":"https:\/\/energyrates.ca\/fr\/quebec\/services-delectricite-et-de-gaz-naturel-a-montreal\/#breadcrumb","itemListElement":[{"@type":"ListItem","position":1,"name":"Home","item":"http:\/\/energyrates.ca\/fr\/"},{"@type":"ListItem","position":2,"name":"Qu\u00e9bec","item":"http:\/\/energyrates.ca\/fr\/quebec\/"},{"@type":"ListItem","position":3,"name":"Services d\u2019\u00e9lectricit\u00e9 et de gaz naturel \u00e0 Montr\u00e9al"}]},{"@type":"WebSite","@id":"http:\/\/energyrates.ca\/fr\/#website","url":"http:\/\/energyrates.ca\/fr\/","name":"EnergyRates.ca","description":"Compare and Find the Lowest Energy Rates","publisher":{"@id":"http:\/\/energyrates.ca\/fr\/#organization"},"potentialAction":[{"@type":"SearchAction","target":{"@type":"EntryPoint","urlTemplate":"http:\/\/energyrates.ca\/fr\/?s={search_term_string}"},"query-input":{"@type":"PropertyValueSpecification","valueRequired":true,"valueName":"search_term_string"}}],"inLanguage":"en-CA"},{"@type":"Organization","@id":"http:\/\/energyrates.ca\/fr\/#organization","name":"EnergyRates.ca","url":"http:\/\/energyrates.ca\/fr\/","logo":{"@type":"ImageObject","inLanguage":"en-CA","@id":"http:\/\/energyrates.ca\/fr\/#\/schema\/logo\/image\/","url":"https:\/\/energyrates.ca\/wp-content\/uploads\/logo_energy_rates.svg","contentUrl":"https:\/\/energyrates.ca\/wp-content\/uploads\/logo_energy_rates.svg","width":356,"height":74,"caption":"EnergyRates.ca"},"image":{"@id":"http:\/\/energyrates.ca\/fr\/#\/schema\/logo\/image\/"}}]}},"_links":{"self":[{"href":"https:\/\/energyrates.ca\/fr\/wp-json\/wp\/v2\/pages\/4542","targetHints":{"allow":["GET"]}}],"collection":[{"href":"https:\/\/energyrates.ca\/fr\/wp-json\/wp\/v2\/pages"}],"about":[{"href":"https:\/\/energyrates.ca\/fr\/wp-json\/wp\/v2\/types\/page"}],"author":[{"embeddable":true,"href":"https:\/\/energyrates.ca\/fr\/wp-json\/wp\/v2\/users\/1"}],"replies":[{"embeddable":true,"href":"https:\/\/energyrates.ca\/fr\/wp-json\/wp\/v2\/comments?post=4542"}],"version-history":[{"count":0,"href":"https:\/\/energyrates.ca\/fr\/wp-json\/wp\/v2\/pages\/4542\/revisions"}],"up":[{"embeddable":true,"href":"https:\/\/energyrates.ca\/fr\/wp-json\/wp\/v2\/pages\/4544"}],"wp:attachment":[{"href":"https:\/\/energyrates.ca\/fr\/wp-json\/wp\/v2\/media?parent=4542"}],"curies":[{"name":"wp","href":"https:\/\/api.w.org\/{rel}","templated":true}]}}