{"id":4537,"date":"2019-12-20T11:38:41","date_gmt":"2019-12-20T18:38:41","guid":{"rendered":"https:\/\/stgpmmenergy.wpengine.com\/?page_id=4537"},"modified":"2020-10-14T15:52:10","modified_gmt":"2020-10-14T21:52:10","slug":"services-delectricite-et-de-gaz-naturel-a-sherbrooke","status":"publish","type":"page","link":"https:\/\/energyrates.ca\/fr\/quebec\/services-delectricite-et-de-gaz-naturel-a-sherbrooke\/","title":{"rendered":"Services d\u2019\u00e9lectricit\u00e9 et de gaz naturel \u00e0 Sherbrooke"},"content":{"rendered":"\n<p>Sherbrooke est le quatri\u00e8me plus grand centre urbain au <a href=\"\/?page_id=4544\">Qu\u00e9bec<\/a> avec 170&nbsp;000 citoyens. La vie quotidienne en ville et son \u00e9conomie repr\u00e9sentent ce qui se passe \u00e0 travers le Qu\u00e9bec&nbsp;: un m\u00e9lange du pass\u00e9 et du futur.<\/p>\n\n\n\n<p>On retrouve, dans sa r\u00e9gion m\u00e9tropolitaine, de multiples moulins, vignobles &nbsp;et immeubles datant de plusieurs si\u00e8cles, en plus d\u2019une vari\u00e9t\u00e9 d\u2019industries (secteur manufacturier, technologie de l\u2019information et laboratoires nanotechnologiques).<\/p>\n\n\n\n<p>Dans une ville si prosp\u00e8re, les m\u00e9nages et commerces sont constamment \u00e0 la recherche de fa\u00e7ons d\u2019\u00e9conomiser sur leurs factures de services \u00e9nerg\u00e9tiques. On remarque une corr\u00e9lation entre le d\u00e9veloppement de Sherbrooke et le co\u00fbt de la vie. C\u2019est pourquoi plusieurs consommateurs veulent diminuer les co\u00fbts de gaz naturel et d\u2019\u00e9lectricit\u00e9 avec l\u2019efficacit\u00e9 \u00e9nerg\u00e9tique ou la comparaison des tarifs \u00e9nerg\u00e9tiques.<\/p>\n\n\n\n<h2 class=\"wp-block-heading\">Gaz naturel \u00e0 Sherbrooke<\/h2>\n\n\n\n<p>\u00c0 Sherbrooke, tout consommateur a leur gaz naturel distribu\u00e9 par <a href=\"\/?page_id=4515\">\u00c9nergir<\/a>, le service provincial par d\u00e9faut. Toutefois, la libert\u00e9 de choisir le fournisseur de gaz naturel est permise gr\u00e2ce \u00e0 la d\u00e9r\u00e9glementation du march\u00e9.<\/p>\n\n\n\n<p>Les fournisseurs de gaz naturel dans la r\u00e9gion de Sherbrooke comprennent, sans toutefois s\u2019y limiter :<\/p>\n\n\n\n<ul class=\"wp-block-list\"><li><a href=\"\/?page_id=4524\">Access Gas<\/a><\/li><li><a href=\"\/?page_id=4525\">Active Business Services<\/a><\/li><li><a href=\"\/?page_id=4526\">Comsatec<\/a><\/li><li><a href=\"\/?page_id=4527\">Direct Energy<\/a><\/li><li><a href=\"\/?page_id=4528\">Hudson Energy<\/a><\/li><li><a href=\"\/?page_id=4529\">Just Energy<\/a><\/li><li><a href=\"\/?page_id=4530\">Summitt Energy<\/a><\/li><\/ul>\n\n\n\n<p><strong>Comparaison des tarifs de gaz naturel \u00e0 Sherbrooke:<\/strong> Avec <a href=\"https:\/\/energyrates.ca\/fr\/\">EnergyRates.ca<\/a>, il est possible de trouver un fournisseur de gaz naturel rentable pour votre r\u00e9sidence. Notre site Web offre un outil de comparaison gratuit et impartial qui liste les fournisseurs disponibles au Qu\u00e9bec, ainsi que leurs tarifs. Les clients commerciaux sont \u00e9ligibles \u00e0 une soumission gratuite et personnalis\u00e9e selon leur consommation d\u2019\u00e9nergie et des renseignements sur les choix possibles.<\/p>\n\n\n\n<h2 class=\"wp-block-heading\">\u00c9lectricit\u00e9 in Sherbrooke<\/h2>\n\n\n\n<p>Hydro-Sherbrooke, membre de l\u2019Association des redistributeurs d&#8217;\u00e9lectricit\u00e9 du Qu\u00e9bec (AREQ) est le distributeur et fournisseur d\u2019\u00e9lectricit\u00e9 dans la r\u00e9gion de Sherbrooke, ce qui veut dire que l\u2019entreprise redistribue <a href=\"\/?page_id=4520\">l\u2019\u00e9lectricit\u00e9 d\u2019Hydro-Qu\u00e9bec<\/a> \u00e0 ses clients. Sur leur site officiel, Hydro-Sherbrooke offre de multiples services en ligne (informations sur les pannes, conseils de s\u00e9curit\u00e9, efficacit\u00e9 \u00e9nerg\u00e9tique, acc\u00e8s aux factures d\u2019\u00e9lectricit\u00e9).<\/p>\n","protected":false},"excerpt":{"rendered":"<p>Sherbrooke est le quatri\u00e8me plus grand centre urbain au Qu\u00e9bec avec 170&nbsp;000 citoyens. La vie quotidienne en ville et son \u00e9conomie repr\u00e9sentent ce qui se passe \u00e0 travers le Qu\u00e9bec&nbsp;: un m\u00e9lange du pass\u00e9 et du futur. On retrouve, dans sa r\u00e9gion m\u00e9tropolitaine, de multiples moulins, vignobles &nbsp;et immeubles datant de plusieurs si\u00e8cles, en plus [&hellip;]<\/p>\n","protected":false},"author":1,"featured_media":0,"parent":4544,"menu_order":428,"comment_status":"closed","ping_status":"closed","template":"","meta":{"_acf_changed":false,"_genesis_hide_title":false,"_genesis_hide_breadcrumbs":false,"_genesis_hide_singular_image":false,"_genesis_hide_footer_widgets":false,"_genesis_custom_body_class":"","_genesis_custom_post_class":"","_genesis_layout":"","footnotes":""},"class_list":{"0":"post-4537","1":"page","2":"type-page","3":"status-publish","5":"entry"},"acf":[],"yoast_head":"<!-- This site is optimized with the Yoast SEO Premium plugin v27.2 (Yoast SEO v27.2) - https:\/\/yoast.com\/product\/yoast-seo-premium-wordpress\/ -->\n<title>Services d\u2019\u00e9lectricit\u00e9 et de gaz naturel \u00e0 Sherbrooke &#8211; EnergyRates.ca<\/title>\n<meta name=\"robots\" content=\"index, follow, max-snippet:-1, max-image-preview:large, max-video-preview:-1\" \/>\n<link rel=\"canonical\" href=\"https:\/\/energyrates.ca\/fr\/quebec\/services-delectricite-et-de-gaz-naturel-a-sherbrooke\/\" \/>\n<meta property=\"og:locale\" content=\"en_US\" \/>\n<meta property=\"og:type\" content=\"article\" \/>\n<meta property=\"og:title\" content=\"Services d\u2019\u00e9lectricit\u00e9 et de gaz naturel \u00e0 Sherbrooke\" \/>\n<meta property=\"og:description\" content=\"Sherbrooke est le quatri\u00e8me plus grand centre urbain au Qu\u00e9bec avec 170&nbsp;000 citoyens. La vie quotidienne en ville et son \u00e9conomie repr\u00e9sentent ce qui se passe \u00e0 travers le Qu\u00e9bec&nbsp;: un m\u00e9lange du pass\u00e9 et du futur. On retrouve, dans sa r\u00e9gion m\u00e9tropolitaine, de multiples moulins, vignobles &nbsp;et immeubles datant de plusieurs si\u00e8cles, en plus [&hellip;]\" \/>\n<meta property=\"og:url\" content=\"https:\/\/energyrates.ca\/fr\/quebec\/services-delectricite-et-de-gaz-naturel-a-sherbrooke\/\" \/>\n<meta property=\"og:site_name\" content=\"EnergyRates.ca\" \/>\n<meta property=\"article:modified_time\" content=\"2020-10-14T21:52:10+00:00\" \/>\n<meta name=\"twitter:card\" content=\"summary_large_image\" \/>\n<meta name=\"twitter:label1\" content=\"Est. reading time\" \/>\n\t<meta name=\"twitter:data1\" content=\"2 minutes\" \/>\n<script type=\"application\/ld+json\" class=\"yoast-schema-graph\">{\"@context\":\"https:\/\/schema.org\",\"@graph\":[{\"@type\":\"WebPage\",\"@id\":\"https:\/\/energyrates.ca\/fr\/quebec\/services-delectricite-et-de-gaz-naturel-a-sherbrooke\/\",\"url\":\"https:\/\/energyrates.ca\/fr\/quebec\/services-delectricite-et-de-gaz-naturel-a-sherbrooke\/\",\"name\":\"Services d\u2019\u00e9lectricit\u00e9 et de gaz naturel \u00e0 Sherbrooke &#8211; EnergyRates.ca\",\"isPartOf\":{\"@id\":\"http:\/\/energyrates.ca\/fr\/#website\"},\"datePublished\":\"2019-12-20T18:38:41+00:00\",\"dateModified\":\"2020-10-14T21:52:10+00:00\",\"breadcrumb\":{\"@id\":\"https:\/\/energyrates.ca\/fr\/quebec\/services-delectricite-et-de-gaz-naturel-a-sherbrooke\/#breadcrumb\"},\"inLanguage\":\"en-CA\",\"potentialAction\":[{\"@type\":\"ReadAction\",\"target\":[\"https:\/\/energyrates.ca\/fr\/quebec\/services-delectricite-et-de-gaz-naturel-a-sherbrooke\/\"]}]},{\"@type\":\"BreadcrumbList\",\"@id\":\"https:\/\/energyrates.ca\/fr\/quebec\/services-delectricite-et-de-gaz-naturel-a-sherbrooke\/#breadcrumb\",\"itemListElement\":[{\"@type\":\"ListItem\",\"position\":1,\"name\":\"Home\",\"item\":\"http:\/\/energyrates.ca\/fr\/\"},{\"@type\":\"ListItem\",\"position\":2,\"name\":\"Qu\u00e9bec\",\"item\":\"http:\/\/energyrates.ca\/fr\/quebec\/\"},{\"@type\":\"ListItem\",\"position\":3,\"name\":\"Services d\u2019\u00e9lectricit\u00e9 et de gaz naturel \u00e0 Sherbrooke\"}]},{\"@type\":\"WebSite\",\"@id\":\"http:\/\/energyrates.ca\/fr\/#website\",\"url\":\"http:\/\/energyrates.ca\/fr\/\",\"name\":\"EnergyRates.ca\",\"description\":\"Compare and Find the Lowest Energy Rates\",\"publisher\":{\"@id\":\"http:\/\/energyrates.ca\/fr\/#organization\"},\"potentialAction\":[{\"@type\":\"SearchAction\",\"target\":{\"@type\":\"EntryPoint\",\"urlTemplate\":\"http:\/\/energyrates.ca\/fr\/?s={search_term_string}\"},\"query-input\":{\"@type\":\"PropertyValueSpecification\",\"valueRequired\":true,\"valueName\":\"search_term_string\"}}],\"inLanguage\":\"en-CA\"},{\"@type\":\"Organization\",\"@id\":\"http:\/\/energyrates.ca\/fr\/#organization\",\"name\":\"EnergyRates.ca\",\"url\":\"http:\/\/energyrates.ca\/fr\/\",\"logo\":{\"@type\":\"ImageObject\",\"inLanguage\":\"en-CA\",\"@id\":\"http:\/\/energyrates.ca\/fr\/#\/schema\/logo\/image\/\",\"url\":\"https:\/\/energyrates.ca\/wp-content\/uploads\/logo_energy_rates.svg\",\"contentUrl\":\"https:\/\/energyrates.ca\/wp-content\/uploads\/logo_energy_rates.svg\",\"width\":356,\"height\":74,\"caption\":\"EnergyRates.ca\"},\"image\":{\"@id\":\"http:\/\/energyrates.ca\/fr\/#\/schema\/logo\/image\/\"}}]}<\/script>\n<!-- \/ Yoast SEO Premium plugin. -->","yoast_head_json":{"title":"Services d\u2019\u00e9lectricit\u00e9 et de gaz naturel \u00e0 Sherbrooke &#8211; EnergyRates.ca","robots":{"index":"index","follow":"follow","max-snippet":"max-snippet:-1","max-image-preview":"max-image-preview:large","max-video-preview":"max-video-preview:-1"},"canonical":"https:\/\/energyrates.ca\/fr\/quebec\/services-delectricite-et-de-gaz-naturel-a-sherbrooke\/","og_locale":"en_US","og_type":"article","og_title":"Services d\u2019\u00e9lectricit\u00e9 et de gaz naturel \u00e0 Sherbrooke","og_description":"Sherbrooke est le quatri\u00e8me plus grand centre urbain au Qu\u00e9bec avec 170&nbsp;000 citoyens. La vie quotidienne en ville et son \u00e9conomie repr\u00e9sentent ce qui se passe \u00e0 travers le Qu\u00e9bec&nbsp;: un m\u00e9lange du pass\u00e9 et du futur. On retrouve, dans sa r\u00e9gion m\u00e9tropolitaine, de multiples moulins, vignobles &nbsp;et immeubles datant de plusieurs si\u00e8cles, en plus [&hellip;]","og_url":"https:\/\/energyrates.ca\/fr\/quebec\/services-delectricite-et-de-gaz-naturel-a-sherbrooke\/","og_site_name":"EnergyRates.ca","article_modified_time":"2020-10-14T21:52:10+00:00","twitter_card":"summary_large_image","twitter_misc":{"Est. reading time":"2 minutes"},"schema":{"@context":"https:\/\/schema.org","@graph":[{"@type":"WebPage","@id":"https:\/\/energyrates.ca\/fr\/quebec\/services-delectricite-et-de-gaz-naturel-a-sherbrooke\/","url":"https:\/\/energyrates.ca\/fr\/quebec\/services-delectricite-et-de-gaz-naturel-a-sherbrooke\/","name":"Services d\u2019\u00e9lectricit\u00e9 et de gaz naturel \u00e0 Sherbrooke &#8211; EnergyRates.ca","isPartOf":{"@id":"http:\/\/energyrates.ca\/fr\/#website"},"datePublished":"2019-12-20T18:38:41+00:00","dateModified":"2020-10-14T21:52:10+00:00","breadcrumb":{"@id":"https:\/\/energyrates.ca\/fr\/quebec\/services-delectricite-et-de-gaz-naturel-a-sherbrooke\/#breadcrumb"},"inLanguage":"en-CA","potentialAction":[{"@type":"ReadAction","target":["https:\/\/energyrates.ca\/fr\/quebec\/services-delectricite-et-de-gaz-naturel-a-sherbrooke\/"]}]},{"@type":"BreadcrumbList","@id":"https:\/\/energyrates.ca\/fr\/quebec\/services-delectricite-et-de-gaz-naturel-a-sherbrooke\/#breadcrumb","itemListElement":[{"@type":"ListItem","position":1,"name":"Home","item":"http:\/\/energyrates.ca\/fr\/"},{"@type":"ListItem","position":2,"name":"Qu\u00e9bec","item":"http:\/\/energyrates.ca\/fr\/quebec\/"},{"@type":"ListItem","position":3,"name":"Services d\u2019\u00e9lectricit\u00e9 et de gaz naturel \u00e0 Sherbrooke"}]},{"@type":"WebSite","@id":"http:\/\/energyrates.ca\/fr\/#website","url":"http:\/\/energyrates.ca\/fr\/","name":"EnergyRates.ca","description":"Compare and Find the Lowest Energy Rates","publisher":{"@id":"http:\/\/energyrates.ca\/fr\/#organization"},"potentialAction":[{"@type":"SearchAction","target":{"@type":"EntryPoint","urlTemplate":"http:\/\/energyrates.ca\/fr\/?s={search_term_string}"},"query-input":{"@type":"PropertyValueSpecification","valueRequired":true,"valueName":"search_term_string"}}],"inLanguage":"en-CA"},{"@type":"Organization","@id":"http:\/\/energyrates.ca\/fr\/#organization","name":"EnergyRates.ca","url":"http:\/\/energyrates.ca\/fr\/","logo":{"@type":"ImageObject","inLanguage":"en-CA","@id":"http:\/\/energyrates.ca\/fr\/#\/schema\/logo\/image\/","url":"https:\/\/energyrates.ca\/wp-content\/uploads\/logo_energy_rates.svg","contentUrl":"https:\/\/energyrates.ca\/wp-content\/uploads\/logo_energy_rates.svg","width":356,"height":74,"caption":"EnergyRates.ca"},"image":{"@id":"http:\/\/energyrates.ca\/fr\/#\/schema\/logo\/image\/"}}]}},"_links":{"self":[{"href":"https:\/\/energyrates.ca\/fr\/wp-json\/wp\/v2\/pages\/4537","targetHints":{"allow":["GET"]}}],"collection":[{"href":"https:\/\/energyrates.ca\/fr\/wp-json\/wp\/v2\/pages"}],"about":[{"href":"https:\/\/energyrates.ca\/fr\/wp-json\/wp\/v2\/types\/page"}],"author":[{"embeddable":true,"href":"https:\/\/energyrates.ca\/fr\/wp-json\/wp\/v2\/users\/1"}],"replies":[{"embeddable":true,"href":"https:\/\/energyrates.ca\/fr\/wp-json\/wp\/v2\/comments?post=4537"}],"version-history":[{"count":0,"href":"https:\/\/energyrates.ca\/fr\/wp-json\/wp\/v2\/pages\/4537\/revisions"}],"up":[{"embeddable":true,"href":"https:\/\/energyrates.ca\/fr\/wp-json\/wp\/v2\/pages\/4544"}],"wp:attachment":[{"href":"https:\/\/energyrates.ca\/fr\/wp-json\/wp\/v2\/media?parent=4537"}],"curies":[{"name":"wp","href":"https:\/\/api.w.org\/{rel}","templated":true}]}}