{"id":4536,"date":"2019-12-20T12:25:51","date_gmt":"2019-12-20T19:25:51","guid":{"rendered":"https:\/\/stgpmmenergy.wpengine.com\/?page_id=4536"},"modified":"2020-10-14T15:51:29","modified_gmt":"2020-10-14T21:51:29","slug":"services-delectricite-et-de-gaz-naturel-a-amos","status":"publish","type":"page","link":"https:\/\/energyrates.ca\/fr\/quebec\/services-delectricite-et-de-gaz-naturel-a-amos\/","title":{"rendered":"Services d\u2019\u00e9lectricit\u00e9 et de gaz naturel \u00e0 Amos"},"content":{"rendered":"\n<p>La ville d\u2019Amos est une ville dans la r\u00e9gion nord-ouest du <a href=\"\/?page_id=4544\">Qu\u00e9bec<\/a>, aussi connue comme portail entre <a href=\"\/?page_id=4542\">Montr\u00e9al<\/a> et la r\u00e9gion nord de la province. Avec une population de 13&nbsp;000 personnes, la ville d\u2019Amos est connue pour le Refuge Pageau et le lac Castagnier, en plus d\u2019\u00eatre la ville principale sur la rivi\u00e8re Harricana.<\/p>\n\n\n\n<p>Comme dans la plupart des villes au Qu\u00e9bec, l\u2019\u00e9lectricit\u00e9 dans la ville d\u2019Amos est r\u00e9glement\u00e9e, ce qui n\u2019est pas le cas dans le march\u00e9 du gaz naturel pour r\u00e9sidences ou commerces. Apprenez-en plus sur le march\u00e9 \u00e9nerg\u00e9tique dans la ville d\u2019Amos, ainsi que comment \u00e9conomiser sur vos factures en comparant les fournisseurs d\u2019\u00e9nergie dans la r\u00e9gion.<\/p>\n\n\n\n<h2 class=\"wp-block-heading\">Tarifs de gaz naturel dans la ville d\u2019Amos<\/h2>\n\n\n\n<p><a href=\"\/?page_id=4515\">\u00c9nergir (auparavant Gaz M\u00e9tro)<\/a> est le distributeur de gaz naturel par d\u00e9faut \u00e0 Amos, une des raisons pourquoi son nom est sur toutes les factures de gaz naturel pour r\u00e9sidences ou commerces, peu importe le fournisseur. Toutefois, les consommateurs ont le privil\u00e8ge de choisir le fournisseur de gaz naturel.<\/p>\n\n\n\n<p><strong>Comparaison des tarifs de gaz naturel \u00e0 Amos : <\/strong>Nous retrouvons une vari\u00e9t\u00e9 de fournisseurs de gaz naturel au Qu\u00e9bec, ce qui peut confondre les consommateurs \u00e0 savoir lequel est le plus rentable selon leurs besoins. Solution ? <a href=\"https:\/\/energyrates.ca\/fr\/\">EnergyRates.ca<\/a>. Notre outil gratuit et impartial vous permet de comparer les fournisseurs et les tarifs de gaz naturel disponibles au Qu\u00e9bec.<\/p>\n\n\n\n<p>Pour les clients commerciaux ou industriels, vous pourriez obtenir une soumission gratuite et personnalis\u00e9e selon votre consommation d\u2019\u00e9nergie pour profiter des meilleurs plans \u00e9nerg\u00e9tiques au Qu\u00e9bec.<\/p>\n\n\n\n<p>Les fournisseurs de gaz naturel dans la r\u00e9gion d\u2019Amos comprennent, sans toutefois s\u2019y limiter :<\/p>\n\n\n\n<ul class=\"wp-block-list\"><li><a href=\"\/?page_id=4524\">Access Gas<\/a><\/li><li><a href=\"\/?page_id=4525\">Active Business Services<\/a><\/li><li><a href=\"\/?page_id=4526\">Comsatec<\/a><\/li><li><a href=\"\/?page_id=4527\">Direct Energy<\/a><\/li><li><a href=\"\/?page_id=4528\">Hudson Energy<\/a><\/li><li><a href=\"\/?page_id=4529\">Just Energy<\/a><\/li><li><a href=\"\/?page_id=4530\">Summitt Energy<\/a><\/li><\/ul>\n\n\n\n<h2 class=\"wp-block-heading\">\u00c9lectricit\u00e9 dans la ville d\u2018Amos <\/h2>\n\n\n\n<p>La Ville d\u2019Amos est membre de l\u2019Association des redistributeurs d&#8217;\u00e9lectricit\u00e9 du Qu\u00e9bec (AREQ), ce qui veut dire que la municipalit\u00e9 ach\u00e8te son \u00e9lectricit\u00e9 d\u2019Hydro-Qu\u00e9bec (distributeur principal d\u2019\u00e9lectricit\u00e9 dans la province) et le redistribue \u00e0 3&nbsp;000 r\u00e9sidences, commerces et sites industriels dans la ville d\u2019Amos.<\/p>\n","protected":false},"excerpt":{"rendered":"<p>La ville d\u2019Amos est une ville dans la r\u00e9gion nord-ouest du Qu\u00e9bec, aussi connue comme portail entre Montr\u00e9al et la r\u00e9gion nord de la province. Avec une population de 13&nbsp;000 personnes, la ville d\u2019Amos est connue pour le Refuge Pageau et le lac Castagnier, en plus d\u2019\u00eatre la ville principale sur la rivi\u00e8re Harricana. Comme [&hellip;]<\/p>\n","protected":false},"author":1,"featured_media":0,"parent":4544,"menu_order":448,"comment_status":"closed","ping_status":"closed","template":"","meta":{"_acf_changed":false,"_genesis_hide_title":false,"_genesis_hide_breadcrumbs":false,"_genesis_hide_singular_image":false,"_genesis_hide_footer_widgets":false,"_genesis_custom_body_class":"","_genesis_custom_post_class":"","_genesis_layout":"","footnotes":""},"class_list":{"0":"post-4536","1":"page","2":"type-page","3":"status-publish","5":"entry"},"acf":[],"yoast_head":"<!-- This site is optimized with the Yoast SEO Premium plugin v27.3 (Yoast SEO v27.3) - https:\/\/yoast.com\/product\/yoast-seo-premium-wordpress\/ -->\n<title>Services d\u2019\u00e9lectricit\u00e9 et de gaz naturel \u00e0 Amos &#8211; EnergyRates.ca<\/title>\n<meta name=\"robots\" content=\"index, follow, max-snippet:-1, max-image-preview:large, max-video-preview:-1\" \/>\n<link rel=\"canonical\" href=\"https:\/\/energyrates.ca\/fr\/quebec\/services-delectricite-et-de-gaz-naturel-a-amos\/\" \/>\n<meta property=\"og:locale\" content=\"en_US\" \/>\n<meta property=\"og:type\" content=\"article\" \/>\n<meta property=\"og:title\" content=\"Services d\u2019\u00e9lectricit\u00e9 et de gaz naturel \u00e0 Amos\" \/>\n<meta property=\"og:description\" content=\"La ville d\u2019Amos est une ville dans la r\u00e9gion nord-ouest du Qu\u00e9bec, aussi connue comme portail entre Montr\u00e9al et la r\u00e9gion nord de la province. Avec une population de 13&nbsp;000 personnes, la ville d\u2019Amos est connue pour le Refuge Pageau et le lac Castagnier, en plus d\u2019\u00eatre la ville principale sur la rivi\u00e8re Harricana. Comme [&hellip;]\" \/>\n<meta property=\"og:url\" content=\"https:\/\/energyrates.ca\/fr\/quebec\/services-delectricite-et-de-gaz-naturel-a-amos\/\" \/>\n<meta property=\"og:site_name\" content=\"EnergyRates.ca\" \/>\n<meta property=\"article:modified_time\" content=\"2020-10-14T21:51:29+00:00\" \/>\n<meta name=\"twitter:card\" content=\"summary_large_image\" \/>\n<meta name=\"twitter:label1\" content=\"Est. reading time\" \/>\n\t<meta name=\"twitter:data1\" content=\"2 minutes\" \/>\n<script type=\"application\/ld+json\" class=\"yoast-schema-graph\">{\"@context\":\"https:\\\/\\\/schema.org\",\"@graph\":[{\"@type\":\"WebPage\",\"@id\":\"https:\\\/\\\/energyrates.ca\\\/fr\\\/quebec\\\/services-delectricite-et-de-gaz-naturel-a-amos\\\/\",\"url\":\"https:\\\/\\\/energyrates.ca\\\/fr\\\/quebec\\\/services-delectricite-et-de-gaz-naturel-a-amos\\\/\",\"name\":\"Services d\u2019\u00e9lectricit\u00e9 et de gaz naturel \u00e0 Amos &#8211; EnergyRates.ca\",\"isPartOf\":{\"@id\":\"http:\\\/\\\/energyrates.ca\\\/fr\\\/#website\"},\"datePublished\":\"2019-12-20T19:25:51+00:00\",\"dateModified\":\"2020-10-14T21:51:29+00:00\",\"breadcrumb\":{\"@id\":\"https:\\\/\\\/energyrates.ca\\\/fr\\\/quebec\\\/services-delectricite-et-de-gaz-naturel-a-amos\\\/#breadcrumb\"},\"inLanguage\":\"en-CA\",\"potentialAction\":[{\"@type\":\"ReadAction\",\"target\":[\"https:\\\/\\\/energyrates.ca\\\/fr\\\/quebec\\\/services-delectricite-et-de-gaz-naturel-a-amos\\\/\"]}]},{\"@type\":\"BreadcrumbList\",\"@id\":\"https:\\\/\\\/energyrates.ca\\\/fr\\\/quebec\\\/services-delectricite-et-de-gaz-naturel-a-amos\\\/#breadcrumb\",\"itemListElement\":[{\"@type\":\"ListItem\",\"position\":1,\"name\":\"Home\",\"item\":\"http:\\\/\\\/energyrates.ca\\\/fr\\\/\"},{\"@type\":\"ListItem\",\"position\":2,\"name\":\"Qu\u00e9bec\",\"item\":\"http:\\\/\\\/energyrates.ca\\\/fr\\\/quebec\\\/\"},{\"@type\":\"ListItem\",\"position\":3,\"name\":\"Services d\u2019\u00e9lectricit\u00e9 et de gaz naturel \u00e0 Amos\"}]},{\"@type\":\"WebSite\",\"@id\":\"http:\\\/\\\/energyrates.ca\\\/fr\\\/#website\",\"url\":\"http:\\\/\\\/energyrates.ca\\\/fr\\\/\",\"name\":\"EnergyRates.ca\",\"description\":\"Compare and Find the Lowest Energy Rates\",\"publisher\":{\"@id\":\"http:\\\/\\\/energyrates.ca\\\/fr\\\/#organization\"},\"potentialAction\":[{\"@type\":\"SearchAction\",\"target\":{\"@type\":\"EntryPoint\",\"urlTemplate\":\"http:\\\/\\\/energyrates.ca\\\/fr\\\/?s={search_term_string}\"},\"query-input\":{\"@type\":\"PropertyValueSpecification\",\"valueRequired\":true,\"valueName\":\"search_term_string\"}}],\"inLanguage\":\"en-CA\"},{\"@type\":\"Organization\",\"@id\":\"http:\\\/\\\/energyrates.ca\\\/fr\\\/#organization\",\"name\":\"EnergyRates.ca\",\"url\":\"http:\\\/\\\/energyrates.ca\\\/fr\\\/\",\"logo\":{\"@type\":\"ImageObject\",\"inLanguage\":\"en-CA\",\"@id\":\"http:\\\/\\\/energyrates.ca\\\/fr\\\/#\\\/schema\\\/logo\\\/image\\\/\",\"url\":\"https:\\\/\\\/energyrates.ca\\\/wp-content\\\/uploads\\\/logo_energy_rates.svg\",\"contentUrl\":\"https:\\\/\\\/energyrates.ca\\\/wp-content\\\/uploads\\\/logo_energy_rates.svg\",\"width\":356,\"height\":74,\"caption\":\"EnergyRates.ca\"},\"image\":{\"@id\":\"http:\\\/\\\/energyrates.ca\\\/fr\\\/#\\\/schema\\\/logo\\\/image\\\/\"}}]}<\/script>\n<!-- \/ Yoast SEO Premium plugin. -->","yoast_head_json":{"title":"Services d\u2019\u00e9lectricit\u00e9 et de gaz naturel \u00e0 Amos &#8211; EnergyRates.ca","robots":{"index":"index","follow":"follow","max-snippet":"max-snippet:-1","max-image-preview":"max-image-preview:large","max-video-preview":"max-video-preview:-1"},"canonical":"https:\/\/energyrates.ca\/fr\/quebec\/services-delectricite-et-de-gaz-naturel-a-amos\/","og_locale":"en_US","og_type":"article","og_title":"Services d\u2019\u00e9lectricit\u00e9 et de gaz naturel \u00e0 Amos","og_description":"La ville d\u2019Amos est une ville dans la r\u00e9gion nord-ouest du Qu\u00e9bec, aussi connue comme portail entre Montr\u00e9al et la r\u00e9gion nord de la province. Avec une population de 13&nbsp;000 personnes, la ville d\u2019Amos est connue pour le Refuge Pageau et le lac Castagnier, en plus d\u2019\u00eatre la ville principale sur la rivi\u00e8re Harricana. Comme [&hellip;]","og_url":"https:\/\/energyrates.ca\/fr\/quebec\/services-delectricite-et-de-gaz-naturel-a-amos\/","og_site_name":"EnergyRates.ca","article_modified_time":"2020-10-14T21:51:29+00:00","twitter_card":"summary_large_image","twitter_misc":{"Est. reading time":"2 minutes"},"schema":{"@context":"https:\/\/schema.org","@graph":[{"@type":"WebPage","@id":"https:\/\/energyrates.ca\/fr\/quebec\/services-delectricite-et-de-gaz-naturel-a-amos\/","url":"https:\/\/energyrates.ca\/fr\/quebec\/services-delectricite-et-de-gaz-naturel-a-amos\/","name":"Services d\u2019\u00e9lectricit\u00e9 et de gaz naturel \u00e0 Amos &#8211; EnergyRates.ca","isPartOf":{"@id":"http:\/\/energyrates.ca\/fr\/#website"},"datePublished":"2019-12-20T19:25:51+00:00","dateModified":"2020-10-14T21:51:29+00:00","breadcrumb":{"@id":"https:\/\/energyrates.ca\/fr\/quebec\/services-delectricite-et-de-gaz-naturel-a-amos\/#breadcrumb"},"inLanguage":"en-CA","potentialAction":[{"@type":"ReadAction","target":["https:\/\/energyrates.ca\/fr\/quebec\/services-delectricite-et-de-gaz-naturel-a-amos\/"]}]},{"@type":"BreadcrumbList","@id":"https:\/\/energyrates.ca\/fr\/quebec\/services-delectricite-et-de-gaz-naturel-a-amos\/#breadcrumb","itemListElement":[{"@type":"ListItem","position":1,"name":"Home","item":"http:\/\/energyrates.ca\/fr\/"},{"@type":"ListItem","position":2,"name":"Qu\u00e9bec","item":"http:\/\/energyrates.ca\/fr\/quebec\/"},{"@type":"ListItem","position":3,"name":"Services d\u2019\u00e9lectricit\u00e9 et de gaz naturel \u00e0 Amos"}]},{"@type":"WebSite","@id":"http:\/\/energyrates.ca\/fr\/#website","url":"http:\/\/energyrates.ca\/fr\/","name":"EnergyRates.ca","description":"Compare and Find the Lowest Energy Rates","publisher":{"@id":"http:\/\/energyrates.ca\/fr\/#organization"},"potentialAction":[{"@type":"SearchAction","target":{"@type":"EntryPoint","urlTemplate":"http:\/\/energyrates.ca\/fr\/?s={search_term_string}"},"query-input":{"@type":"PropertyValueSpecification","valueRequired":true,"valueName":"search_term_string"}}],"inLanguage":"en-CA"},{"@type":"Organization","@id":"http:\/\/energyrates.ca\/fr\/#organization","name":"EnergyRates.ca","url":"http:\/\/energyrates.ca\/fr\/","logo":{"@type":"ImageObject","inLanguage":"en-CA","@id":"http:\/\/energyrates.ca\/fr\/#\/schema\/logo\/image\/","url":"https:\/\/energyrates.ca\/wp-content\/uploads\/logo_energy_rates.svg","contentUrl":"https:\/\/energyrates.ca\/wp-content\/uploads\/logo_energy_rates.svg","width":356,"height":74,"caption":"EnergyRates.ca"},"image":{"@id":"http:\/\/energyrates.ca\/fr\/#\/schema\/logo\/image\/"}}]}},"_links":{"self":[{"href":"https:\/\/energyrates.ca\/fr\/wp-json\/wp\/v2\/pages\/4536","targetHints":{"allow":["GET"]}}],"collection":[{"href":"https:\/\/energyrates.ca\/fr\/wp-json\/wp\/v2\/pages"}],"about":[{"href":"https:\/\/energyrates.ca\/fr\/wp-json\/wp\/v2\/types\/page"}],"author":[{"embeddable":true,"href":"https:\/\/energyrates.ca\/fr\/wp-json\/wp\/v2\/users\/1"}],"replies":[{"embeddable":true,"href":"https:\/\/energyrates.ca\/fr\/wp-json\/wp\/v2\/comments?post=4536"}],"version-history":[{"count":0,"href":"https:\/\/energyrates.ca\/fr\/wp-json\/wp\/v2\/pages\/4536\/revisions"}],"up":[{"embeddable":true,"href":"https:\/\/energyrates.ca\/fr\/wp-json\/wp\/v2\/pages\/4544"}],"wp:attachment":[{"href":"https:\/\/energyrates.ca\/fr\/wp-json\/wp\/v2\/media?parent=4536"}],"curies":[{"name":"wp","href":"https:\/\/api.w.org\/{rel}","templated":true}]}}