{"id":4535,"date":"2019-12-20T12:01:40","date_gmt":"2019-12-20T19:01:40","guid":{"rendered":"https:\/\/stgpmmenergy.wpengine.com\/?page_id=4535"},"modified":"2020-10-14T15:50:54","modified_gmt":"2020-10-14T21:50:54","slug":"services-delectricite-et-de-gaz-naturel-a-westmount","status":"publish","type":"page","link":"https:\/\/energyrates.ca\/fr\/quebec\/services-delectricite-et-de-gaz-naturel-a-westmount\/","title":{"rendered":"Services d\u2019\u00e9lectricit\u00e9 et de gaz naturel \u00e0 Westmount"},"content":{"rendered":"\n<p>La ville de Westmount est une ville dans <a href=\"\/?page_id=4542\">la r\u00e9gion de Montr\u00e9al<\/a>. Selon le minist\u00e8re des Affaires municipales et de l\u2019Occupation du territoire du Qu\u00e9bec, la population monte \u00e0 21&nbsp;000 personnes. Westmount profite de l\u2019atmosph\u00e8re paisible, mais vibrante de la r\u00e9gion m\u00e9tropolitaine.<\/p>\n\n\n\n<p>La proximit\u00e9 g\u00e9ographique vers la ville de Montr\u00e9al apporte ces multiples opportunit\u00e9s \u00e0 comparer les tarifs \u00e9nerg\u00e9tiques et profiter des meilleurs plans de gaz naturel, sp\u00e9cialement pour les commerces locaux. La plupart des fournisseurs de gaz naturel au <a href=\"\/?page_id=4544\">Qu\u00e9bec<\/a> sont disponibles dans la r\u00e9gion de Westmount, ce qui augmente vos chances de recevoir le plan le plus rentable pour votre r\u00e9sidence ou commerce.<\/p>\n\n\n\n<p>R\u00e9f\u00e9rez-vous ci-dessous pour comprendre le march\u00e9 de gaz naturel \u00e0 Westmount et d\u00e9couvrir des moyens pour r\u00e9duire les co\u00fbts de services \u00e9nerg\u00e9tiques.<\/p>\n\n\n\n<h2 class=\"wp-block-heading\">Gaz naturel \u00e0 Westmount<\/h2>\n\n\n\n<p><a href=\"\/?page_id=4515\">\u00c9nergir (auparavant Gaz M\u00e9tro)<\/a> est le distributeur par d\u00e9faut de gaz naturel \u00e0 Westmount. Toutefois, les citoyens ont la libert\u00e9 de choisir son fournisseur.<\/p>\n\n\n\n<p>Les fournisseurs de gaz naturel dans la r\u00e9gion de Westmount comprennent, sans toutefois s\u2019y limiter :<\/p>\n\n\n\n<ul class=\"wp-block-list\"><li><a href=\"\/?page_id=4524\">Access Gas<\/a><\/li><li><a href=\"\/?page_id=4525\">Active Business Services<\/a><\/li><li><a href=\"\/?page_id=4526\">Comsatec<\/a><\/li><li><a href=\"\/?page_id=4527\">Direct Energy<\/a><\/li><li><a href=\"\/?page_id=4528\">Hudson Energy<\/a><\/li><li><a href=\"\/?page_id=4529\">Just Energy<\/a><\/li><li><a href=\"\/?page_id=4530\">Summitt Energy<\/a><\/li><\/ul>\n\n\n\n<p><strong>Comparaison des tarifs de gaz naturel \u00e0 Westmount : <\/strong>Chez <a href=\"https:\/\/energyrates.ca\/fr\/\">EnergyRates.ca<\/a>, comparez les fournisseurs et ses tarifs de gaz naturel \u00e0 Westmount avec votre code postal. Client commercial ou industriel ? Vous \u00eates \u00e9ligible pour une soumission gratuite et personnalis\u00e9e selon votre consommation d\u2019\u00e9nergie.<\/p>\n\n\n\n<h2 class=\"wp-block-heading\">\u00c9lectricit\u00e9 \u00e0 Westmount<\/h2>\n\n\n\n<p>Le service d\u2019\u00e9lectricit\u00e9 \u00e0 Westmount, est r\u00e9glement\u00e9e par le service local, Hydro Westmount, dont ces tarifs sont approuv\u00e9s par la R\u00e9gie de l\u2019\u00e9nergie.<\/p>\n\n\n\n<p>En tant que membre de l\u2019Association des redistributeurs d&#8217;\u00e9lectricit\u00e9 du Qu\u00e9bec (AREQ), Hydro Westmount est responsable de maintenir le r\u00e9seau d\u2019\u00e9lectricit\u00e9, l\u2019\u00e9clairage des voies publiques et les feux de circulation, ainsi que le transport d\u2019\u00e9lectricit\u00e9 aux r\u00e9sidences et commerces dans la ville. Les citoyens de Westmount sont \u00e9ligibles \u00e0 la majorit\u00e9 des programmes d\u2019efficacit\u00e9 \u00e9nerg\u00e9tique d\u2019<a href=\"\/?page_id=4520\">Hydro-Qu\u00e9bec<\/a>, car Hydro Westmount est un redistributeur approuv\u00e9 par Hydro-Qu\u00e9bec.<\/p>\n","protected":false},"excerpt":{"rendered":"<p>La ville de Westmount est une ville dans la r\u00e9gion de Montr\u00e9al. Selon le minist\u00e8re des Affaires municipales et de l\u2019Occupation du territoire du Qu\u00e9bec, la population monte \u00e0 21&nbsp;000 personnes. Westmount profite de l\u2019atmosph\u00e8re paisible, mais vibrante de la r\u00e9gion m\u00e9tropolitaine. La proximit\u00e9 g\u00e9ographique vers la ville de Montr\u00e9al apporte ces multiples opportunit\u00e9s \u00e0 [&hellip;]<\/p>\n","protected":false},"author":1,"featured_media":0,"parent":4544,"menu_order":438,"comment_status":"closed","ping_status":"closed","template":"","meta":{"_acf_changed":false,"_genesis_hide_title":false,"_genesis_hide_breadcrumbs":false,"_genesis_hide_singular_image":false,"_genesis_hide_footer_widgets":false,"_genesis_custom_body_class":"","_genesis_custom_post_class":"","_genesis_layout":"","footnotes":""},"class_list":{"0":"post-4535","1":"page","2":"type-page","3":"status-publish","5":"entry"},"acf":[],"yoast_head":"<!-- This site is optimized with the Yoast SEO Premium plugin v27.2 (Yoast SEO v27.2) - https:\/\/yoast.com\/product\/yoast-seo-premium-wordpress\/ -->\n<title>Services d\u2019\u00e9lectricit\u00e9 et de gaz naturel \u00e0 Westmount &#8211; EnergyRates.ca<\/title>\n<meta name=\"robots\" content=\"index, follow, max-snippet:-1, max-image-preview:large, max-video-preview:-1\" \/>\n<link rel=\"canonical\" href=\"https:\/\/energyrates.ca\/fr\/quebec\/services-delectricite-et-de-gaz-naturel-a-westmount\/\" \/>\n<meta property=\"og:locale\" content=\"en_US\" \/>\n<meta property=\"og:type\" content=\"article\" \/>\n<meta property=\"og:title\" content=\"Services d\u2019\u00e9lectricit\u00e9 et de gaz naturel \u00e0 Westmount\" \/>\n<meta property=\"og:description\" content=\"La ville de Westmount est une ville dans la r\u00e9gion de Montr\u00e9al. Selon le minist\u00e8re des Affaires municipales et de l\u2019Occupation du territoire du Qu\u00e9bec, la population monte \u00e0 21&nbsp;000 personnes. Westmount profite de l\u2019atmosph\u00e8re paisible, mais vibrante de la r\u00e9gion m\u00e9tropolitaine. La proximit\u00e9 g\u00e9ographique vers la ville de Montr\u00e9al apporte ces multiples opportunit\u00e9s \u00e0 [&hellip;]\" \/>\n<meta property=\"og:url\" content=\"https:\/\/energyrates.ca\/fr\/quebec\/services-delectricite-et-de-gaz-naturel-a-westmount\/\" \/>\n<meta property=\"og:site_name\" content=\"EnergyRates.ca\" \/>\n<meta property=\"article:modified_time\" content=\"2020-10-14T21:50:54+00:00\" \/>\n<meta name=\"twitter:card\" content=\"summary_large_image\" \/>\n<meta name=\"twitter:label1\" content=\"Est. reading time\" \/>\n\t<meta name=\"twitter:data1\" content=\"2 minutes\" \/>\n<script type=\"application\/ld+json\" class=\"yoast-schema-graph\">{\"@context\":\"https:\/\/schema.org\",\"@graph\":[{\"@type\":\"WebPage\",\"@id\":\"https:\/\/energyrates.ca\/fr\/quebec\/services-delectricite-et-de-gaz-naturel-a-westmount\/\",\"url\":\"https:\/\/energyrates.ca\/fr\/quebec\/services-delectricite-et-de-gaz-naturel-a-westmount\/\",\"name\":\"Services d\u2019\u00e9lectricit\u00e9 et de gaz naturel \u00e0 Westmount &#8211; EnergyRates.ca\",\"isPartOf\":{\"@id\":\"http:\/\/energyrates.ca\/fr\/#website\"},\"datePublished\":\"2019-12-20T19:01:40+00:00\",\"dateModified\":\"2020-10-14T21:50:54+00:00\",\"breadcrumb\":{\"@id\":\"https:\/\/energyrates.ca\/fr\/quebec\/services-delectricite-et-de-gaz-naturel-a-westmount\/#breadcrumb\"},\"inLanguage\":\"en-CA\",\"potentialAction\":[{\"@type\":\"ReadAction\",\"target\":[\"https:\/\/energyrates.ca\/fr\/quebec\/services-delectricite-et-de-gaz-naturel-a-westmount\/\"]}]},{\"@type\":\"BreadcrumbList\",\"@id\":\"https:\/\/energyrates.ca\/fr\/quebec\/services-delectricite-et-de-gaz-naturel-a-westmount\/#breadcrumb\",\"itemListElement\":[{\"@type\":\"ListItem\",\"position\":1,\"name\":\"Home\",\"item\":\"http:\/\/energyrates.ca\/fr\/\"},{\"@type\":\"ListItem\",\"position\":2,\"name\":\"Qu\u00e9bec\",\"item\":\"http:\/\/energyrates.ca\/fr\/quebec\/\"},{\"@type\":\"ListItem\",\"position\":3,\"name\":\"Services d\u2019\u00e9lectricit\u00e9 et de gaz naturel \u00e0 Westmount\"}]},{\"@type\":\"WebSite\",\"@id\":\"http:\/\/energyrates.ca\/fr\/#website\",\"url\":\"http:\/\/energyrates.ca\/fr\/\",\"name\":\"EnergyRates.ca\",\"description\":\"Compare and Find the Lowest Energy Rates\",\"publisher\":{\"@id\":\"http:\/\/energyrates.ca\/fr\/#organization\"},\"potentialAction\":[{\"@type\":\"SearchAction\",\"target\":{\"@type\":\"EntryPoint\",\"urlTemplate\":\"http:\/\/energyrates.ca\/fr\/?s={search_term_string}\"},\"query-input\":{\"@type\":\"PropertyValueSpecification\",\"valueRequired\":true,\"valueName\":\"search_term_string\"}}],\"inLanguage\":\"en-CA\"},{\"@type\":\"Organization\",\"@id\":\"http:\/\/energyrates.ca\/fr\/#organization\",\"name\":\"EnergyRates.ca\",\"url\":\"http:\/\/energyrates.ca\/fr\/\",\"logo\":{\"@type\":\"ImageObject\",\"inLanguage\":\"en-CA\",\"@id\":\"http:\/\/energyrates.ca\/fr\/#\/schema\/logo\/image\/\",\"url\":\"https:\/\/energyrates.ca\/wp-content\/uploads\/logo_energy_rates.svg\",\"contentUrl\":\"https:\/\/energyrates.ca\/wp-content\/uploads\/logo_energy_rates.svg\",\"width\":356,\"height\":74,\"caption\":\"EnergyRates.ca\"},\"image\":{\"@id\":\"http:\/\/energyrates.ca\/fr\/#\/schema\/logo\/image\/\"}}]}<\/script>\n<!-- \/ Yoast SEO Premium plugin. -->","yoast_head_json":{"title":"Services d\u2019\u00e9lectricit\u00e9 et de gaz naturel \u00e0 Westmount &#8211; EnergyRates.ca","robots":{"index":"index","follow":"follow","max-snippet":"max-snippet:-1","max-image-preview":"max-image-preview:large","max-video-preview":"max-video-preview:-1"},"canonical":"https:\/\/energyrates.ca\/fr\/quebec\/services-delectricite-et-de-gaz-naturel-a-westmount\/","og_locale":"en_US","og_type":"article","og_title":"Services d\u2019\u00e9lectricit\u00e9 et de gaz naturel \u00e0 Westmount","og_description":"La ville de Westmount est une ville dans la r\u00e9gion de Montr\u00e9al. Selon le minist\u00e8re des Affaires municipales et de l\u2019Occupation du territoire du Qu\u00e9bec, la population monte \u00e0 21&nbsp;000 personnes. Westmount profite de l\u2019atmosph\u00e8re paisible, mais vibrante de la r\u00e9gion m\u00e9tropolitaine. La proximit\u00e9 g\u00e9ographique vers la ville de Montr\u00e9al apporte ces multiples opportunit\u00e9s \u00e0 [&hellip;]","og_url":"https:\/\/energyrates.ca\/fr\/quebec\/services-delectricite-et-de-gaz-naturel-a-westmount\/","og_site_name":"EnergyRates.ca","article_modified_time":"2020-10-14T21:50:54+00:00","twitter_card":"summary_large_image","twitter_misc":{"Est. reading time":"2 minutes"},"schema":{"@context":"https:\/\/schema.org","@graph":[{"@type":"WebPage","@id":"https:\/\/energyrates.ca\/fr\/quebec\/services-delectricite-et-de-gaz-naturel-a-westmount\/","url":"https:\/\/energyrates.ca\/fr\/quebec\/services-delectricite-et-de-gaz-naturel-a-westmount\/","name":"Services d\u2019\u00e9lectricit\u00e9 et de gaz naturel \u00e0 Westmount &#8211; EnergyRates.ca","isPartOf":{"@id":"http:\/\/energyrates.ca\/fr\/#website"},"datePublished":"2019-12-20T19:01:40+00:00","dateModified":"2020-10-14T21:50:54+00:00","breadcrumb":{"@id":"https:\/\/energyrates.ca\/fr\/quebec\/services-delectricite-et-de-gaz-naturel-a-westmount\/#breadcrumb"},"inLanguage":"en-CA","potentialAction":[{"@type":"ReadAction","target":["https:\/\/energyrates.ca\/fr\/quebec\/services-delectricite-et-de-gaz-naturel-a-westmount\/"]}]},{"@type":"BreadcrumbList","@id":"https:\/\/energyrates.ca\/fr\/quebec\/services-delectricite-et-de-gaz-naturel-a-westmount\/#breadcrumb","itemListElement":[{"@type":"ListItem","position":1,"name":"Home","item":"http:\/\/energyrates.ca\/fr\/"},{"@type":"ListItem","position":2,"name":"Qu\u00e9bec","item":"http:\/\/energyrates.ca\/fr\/quebec\/"},{"@type":"ListItem","position":3,"name":"Services d\u2019\u00e9lectricit\u00e9 et de gaz naturel \u00e0 Westmount"}]},{"@type":"WebSite","@id":"http:\/\/energyrates.ca\/fr\/#website","url":"http:\/\/energyrates.ca\/fr\/","name":"EnergyRates.ca","description":"Compare and Find the Lowest Energy Rates","publisher":{"@id":"http:\/\/energyrates.ca\/fr\/#organization"},"potentialAction":[{"@type":"SearchAction","target":{"@type":"EntryPoint","urlTemplate":"http:\/\/energyrates.ca\/fr\/?s={search_term_string}"},"query-input":{"@type":"PropertyValueSpecification","valueRequired":true,"valueName":"search_term_string"}}],"inLanguage":"en-CA"},{"@type":"Organization","@id":"http:\/\/energyrates.ca\/fr\/#organization","name":"EnergyRates.ca","url":"http:\/\/energyrates.ca\/fr\/","logo":{"@type":"ImageObject","inLanguage":"en-CA","@id":"http:\/\/energyrates.ca\/fr\/#\/schema\/logo\/image\/","url":"https:\/\/energyrates.ca\/wp-content\/uploads\/logo_energy_rates.svg","contentUrl":"https:\/\/energyrates.ca\/wp-content\/uploads\/logo_energy_rates.svg","width":356,"height":74,"caption":"EnergyRates.ca"},"image":{"@id":"http:\/\/energyrates.ca\/fr\/#\/schema\/logo\/image\/"}}]}},"_links":{"self":[{"href":"https:\/\/energyrates.ca\/fr\/wp-json\/wp\/v2\/pages\/4535","targetHints":{"allow":["GET"]}}],"collection":[{"href":"https:\/\/energyrates.ca\/fr\/wp-json\/wp\/v2\/pages"}],"about":[{"href":"https:\/\/energyrates.ca\/fr\/wp-json\/wp\/v2\/types\/page"}],"author":[{"embeddable":true,"href":"https:\/\/energyrates.ca\/fr\/wp-json\/wp\/v2\/users\/1"}],"replies":[{"embeddable":true,"href":"https:\/\/energyrates.ca\/fr\/wp-json\/wp\/v2\/comments?post=4535"}],"version-history":[{"count":0,"href":"https:\/\/energyrates.ca\/fr\/wp-json\/wp\/v2\/pages\/4535\/revisions"}],"up":[{"embeddable":true,"href":"https:\/\/energyrates.ca\/fr\/wp-json\/wp\/v2\/pages\/4544"}],"wp:attachment":[{"href":"https:\/\/energyrates.ca\/fr\/wp-json\/wp\/v2\/media?parent=4535"}],"curies":[{"name":"wp","href":"https:\/\/api.w.org\/{rel}","templated":true}]}}