{"id":4534,"date":"2019-12-20T12:21:20","date_gmt":"2019-12-20T19:21:20","guid":{"rendered":"https:\/\/stgpmmenergy.wpengine.com\/?page_id=4534"},"modified":"2020-10-14T15:47:01","modified_gmt":"2020-10-14T21:47:01","slug":"services-delectricite-et-de-gaz-naturel-a-alma","status":"publish","type":"page","link":"https:\/\/energyrates.ca\/fr\/quebec\/services-delectricite-et-de-gaz-naturel-a-alma\/","title":{"rendered":"Services d\u2019\u00e9lectricit\u00e9 et de gaz naturel \u00e0 Alma"},"content":{"rendered":"\n<p>Connue pour son hospitalit\u00e9, la ville d\u2019Alma compte 31&nbsp;000 citoyens et plusieurs points d\u2019int\u00e9r\u00eat dont le Coll\u00e8ge d&#8217;Alma, le V\u00e9loroute des Bleuets et l\u2019Odyss\u00e9e des B\u00e2tisseurs.<\/p>\n\n\n\n<p>Au d\u00e9but du 20<sup>e<\/sup> si\u00e8cle, Alma est devenue un carrefour industriel important au <a href=\"\/?page_id=4544\">Qu\u00e9bec<\/a> gr\u00e2ce \u00e0 ses projets hydro\u00e9lectrique. Depuis, la ville combine industrialisme et nature locale spectaculaire.<\/p>\n\n\n\n<p>Il n\u2019est pas rare que les citoyens soient confus sur les options \u00e9nerg\u00e9tiques dans la ville. Comme d\u2019autres municipalit\u00e9s similaires dans la province, la ville d\u2019Alma a un march\u00e9 \u00e9nerg\u00e9tique unique.<\/p>\n\n\n\n<h2 class=\"wp-block-heading\">Tarifs de gaz naturel dans la ville d\u2019Alma<\/h2>\n\n\n\n<p>Le march\u00e9 de gaz naturel dans la r\u00e9gion d\u2019Alma n\u2019est pas si simple \u00e0 comprendre. En effet, \u00c9nergir (auparavant Gaz M\u00e9tro) est le distributeur par d\u00e9faut, comme dans 98 % des cas au Qu\u00e9bec. Cependant, vous pouvez choisir un fournisseur de gaz naturel. Pour ce faire, comparez les tarifs disponibles et vous trouverez celui qui est parfait pour votre r\u00e9sidence ou commerce.<\/p>\n\n\n\n<p><strong>Comparaison des tarifs de gaz naturel \u00e0 Alma : <\/strong>Si vous ne savez pas o\u00f9 commercer, EnergyRates.ca pourrait vous aider. Notre outil gratuit et impartial liste les principaux fournisseurs de gaz naturel selon votre code postal, ce qui vous permet de trouver le meilleur tarif \u00e9nerg\u00e9tique.<\/p>\n\n\n\n<p>Dans le secteur commercial et industriel, <a href=\"https:\/\/energyrates.ca\/fr\/\">EnergyRates.ca<\/a> peut vous aider \u00e0 obtenir une soumission gratuite et personnalis\u00e9e selon votre consommation d\u2019\u00e9nergie, ce qui peut vous aider \u00e0 trouver le meilleur fournisseur de gaz naturel selon vos n\u00e9cessit\u00e9s ainsi que rendre les co\u00fbts d\u2019op\u00e9rations de votre commerce plus abordables.<\/p>\n\n\n\n<p>Les fournisseurs de gaz naturel dans la r\u00e9gion d\u2019Alma comprennent, sans toutefois s\u2019y limiter :<\/p>\n\n\n\n<ul class=\"wp-block-list\"><li><a href=\"\/?page_id=4524\">Access Gas<\/a><\/li><li><a href=\"\/?page_id=4525\">Active Business Services<\/a><\/li><li><a href=\"\/?page_id=4526\">Comsatec<\/a><\/li><li><a href=\"\/?page_id=4527\">Direct Energy<\/a><\/li><li><a href=\"\/?page_id=4528\">Hudson Energy<\/a><\/li><li><a href=\"\/?page_id=4529\">Just Energy<\/a><\/li><li><a href=\"\/?page_id=4530\">Summitt Energy<\/a><\/li><\/ul>\n\n\n\n<h2 class=\"wp-block-heading\">\u00c9lectricit\u00e9 dans la ville d\u2019Alma<\/h2>\n\n\n\n<p>\u00c9tant donn\u00e9 que le march\u00e9 d\u2019\u00e9lectricit\u00e9 est r\u00e9glement\u00e9 dans la province, la ville d\u2019Alma, service local de la ville et membre de l\u2019Association des redistributeurs d&#8217;\u00e9lectricit\u00e9 du Qu\u00e9bec (AREQ), redistribue l\u2019\u00e9lectricit\u00e9 d\u2019<a href=\"\/?page_id=4520\">Hydro-Qu\u00e9bec<\/a> vers ses clients r\u00e9sidentiels, commerciaux et industriels dans la r\u00e9gion.<\/p>\n","protected":false},"excerpt":{"rendered":"<p>Connue pour son hospitalit\u00e9, la ville d\u2019Alma compte 31&nbsp;000 citoyens et plusieurs points d\u2019int\u00e9r\u00eat dont le Coll\u00e8ge d&#8217;Alma, le V\u00e9loroute des Bleuets et l\u2019Odyss\u00e9e des B\u00e2tisseurs. Au d\u00e9but du 20e si\u00e8cle, Alma est devenue un carrefour industriel important au Qu\u00e9bec gr\u00e2ce \u00e0 ses projets hydro\u00e9lectrique. Depuis, la ville combine industrialisme et nature locale spectaculaire. Il [&hellip;]<\/p>\n","protected":false},"author":1,"featured_media":0,"parent":4544,"menu_order":446,"comment_status":"closed","ping_status":"closed","template":"","meta":{"_acf_changed":false,"_genesis_hide_title":false,"_genesis_hide_breadcrumbs":false,"_genesis_hide_singular_image":false,"_genesis_hide_footer_widgets":false,"_genesis_custom_body_class":"","_genesis_custom_post_class":"","_genesis_layout":"","footnotes":""},"class_list":{"0":"post-4534","1":"page","2":"type-page","3":"status-publish","5":"entry"},"acf":[],"yoast_head":"<!-- This site is optimized with the Yoast SEO Premium plugin v27.2 (Yoast SEO v27.2) - https:\/\/yoast.com\/product\/yoast-seo-premium-wordpress\/ -->\n<title>Services d\u2019\u00e9lectricit\u00e9 et de gaz naturel \u00e0 Alma &#8211; EnergyRates.ca<\/title>\n<meta name=\"robots\" content=\"index, follow, max-snippet:-1, max-image-preview:large, max-video-preview:-1\" \/>\n<link rel=\"canonical\" href=\"https:\/\/energyrates.ca\/fr\/quebec\/services-delectricite-et-de-gaz-naturel-a-alma\/\" \/>\n<meta property=\"og:locale\" content=\"en_US\" \/>\n<meta property=\"og:type\" content=\"article\" \/>\n<meta property=\"og:title\" content=\"Services d\u2019\u00e9lectricit\u00e9 et de gaz naturel \u00e0 Alma\" \/>\n<meta property=\"og:description\" content=\"Connue pour son hospitalit\u00e9, la ville d\u2019Alma compte 31&nbsp;000 citoyens et plusieurs points d\u2019int\u00e9r\u00eat dont le Coll\u00e8ge d&#8217;Alma, le V\u00e9loroute des Bleuets et l\u2019Odyss\u00e9e des B\u00e2tisseurs. Au d\u00e9but du 20e si\u00e8cle, Alma est devenue un carrefour industriel important au Qu\u00e9bec gr\u00e2ce \u00e0 ses projets hydro\u00e9lectrique. Depuis, la ville combine industrialisme et nature locale spectaculaire. Il [&hellip;]\" \/>\n<meta property=\"og:url\" content=\"https:\/\/energyrates.ca\/fr\/quebec\/services-delectricite-et-de-gaz-naturel-a-alma\/\" \/>\n<meta property=\"og:site_name\" content=\"EnergyRates.ca\" \/>\n<meta property=\"article:modified_time\" content=\"2020-10-14T21:47:01+00:00\" \/>\n<meta name=\"twitter:card\" content=\"summary_large_image\" \/>\n<meta name=\"twitter:label1\" content=\"Est. reading time\" \/>\n\t<meta name=\"twitter:data1\" content=\"2 minutes\" \/>\n<script type=\"application\/ld+json\" class=\"yoast-schema-graph\">{\"@context\":\"https:\/\/schema.org\",\"@graph\":[{\"@type\":\"WebPage\",\"@id\":\"https:\/\/energyrates.ca\/fr\/quebec\/services-delectricite-et-de-gaz-naturel-a-alma\/\",\"url\":\"https:\/\/energyrates.ca\/fr\/quebec\/services-delectricite-et-de-gaz-naturel-a-alma\/\",\"name\":\"Services d\u2019\u00e9lectricit\u00e9 et de gaz naturel \u00e0 Alma &#8211; EnergyRates.ca\",\"isPartOf\":{\"@id\":\"http:\/\/energyrates.ca\/fr\/#website\"},\"datePublished\":\"2019-12-20T19:21:20+00:00\",\"dateModified\":\"2020-10-14T21:47:01+00:00\",\"breadcrumb\":{\"@id\":\"https:\/\/energyrates.ca\/fr\/quebec\/services-delectricite-et-de-gaz-naturel-a-alma\/#breadcrumb\"},\"inLanguage\":\"en-CA\",\"potentialAction\":[{\"@type\":\"ReadAction\",\"target\":[\"https:\/\/energyrates.ca\/fr\/quebec\/services-delectricite-et-de-gaz-naturel-a-alma\/\"]}]},{\"@type\":\"BreadcrumbList\",\"@id\":\"https:\/\/energyrates.ca\/fr\/quebec\/services-delectricite-et-de-gaz-naturel-a-alma\/#breadcrumb\",\"itemListElement\":[{\"@type\":\"ListItem\",\"position\":1,\"name\":\"Home\",\"item\":\"http:\/\/energyrates.ca\/fr\/\"},{\"@type\":\"ListItem\",\"position\":2,\"name\":\"Qu\u00e9bec\",\"item\":\"http:\/\/energyrates.ca\/fr\/quebec\/\"},{\"@type\":\"ListItem\",\"position\":3,\"name\":\"Services d\u2019\u00e9lectricit\u00e9 et de gaz naturel \u00e0 Alma\"}]},{\"@type\":\"WebSite\",\"@id\":\"http:\/\/energyrates.ca\/fr\/#website\",\"url\":\"http:\/\/energyrates.ca\/fr\/\",\"name\":\"EnergyRates.ca\",\"description\":\"Compare and Find the Lowest Energy Rates\",\"publisher\":{\"@id\":\"http:\/\/energyrates.ca\/fr\/#organization\"},\"potentialAction\":[{\"@type\":\"SearchAction\",\"target\":{\"@type\":\"EntryPoint\",\"urlTemplate\":\"http:\/\/energyrates.ca\/fr\/?s={search_term_string}\"},\"query-input\":{\"@type\":\"PropertyValueSpecification\",\"valueRequired\":true,\"valueName\":\"search_term_string\"}}],\"inLanguage\":\"en-CA\"},{\"@type\":\"Organization\",\"@id\":\"http:\/\/energyrates.ca\/fr\/#organization\",\"name\":\"EnergyRates.ca\",\"url\":\"http:\/\/energyrates.ca\/fr\/\",\"logo\":{\"@type\":\"ImageObject\",\"inLanguage\":\"en-CA\",\"@id\":\"http:\/\/energyrates.ca\/fr\/#\/schema\/logo\/image\/\",\"url\":\"https:\/\/energyrates.ca\/wp-content\/uploads\/logo_energy_rates.svg\",\"contentUrl\":\"https:\/\/energyrates.ca\/wp-content\/uploads\/logo_energy_rates.svg\",\"width\":356,\"height\":74,\"caption\":\"EnergyRates.ca\"},\"image\":{\"@id\":\"http:\/\/energyrates.ca\/fr\/#\/schema\/logo\/image\/\"}}]}<\/script>\n<!-- \/ Yoast SEO Premium plugin. -->","yoast_head_json":{"title":"Services d\u2019\u00e9lectricit\u00e9 et de gaz naturel \u00e0 Alma &#8211; EnergyRates.ca","robots":{"index":"index","follow":"follow","max-snippet":"max-snippet:-1","max-image-preview":"max-image-preview:large","max-video-preview":"max-video-preview:-1"},"canonical":"https:\/\/energyrates.ca\/fr\/quebec\/services-delectricite-et-de-gaz-naturel-a-alma\/","og_locale":"en_US","og_type":"article","og_title":"Services d\u2019\u00e9lectricit\u00e9 et de gaz naturel \u00e0 Alma","og_description":"Connue pour son hospitalit\u00e9, la ville d\u2019Alma compte 31&nbsp;000 citoyens et plusieurs points d\u2019int\u00e9r\u00eat dont le Coll\u00e8ge d&#8217;Alma, le V\u00e9loroute des Bleuets et l\u2019Odyss\u00e9e des B\u00e2tisseurs. Au d\u00e9but du 20e si\u00e8cle, Alma est devenue un carrefour industriel important au Qu\u00e9bec gr\u00e2ce \u00e0 ses projets hydro\u00e9lectrique. Depuis, la ville combine industrialisme et nature locale spectaculaire. Il [&hellip;]","og_url":"https:\/\/energyrates.ca\/fr\/quebec\/services-delectricite-et-de-gaz-naturel-a-alma\/","og_site_name":"EnergyRates.ca","article_modified_time":"2020-10-14T21:47:01+00:00","twitter_card":"summary_large_image","twitter_misc":{"Est. reading time":"2 minutes"},"schema":{"@context":"https:\/\/schema.org","@graph":[{"@type":"WebPage","@id":"https:\/\/energyrates.ca\/fr\/quebec\/services-delectricite-et-de-gaz-naturel-a-alma\/","url":"https:\/\/energyrates.ca\/fr\/quebec\/services-delectricite-et-de-gaz-naturel-a-alma\/","name":"Services d\u2019\u00e9lectricit\u00e9 et de gaz naturel \u00e0 Alma &#8211; EnergyRates.ca","isPartOf":{"@id":"http:\/\/energyrates.ca\/fr\/#website"},"datePublished":"2019-12-20T19:21:20+00:00","dateModified":"2020-10-14T21:47:01+00:00","breadcrumb":{"@id":"https:\/\/energyrates.ca\/fr\/quebec\/services-delectricite-et-de-gaz-naturel-a-alma\/#breadcrumb"},"inLanguage":"en-CA","potentialAction":[{"@type":"ReadAction","target":["https:\/\/energyrates.ca\/fr\/quebec\/services-delectricite-et-de-gaz-naturel-a-alma\/"]}]},{"@type":"BreadcrumbList","@id":"https:\/\/energyrates.ca\/fr\/quebec\/services-delectricite-et-de-gaz-naturel-a-alma\/#breadcrumb","itemListElement":[{"@type":"ListItem","position":1,"name":"Home","item":"http:\/\/energyrates.ca\/fr\/"},{"@type":"ListItem","position":2,"name":"Qu\u00e9bec","item":"http:\/\/energyrates.ca\/fr\/quebec\/"},{"@type":"ListItem","position":3,"name":"Services d\u2019\u00e9lectricit\u00e9 et de gaz naturel \u00e0 Alma"}]},{"@type":"WebSite","@id":"http:\/\/energyrates.ca\/fr\/#website","url":"http:\/\/energyrates.ca\/fr\/","name":"EnergyRates.ca","description":"Compare and Find the Lowest Energy Rates","publisher":{"@id":"http:\/\/energyrates.ca\/fr\/#organization"},"potentialAction":[{"@type":"SearchAction","target":{"@type":"EntryPoint","urlTemplate":"http:\/\/energyrates.ca\/fr\/?s={search_term_string}"},"query-input":{"@type":"PropertyValueSpecification","valueRequired":true,"valueName":"search_term_string"}}],"inLanguage":"en-CA"},{"@type":"Organization","@id":"http:\/\/energyrates.ca\/fr\/#organization","name":"EnergyRates.ca","url":"http:\/\/energyrates.ca\/fr\/","logo":{"@type":"ImageObject","inLanguage":"en-CA","@id":"http:\/\/energyrates.ca\/fr\/#\/schema\/logo\/image\/","url":"https:\/\/energyrates.ca\/wp-content\/uploads\/logo_energy_rates.svg","contentUrl":"https:\/\/energyrates.ca\/wp-content\/uploads\/logo_energy_rates.svg","width":356,"height":74,"caption":"EnergyRates.ca"},"image":{"@id":"http:\/\/energyrates.ca\/fr\/#\/schema\/logo\/image\/"}}]}},"_links":{"self":[{"href":"https:\/\/energyrates.ca\/fr\/wp-json\/wp\/v2\/pages\/4534","targetHints":{"allow":["GET"]}}],"collection":[{"href":"https:\/\/energyrates.ca\/fr\/wp-json\/wp\/v2\/pages"}],"about":[{"href":"https:\/\/energyrates.ca\/fr\/wp-json\/wp\/v2\/types\/page"}],"author":[{"embeddable":true,"href":"https:\/\/energyrates.ca\/fr\/wp-json\/wp\/v2\/users\/1"}],"replies":[{"embeddable":true,"href":"https:\/\/energyrates.ca\/fr\/wp-json\/wp\/v2\/comments?post=4534"}],"version-history":[{"count":0,"href":"https:\/\/energyrates.ca\/fr\/wp-json\/wp\/v2\/pages\/4534\/revisions"}],"up":[{"embeddable":true,"href":"https:\/\/energyrates.ca\/fr\/wp-json\/wp\/v2\/pages\/4544"}],"wp:attachment":[{"href":"https:\/\/energyrates.ca\/fr\/wp-json\/wp\/v2\/media?parent=4534"}],"curies":[{"name":"wp","href":"https:\/\/api.w.org\/{rel}","templated":true}]}}