{"id":4532,"date":"2019-12-20T11:57:37","date_gmt":"2019-12-20T18:57:37","guid":{"rendered":"https:\/\/stgpmmenergy.wpengine.com\/?page_id=4532"},"modified":"2020-10-14T15:45:15","modified_gmt":"2020-10-14T21:45:15","slug":"services-delectricite-et-de-gaz-naturel-a-saint-jean-baptiste","status":"publish","type":"page","link":"https:\/\/energyrates.ca\/fr\/quebec\/services-delectricite-et-de-gaz-naturel-a-saint-jean-baptiste\/","title":{"rendered":"Services d\u2019\u00e9lectricit\u00e9 et de gaz naturel \u00e0 Saint-Jean-Baptiste"},"content":{"rendered":"\n<p>Saint-Jean-Baptiste est une municipalit\u00e9 dans la r\u00e9gion de la Mont\u00e9r\u00e9gie, situ\u00e9 dans le sud-est du <a href=\"\/?page_id=4544\">Qu\u00e9bec<\/a>. Avec une population de 3 200 personnes, l\u2019\u00e9conomie de la ville se relie \u00e9norm\u00e9ment \u00e0 l\u2019agriculture, incluant ses vergers de pommiers et, plus pr\u00e9cis\u00e9ment, ses vignobles.&nbsp;<\/p>\n\n\n\n<p>Depuis sa fondation en 1855, Saint-Jean-Baptiste est un des destinations de pr\u00e9dilection gr\u00e2ce \u00e0 ses aires de camping et sa nature vaste.<\/p>\n\n\n\n<p>Les citoyens de Saint-Jean-Baptiste re\u00e7oivent leur \u00e9lectricit\u00e9 par leur fournisseur locale&nbsp;: la Coop\u00e9rative r\u00e9gionale d&#8217;\u00e9lectricit\u00e9 de Saint-Jean-Baptiste-de-Rouville. Toutefois, les consommateurs de gaz naturel, peu importe la r\u00e9gion ou le secteur, peuvent choisir leur fournisseur.<\/p>\n\n\n\n<p><strong>Services \u00e0 Saint-Jean-Baptiste :<\/strong> Vous trouverez, ci-dessous, des renseignements sur les options offertes par la municipalit\u00e9 dans le march\u00e9 de l\u2019\u00e9lectricit\u00e9 et du gaz naturel.<\/p>\n\n\n\n<h2 class=\"wp-block-heading\">Tarifs de gaz naturel \u00e0 Saint-Jean-Baptiste<\/h2>\n\n\n\n<p>La ville de Saint-Jean-Baptiste, comme dans toute la province, a un march\u00e9 de gaz naturel d\u00e9r\u00e9glement\u00e9, ce qui donne la chance aux citoyens de choisir leur fournisseur. \u00c9nergir est le distributeur de gaz naturel par d\u00e9faut dans la majorit\u00e9 du Qu\u00e9bec, mais l\u2019entreprise ne couvre pas l\u2019entreposage et la vente du gaz naturel.<\/p>\n\n\n\n<p>En tant que consommateur, comment pouvons-nous trouver le fournisseur id\u00e9al de gaz naturel? Tout commence par la comparaison des tarifs \u00e9nerg\u00e9tiques au Qu\u00e9bec<\/p>\n\n\n\n<p><strong>Comparaison des tarifs \u00e9nerg\u00e9tiques \u00e0 Saint-Jean-Baptiste : <\/strong>Pour \u00e9conomiser votre temps et argent, <a href=\"https:\/\/energyrates.ca\/fr\/\">EnergyRates.ca<\/a> liste, selon votre code postal, les fournisseurs principaux de gaz naturel au Qu\u00e9bec, ainsi que leurs plans et tarifs. Notre outil vous permet de trouver le meilleur tarif pour votre r\u00e9sidence ou commerce pour que vous puissiez prendre la bonne d\u00e9cision en ce qui concerne vos co\u00fbts \u00e9nerg\u00e9tiques.<\/p>\n\n\n\n<p>Peu importe le secteur au Qu\u00e9bec (entreprise, site industriel), EnergyRates.ca permet aux consommateurs de soumettre une \u00e9valuation gratuite et personnalis\u00e9e selon sa consommation de gaz naturel.<\/p>\n\n\n\n<p>Les fournisseurs de gaz naturel dans la r\u00e9gion de Saint-Jean-Baptiste comprennent, sans toutefois s\u2019y limiter:<\/p>\n\n\n\n<ul class=\"wp-block-list\"><li><a href=\"\/?page_id=3381\">Access Gas<\/a><\/li><li><a href=\"\/?page_id=3383\">Active Business Services<\/a><\/li><li><a href=\"\/?page_id=3387\">Comsatec<\/a><\/li><li><a href=\"\/?page_id=3384\">Direct Energy<\/a><\/li><li><a href=\"\/?page_id=3385\">Hudson Energy<\/a><\/li><li><a href=\"\/?page_id=3378\">Just Energy<\/a><\/li><li><a href=\"\/?page_id=3386\">Summitt Energy<\/a><\/li><\/ul>\n\n\n\n<h2 class=\"wp-block-heading\">Coop\u00e9rative r\u00e9gionale d&#8217;\u00e9lectricit\u00e9 de Saint-Jean-Baptiste-de-Rouville<\/h2>\n\n\n\n<p>La Coop\u00e9rative r\u00e9gionale d&#8217;\u00e9lectricit\u00e9 de Saint-Jean-Baptiste-de-Rouville a \u00e9t\u00e9 fond\u00e9 en 1944, au moment o\u00f9 le Premier Ministre, Ad\u00e9lard Godbout, a rassembl\u00e9 46 communaut\u00e9s pour cr\u00e9er des coop\u00e9ratives d\u2019\u00e9lectricit\u00e9 pour offrir de l\u2019\u00e9nergie aux r\u00e9gions lointaines du Qu\u00e9bec, dont la Coop\u00e9rative r\u00e9gionale d&#8217;\u00e9lectricit\u00e9 de Saint-Jean-Baptiste-de-Rouville.<\/p>\n\n\n\n<p>Ces coop\u00e9ratives ont disparu au moment o\u00f9 <a href=\"\/?page_id=4520\">Hydro-Qu\u00e9bec<\/a> nationalise l\u2019\u00e9lectricit\u00e9 dans les ann\u00e9es 60, sauf pour la Coop\u00e9rative r\u00e9gionale d&#8217;\u00e9lectricit\u00e9 de Saint-Jean-Baptiste-de-Rouville.<\/p>\n\n\n\n<p>\u00c9tant le seul distributeur d\u2019\u00e9lectricit\u00e9 dans la r\u00e9gion, la coop\u00e9rative a les droits exclusifs de services d\u2019\u00e9lectricit\u00e9 dans les municipalit\u00e9s ci-dessous :<\/p>\n\n\n\n<ul class=\"wp-block-list\"><li>La Pr\u00e9sentation<\/li><li>Marieville<\/li><li>Mont-Saint-Gr\u00e9goire<\/li><li>Mont-Saint-Hilaire<\/li><li>Rougemont<\/li><li>Saint-Alexandre-d\u2019Iberville<\/li><li>Saint-Charles-sur-Richelieu<\/li><li>Saint-Damase<\/li><li>Sainte-Ang\u00e8le-de-Monnoir<\/li><li>Sainte-Brigide-d\u2019Iberville<\/li><li>Sainte-C\u00e9cile-de-Milton<\/li><li>Sainte-Madeleine<\/li><li>Sainte-Sabine<\/li><li>Saint-Jean-Baptiste<\/li><li>Saint-Mathias-sur-Richelieu<\/li><li>Saint-Pie<\/li><\/ul>\n","protected":false},"excerpt":{"rendered":"<p>Saint-Jean-Baptiste est une municipalit\u00e9 dans la r\u00e9gion de la Mont\u00e9r\u00e9gie, situ\u00e9 dans le sud-est du Qu\u00e9bec. Avec une population de 3 200 personnes, l\u2019\u00e9conomie de la ville se relie \u00e9norm\u00e9ment \u00e0 l\u2019agriculture, incluant ses vergers de pommiers et, plus pr\u00e9cis\u00e9ment, ses vignobles.&nbsp; Depuis sa fondation en 1855, Saint-Jean-Baptiste est un des destinations de pr\u00e9dilection gr\u00e2ce [&hellip;]<\/p>\n","protected":false},"author":1,"featured_media":0,"parent":4544,"menu_order":436,"comment_status":"closed","ping_status":"closed","template":"","meta":{"_acf_changed":false,"_genesis_hide_title":false,"_genesis_hide_breadcrumbs":false,"_genesis_hide_singular_image":false,"_genesis_hide_footer_widgets":false,"_genesis_custom_body_class":"","_genesis_custom_post_class":"","_genesis_layout":"","footnotes":""},"class_list":{"0":"post-4532","1":"page","2":"type-page","3":"status-publish","5":"entry"},"acf":[],"yoast_head":"<!-- This site is optimized with the Yoast SEO Premium plugin v27.2 (Yoast SEO v27.2) - https:\/\/yoast.com\/product\/yoast-seo-premium-wordpress\/ -->\n<title>Services d\u2019\u00e9lectricit\u00e9 et de gaz naturel \u00e0 Saint-Jean-Baptiste &#8211; EnergyRates.ca<\/title>\n<meta name=\"robots\" content=\"index, follow, max-snippet:-1, max-image-preview:large, max-video-preview:-1\" \/>\n<link rel=\"canonical\" href=\"https:\/\/energyrates.ca\/fr\/quebec\/services-delectricite-et-de-gaz-naturel-a-saint-jean-baptiste\/\" \/>\n<meta property=\"og:locale\" content=\"en_US\" \/>\n<meta property=\"og:type\" content=\"article\" \/>\n<meta property=\"og:title\" content=\"Services d\u2019\u00e9lectricit\u00e9 et de gaz naturel \u00e0 Saint-Jean-Baptiste\" \/>\n<meta property=\"og:description\" content=\"Saint-Jean-Baptiste est une municipalit\u00e9 dans la r\u00e9gion de la Mont\u00e9r\u00e9gie, situ\u00e9 dans le sud-est du Qu\u00e9bec. Avec une population de 3 200 personnes, l\u2019\u00e9conomie de la ville se relie \u00e9norm\u00e9ment \u00e0 l\u2019agriculture, incluant ses vergers de pommiers et, plus pr\u00e9cis\u00e9ment, ses vignobles.&nbsp; Depuis sa fondation en 1855, Saint-Jean-Baptiste est un des destinations de pr\u00e9dilection gr\u00e2ce [&hellip;]\" \/>\n<meta property=\"og:url\" content=\"https:\/\/energyrates.ca\/fr\/quebec\/services-delectricite-et-de-gaz-naturel-a-saint-jean-baptiste\/\" \/>\n<meta property=\"og:site_name\" content=\"EnergyRates.ca\" \/>\n<meta property=\"article:modified_time\" content=\"2020-10-14T21:45:15+00:00\" \/>\n<meta name=\"twitter:card\" content=\"summary_large_image\" \/>\n<meta name=\"twitter:label1\" content=\"Est. reading time\" \/>\n\t<meta name=\"twitter:data1\" content=\"2 minutes\" \/>\n<script type=\"application\/ld+json\" class=\"yoast-schema-graph\">{\"@context\":\"https:\/\/schema.org\",\"@graph\":[{\"@type\":\"WebPage\",\"@id\":\"https:\/\/energyrates.ca\/fr\/quebec\/services-delectricite-et-de-gaz-naturel-a-saint-jean-baptiste\/\",\"url\":\"https:\/\/energyrates.ca\/fr\/quebec\/services-delectricite-et-de-gaz-naturel-a-saint-jean-baptiste\/\",\"name\":\"Services d\u2019\u00e9lectricit\u00e9 et de gaz naturel \u00e0 Saint-Jean-Baptiste &#8211; EnergyRates.ca\",\"isPartOf\":{\"@id\":\"http:\/\/energyrates.ca\/fr\/#website\"},\"datePublished\":\"2019-12-20T18:57:37+00:00\",\"dateModified\":\"2020-10-14T21:45:15+00:00\",\"breadcrumb\":{\"@id\":\"https:\/\/energyrates.ca\/fr\/quebec\/services-delectricite-et-de-gaz-naturel-a-saint-jean-baptiste\/#breadcrumb\"},\"inLanguage\":\"en-CA\",\"potentialAction\":[{\"@type\":\"ReadAction\",\"target\":[\"https:\/\/energyrates.ca\/fr\/quebec\/services-delectricite-et-de-gaz-naturel-a-saint-jean-baptiste\/\"]}]},{\"@type\":\"BreadcrumbList\",\"@id\":\"https:\/\/energyrates.ca\/fr\/quebec\/services-delectricite-et-de-gaz-naturel-a-saint-jean-baptiste\/#breadcrumb\",\"itemListElement\":[{\"@type\":\"ListItem\",\"position\":1,\"name\":\"Home\",\"item\":\"http:\/\/energyrates.ca\/fr\/\"},{\"@type\":\"ListItem\",\"position\":2,\"name\":\"Qu\u00e9bec\",\"item\":\"http:\/\/energyrates.ca\/fr\/quebec\/\"},{\"@type\":\"ListItem\",\"position\":3,\"name\":\"Services d\u2019\u00e9lectricit\u00e9 et de gaz naturel \u00e0 Saint-Jean-Baptiste\"}]},{\"@type\":\"WebSite\",\"@id\":\"http:\/\/energyrates.ca\/fr\/#website\",\"url\":\"http:\/\/energyrates.ca\/fr\/\",\"name\":\"EnergyRates.ca\",\"description\":\"Compare and Find the Lowest Energy Rates\",\"publisher\":{\"@id\":\"http:\/\/energyrates.ca\/fr\/#organization\"},\"potentialAction\":[{\"@type\":\"SearchAction\",\"target\":{\"@type\":\"EntryPoint\",\"urlTemplate\":\"http:\/\/energyrates.ca\/fr\/?s={search_term_string}\"},\"query-input\":{\"@type\":\"PropertyValueSpecification\",\"valueRequired\":true,\"valueName\":\"search_term_string\"}}],\"inLanguage\":\"en-CA\"},{\"@type\":\"Organization\",\"@id\":\"http:\/\/energyrates.ca\/fr\/#organization\",\"name\":\"EnergyRates.ca\",\"url\":\"http:\/\/energyrates.ca\/fr\/\",\"logo\":{\"@type\":\"ImageObject\",\"inLanguage\":\"en-CA\",\"@id\":\"http:\/\/energyrates.ca\/fr\/#\/schema\/logo\/image\/\",\"url\":\"https:\/\/energyrates.ca\/wp-content\/uploads\/logo_energy_rates.svg\",\"contentUrl\":\"https:\/\/energyrates.ca\/wp-content\/uploads\/logo_energy_rates.svg\",\"width\":356,\"height\":74,\"caption\":\"EnergyRates.ca\"},\"image\":{\"@id\":\"http:\/\/energyrates.ca\/fr\/#\/schema\/logo\/image\/\"}}]}<\/script>\n<!-- \/ Yoast SEO Premium plugin. -->","yoast_head_json":{"title":"Services d\u2019\u00e9lectricit\u00e9 et de gaz naturel \u00e0 Saint-Jean-Baptiste &#8211; EnergyRates.ca","robots":{"index":"index","follow":"follow","max-snippet":"max-snippet:-1","max-image-preview":"max-image-preview:large","max-video-preview":"max-video-preview:-1"},"canonical":"https:\/\/energyrates.ca\/fr\/quebec\/services-delectricite-et-de-gaz-naturel-a-saint-jean-baptiste\/","og_locale":"en_US","og_type":"article","og_title":"Services d\u2019\u00e9lectricit\u00e9 et de gaz naturel \u00e0 Saint-Jean-Baptiste","og_description":"Saint-Jean-Baptiste est une municipalit\u00e9 dans la r\u00e9gion de la Mont\u00e9r\u00e9gie, situ\u00e9 dans le sud-est du Qu\u00e9bec. Avec une population de 3 200 personnes, l\u2019\u00e9conomie de la ville se relie \u00e9norm\u00e9ment \u00e0 l\u2019agriculture, incluant ses vergers de pommiers et, plus pr\u00e9cis\u00e9ment, ses vignobles.&nbsp; Depuis sa fondation en 1855, Saint-Jean-Baptiste est un des destinations de pr\u00e9dilection gr\u00e2ce [&hellip;]","og_url":"https:\/\/energyrates.ca\/fr\/quebec\/services-delectricite-et-de-gaz-naturel-a-saint-jean-baptiste\/","og_site_name":"EnergyRates.ca","article_modified_time":"2020-10-14T21:45:15+00:00","twitter_card":"summary_large_image","twitter_misc":{"Est. reading time":"2 minutes"},"schema":{"@context":"https:\/\/schema.org","@graph":[{"@type":"WebPage","@id":"https:\/\/energyrates.ca\/fr\/quebec\/services-delectricite-et-de-gaz-naturel-a-saint-jean-baptiste\/","url":"https:\/\/energyrates.ca\/fr\/quebec\/services-delectricite-et-de-gaz-naturel-a-saint-jean-baptiste\/","name":"Services d\u2019\u00e9lectricit\u00e9 et de gaz naturel \u00e0 Saint-Jean-Baptiste &#8211; EnergyRates.ca","isPartOf":{"@id":"http:\/\/energyrates.ca\/fr\/#website"},"datePublished":"2019-12-20T18:57:37+00:00","dateModified":"2020-10-14T21:45:15+00:00","breadcrumb":{"@id":"https:\/\/energyrates.ca\/fr\/quebec\/services-delectricite-et-de-gaz-naturel-a-saint-jean-baptiste\/#breadcrumb"},"inLanguage":"en-CA","potentialAction":[{"@type":"ReadAction","target":["https:\/\/energyrates.ca\/fr\/quebec\/services-delectricite-et-de-gaz-naturel-a-saint-jean-baptiste\/"]}]},{"@type":"BreadcrumbList","@id":"https:\/\/energyrates.ca\/fr\/quebec\/services-delectricite-et-de-gaz-naturel-a-saint-jean-baptiste\/#breadcrumb","itemListElement":[{"@type":"ListItem","position":1,"name":"Home","item":"http:\/\/energyrates.ca\/fr\/"},{"@type":"ListItem","position":2,"name":"Qu\u00e9bec","item":"http:\/\/energyrates.ca\/fr\/quebec\/"},{"@type":"ListItem","position":3,"name":"Services d\u2019\u00e9lectricit\u00e9 et de gaz naturel \u00e0 Saint-Jean-Baptiste"}]},{"@type":"WebSite","@id":"http:\/\/energyrates.ca\/fr\/#website","url":"http:\/\/energyrates.ca\/fr\/","name":"EnergyRates.ca","description":"Compare and Find the Lowest Energy Rates","publisher":{"@id":"http:\/\/energyrates.ca\/fr\/#organization"},"potentialAction":[{"@type":"SearchAction","target":{"@type":"EntryPoint","urlTemplate":"http:\/\/energyrates.ca\/fr\/?s={search_term_string}"},"query-input":{"@type":"PropertyValueSpecification","valueRequired":true,"valueName":"search_term_string"}}],"inLanguage":"en-CA"},{"@type":"Organization","@id":"http:\/\/energyrates.ca\/fr\/#organization","name":"EnergyRates.ca","url":"http:\/\/energyrates.ca\/fr\/","logo":{"@type":"ImageObject","inLanguage":"en-CA","@id":"http:\/\/energyrates.ca\/fr\/#\/schema\/logo\/image\/","url":"https:\/\/energyrates.ca\/wp-content\/uploads\/logo_energy_rates.svg","contentUrl":"https:\/\/energyrates.ca\/wp-content\/uploads\/logo_energy_rates.svg","width":356,"height":74,"caption":"EnergyRates.ca"},"image":{"@id":"http:\/\/energyrates.ca\/fr\/#\/schema\/logo\/image\/"}}]}},"_links":{"self":[{"href":"https:\/\/energyrates.ca\/fr\/wp-json\/wp\/v2\/pages\/4532","targetHints":{"allow":["GET"]}}],"collection":[{"href":"https:\/\/energyrates.ca\/fr\/wp-json\/wp\/v2\/pages"}],"about":[{"href":"https:\/\/energyrates.ca\/fr\/wp-json\/wp\/v2\/types\/page"}],"author":[{"embeddable":true,"href":"https:\/\/energyrates.ca\/fr\/wp-json\/wp\/v2\/users\/1"}],"replies":[{"embeddable":true,"href":"https:\/\/energyrates.ca\/fr\/wp-json\/wp\/v2\/comments?post=4532"}],"version-history":[{"count":0,"href":"https:\/\/energyrates.ca\/fr\/wp-json\/wp\/v2\/pages\/4532\/revisions"}],"up":[{"embeddable":true,"href":"https:\/\/energyrates.ca\/fr\/wp-json\/wp\/v2\/pages\/4544"}],"wp:attachment":[{"href":"https:\/\/energyrates.ca\/fr\/wp-json\/wp\/v2\/media?parent=4532"}],"curies":[{"name":"wp","href":"https:\/\/api.w.org\/{rel}","templated":true}]}}