{"id":4529,"date":"2019-12-20T13:29:11","date_gmt":"2019-12-20T20:29:11","guid":{"rendered":"https:\/\/stgpmmenergy.wpengine.com\/?page_id=4529"},"modified":"2020-10-14T15:42:01","modified_gmt":"2020-10-14T21:42:01","slug":"just-energy-quebec","status":"publish","type":"page","link":"https:\/\/energyrates.ca\/fr\/fournisseurs-de-gaz-naturel-au-quebec\/just-energy-quebec\/","title":{"rendered":"Just Energy Qu\u00e9bec"},"content":{"rendered":"\n<p>Just Energy est un fournisseur de gaz naturel qui se sp\u00e9cialise sur les consommateurs de plus de 7 500 m<sup>3<\/sup>. En plus d\u2019\u00eatre disponible au <a href=\"\/?page_id=4544\">Qu\u00e9bec<\/a>, Just Energy est accessible dans plus de 20 march\u00e9s, incluant de multiples territoires en Am\u00e9rique du Nord et dans le monde (Japon, Allemagne, Irlande).<\/p>\n\n\n\n<h2 class=\"wp-block-heading\">Plans de gaz naturel Just Energy<\/h2>\n\n\n\n<p>Comme le fait plusieurs autres fournisseurs, Just Energy offre <a href=\"\/?page_id=1348\">des plans de gaz naturel \u00e0 tarif fixe pour les clients int\u00e9ress\u00e9s \u00e0 un budget stable \u00e0 long terme<\/a>. \u00c0 noter que l\u2019entreprise n\u2019exp\u00e9die pas de factures s\u00e9par\u00e9es du distributeur par d\u00e9faut de gaz naturel (\u00c9nergir dans la majorit\u00e9 des cas). Donc, m\u00eame s\u2019il y a un changement de fournisseur, le client recevra ses factures du distributeur.&nbsp;<\/p>\n\n\n\n<h2 class=\"wp-block-heading\">Compte Just Energy <\/h2>\n\n\n\n<p>Les clients Just Energy qu\u00e9b\u00e9cois dans le secteur r\u00e9sidentiel ou commercial ont acc\u00e8s \u00e0 leurs factures en ligne gr\u00e2ce \u00e0 une plateforme disponible par l\u2019entreprise, incluant les paiements en ligne et l\u2019utilisation d\u2019autres services (signalement d\u2019urgence ou d\u2019une panne). Cet outil permet \u00e9galement d\u2019avoir acc\u00e8s \u00e0 une historique d\u00e9taill\u00e9e de la consommation d\u2019\u00e9nergie, \u00e0 un estimateur de factures et des conseils en mati\u00e8re d\u2019\u00e9conomie \u00e9nerg\u00e9tique.<\/p>\n","protected":false},"excerpt":{"rendered":"<p>Just Energy est un fournisseur de gaz naturel qui se sp\u00e9cialise sur les consommateurs de plus de 7 500 m3. En plus d\u2019\u00eatre disponible au Qu\u00e9bec, Just Energy est accessible dans plus de 20 march\u00e9s, incluant de multiples territoires en Am\u00e9rique du Nord et dans le monde (Japon, Allemagne, Irlande). Plans de gaz naturel Just [&hellip;]<\/p>\n","protected":false},"author":1,"featured_media":0,"parent":4543,"menu_order":454,"comment_status":"closed","ping_status":"closed","template":"","meta":{"_acf_changed":false,"_genesis_hide_title":false,"_genesis_hide_breadcrumbs":false,"_genesis_hide_singular_image":false,"_genesis_hide_footer_widgets":false,"_genesis_custom_body_class":"","_genesis_custom_post_class":"","_genesis_layout":"","footnotes":""},"class_list":{"0":"post-4529","1":"page","2":"type-page","3":"status-publish","5":"entry"},"acf":[],"yoast_head":"<!-- This site is optimized with the Yoast SEO Premium plugin v27.2 (Yoast SEO v27.2) - https:\/\/yoast.com\/product\/yoast-seo-premium-wordpress\/ -->\n<title>Just Energy Qu\u00e9bec &#8211; EnergyRates.ca<\/title>\n<meta name=\"robots\" content=\"index, follow, max-snippet:-1, max-image-preview:large, max-video-preview:-1\" \/>\n<link rel=\"canonical\" href=\"https:\/\/energyrates.ca\/fr\/fournisseurs-de-gaz-naturel-au-quebec\/just-energy-quebec\/\" \/>\n<meta property=\"og:locale\" content=\"en_US\" \/>\n<meta property=\"og:type\" content=\"article\" \/>\n<meta property=\"og:title\" content=\"Just Energy Qu\u00e9bec\" \/>\n<meta property=\"og:description\" content=\"Just Energy est un fournisseur de gaz naturel qui se sp\u00e9cialise sur les consommateurs de plus de 7 500 m3. En plus d\u2019\u00eatre disponible au Qu\u00e9bec, Just Energy est accessible dans plus de 20 march\u00e9s, incluant de multiples territoires en Am\u00e9rique du Nord et dans le monde (Japon, Allemagne, Irlande). Plans de gaz naturel Just [&hellip;]\" \/>\n<meta property=\"og:url\" content=\"https:\/\/energyrates.ca\/fr\/fournisseurs-de-gaz-naturel-au-quebec\/just-energy-quebec\/\" \/>\n<meta property=\"og:site_name\" content=\"EnergyRates.ca\" \/>\n<meta property=\"article:modified_time\" content=\"2020-10-14T21:42:01+00:00\" \/>\n<meta name=\"twitter:card\" content=\"summary_large_image\" \/>\n<meta name=\"twitter:label1\" content=\"Est. reading time\" \/>\n\t<meta name=\"twitter:data1\" content=\"1 minute\" \/>\n<script type=\"application\/ld+json\" class=\"yoast-schema-graph\">{\"@context\":\"https:\/\/schema.org\",\"@graph\":[{\"@type\":\"WebPage\",\"@id\":\"https:\/\/energyrates.ca\/fr\/fournisseurs-de-gaz-naturel-au-quebec\/just-energy-quebec\/\",\"url\":\"https:\/\/energyrates.ca\/fr\/fournisseurs-de-gaz-naturel-au-quebec\/just-energy-quebec\/\",\"name\":\"Just Energy Qu\u00e9bec &#8211; EnergyRates.ca\",\"isPartOf\":{\"@id\":\"http:\/\/energyrates.ca\/fr\/#website\"},\"datePublished\":\"2019-12-20T20:29:11+00:00\",\"dateModified\":\"2020-10-14T21:42:01+00:00\",\"breadcrumb\":{\"@id\":\"https:\/\/energyrates.ca\/fr\/fournisseurs-de-gaz-naturel-au-quebec\/just-energy-quebec\/#breadcrumb\"},\"inLanguage\":\"en-CA\",\"potentialAction\":[{\"@type\":\"ReadAction\",\"target\":[\"https:\/\/energyrates.ca\/fr\/fournisseurs-de-gaz-naturel-au-quebec\/just-energy-quebec\/\"]}]},{\"@type\":\"BreadcrumbList\",\"@id\":\"https:\/\/energyrates.ca\/fr\/fournisseurs-de-gaz-naturel-au-quebec\/just-energy-quebec\/#breadcrumb\",\"itemListElement\":[{\"@type\":\"ListItem\",\"position\":1,\"name\":\"Home\",\"item\":\"http:\/\/energyrates.ca\/fr\/\"},{\"@type\":\"ListItem\",\"position\":2,\"name\":\"Fournisseurs de gaz naturel au Qu\u00e9bec\",\"item\":\"http:\/\/energyrates.ca\/fr\/fournisseurs-de-gaz-naturel-au-quebec\/\"},{\"@type\":\"ListItem\",\"position\":3,\"name\":\"Just Energy Qu\u00e9bec\"}]},{\"@type\":\"WebSite\",\"@id\":\"http:\/\/energyrates.ca\/fr\/#website\",\"url\":\"http:\/\/energyrates.ca\/fr\/\",\"name\":\"EnergyRates.ca\",\"description\":\"Compare and Find the Lowest Energy Rates\",\"publisher\":{\"@id\":\"http:\/\/energyrates.ca\/fr\/#organization\"},\"potentialAction\":[{\"@type\":\"SearchAction\",\"target\":{\"@type\":\"EntryPoint\",\"urlTemplate\":\"http:\/\/energyrates.ca\/fr\/?s={search_term_string}\"},\"query-input\":{\"@type\":\"PropertyValueSpecification\",\"valueRequired\":true,\"valueName\":\"search_term_string\"}}],\"inLanguage\":\"en-CA\"},{\"@type\":\"Organization\",\"@id\":\"http:\/\/energyrates.ca\/fr\/#organization\",\"name\":\"EnergyRates.ca\",\"url\":\"http:\/\/energyrates.ca\/fr\/\",\"logo\":{\"@type\":\"ImageObject\",\"inLanguage\":\"en-CA\",\"@id\":\"http:\/\/energyrates.ca\/fr\/#\/schema\/logo\/image\/\",\"url\":\"https:\/\/energyrates.ca\/wp-content\/uploads\/logo_energy_rates.svg\",\"contentUrl\":\"https:\/\/energyrates.ca\/wp-content\/uploads\/logo_energy_rates.svg\",\"width\":356,\"height\":74,\"caption\":\"EnergyRates.ca\"},\"image\":{\"@id\":\"http:\/\/energyrates.ca\/fr\/#\/schema\/logo\/image\/\"}}]}<\/script>\n<!-- \/ Yoast SEO Premium plugin. -->","yoast_head_json":{"title":"Just Energy Qu\u00e9bec &#8211; EnergyRates.ca","robots":{"index":"index","follow":"follow","max-snippet":"max-snippet:-1","max-image-preview":"max-image-preview:large","max-video-preview":"max-video-preview:-1"},"canonical":"https:\/\/energyrates.ca\/fr\/fournisseurs-de-gaz-naturel-au-quebec\/just-energy-quebec\/","og_locale":"en_US","og_type":"article","og_title":"Just Energy Qu\u00e9bec","og_description":"Just Energy est un fournisseur de gaz naturel qui se sp\u00e9cialise sur les consommateurs de plus de 7 500 m3. En plus d\u2019\u00eatre disponible au Qu\u00e9bec, Just Energy est accessible dans plus de 20 march\u00e9s, incluant de multiples territoires en Am\u00e9rique du Nord et dans le monde (Japon, Allemagne, Irlande). Plans de gaz naturel Just [&hellip;]","og_url":"https:\/\/energyrates.ca\/fr\/fournisseurs-de-gaz-naturel-au-quebec\/just-energy-quebec\/","og_site_name":"EnergyRates.ca","article_modified_time":"2020-10-14T21:42:01+00:00","twitter_card":"summary_large_image","twitter_misc":{"Est. reading time":"1 minute"},"schema":{"@context":"https:\/\/schema.org","@graph":[{"@type":"WebPage","@id":"https:\/\/energyrates.ca\/fr\/fournisseurs-de-gaz-naturel-au-quebec\/just-energy-quebec\/","url":"https:\/\/energyrates.ca\/fr\/fournisseurs-de-gaz-naturel-au-quebec\/just-energy-quebec\/","name":"Just Energy Qu\u00e9bec &#8211; EnergyRates.ca","isPartOf":{"@id":"http:\/\/energyrates.ca\/fr\/#website"},"datePublished":"2019-12-20T20:29:11+00:00","dateModified":"2020-10-14T21:42:01+00:00","breadcrumb":{"@id":"https:\/\/energyrates.ca\/fr\/fournisseurs-de-gaz-naturel-au-quebec\/just-energy-quebec\/#breadcrumb"},"inLanguage":"en-CA","potentialAction":[{"@type":"ReadAction","target":["https:\/\/energyrates.ca\/fr\/fournisseurs-de-gaz-naturel-au-quebec\/just-energy-quebec\/"]}]},{"@type":"BreadcrumbList","@id":"https:\/\/energyrates.ca\/fr\/fournisseurs-de-gaz-naturel-au-quebec\/just-energy-quebec\/#breadcrumb","itemListElement":[{"@type":"ListItem","position":1,"name":"Home","item":"http:\/\/energyrates.ca\/fr\/"},{"@type":"ListItem","position":2,"name":"Fournisseurs de gaz naturel au Qu\u00e9bec","item":"http:\/\/energyrates.ca\/fr\/fournisseurs-de-gaz-naturel-au-quebec\/"},{"@type":"ListItem","position":3,"name":"Just Energy Qu\u00e9bec"}]},{"@type":"WebSite","@id":"http:\/\/energyrates.ca\/fr\/#website","url":"http:\/\/energyrates.ca\/fr\/","name":"EnergyRates.ca","description":"Compare and Find the Lowest Energy Rates","publisher":{"@id":"http:\/\/energyrates.ca\/fr\/#organization"},"potentialAction":[{"@type":"SearchAction","target":{"@type":"EntryPoint","urlTemplate":"http:\/\/energyrates.ca\/fr\/?s={search_term_string}"},"query-input":{"@type":"PropertyValueSpecification","valueRequired":true,"valueName":"search_term_string"}}],"inLanguage":"en-CA"},{"@type":"Organization","@id":"http:\/\/energyrates.ca\/fr\/#organization","name":"EnergyRates.ca","url":"http:\/\/energyrates.ca\/fr\/","logo":{"@type":"ImageObject","inLanguage":"en-CA","@id":"http:\/\/energyrates.ca\/fr\/#\/schema\/logo\/image\/","url":"https:\/\/energyrates.ca\/wp-content\/uploads\/logo_energy_rates.svg","contentUrl":"https:\/\/energyrates.ca\/wp-content\/uploads\/logo_energy_rates.svg","width":356,"height":74,"caption":"EnergyRates.ca"},"image":{"@id":"http:\/\/energyrates.ca\/fr\/#\/schema\/logo\/image\/"}}]}},"_links":{"self":[{"href":"https:\/\/energyrates.ca\/fr\/wp-json\/wp\/v2\/pages\/4529","targetHints":{"allow":["GET"]}}],"collection":[{"href":"https:\/\/energyrates.ca\/fr\/wp-json\/wp\/v2\/pages"}],"about":[{"href":"https:\/\/energyrates.ca\/fr\/wp-json\/wp\/v2\/types\/page"}],"author":[{"embeddable":true,"href":"https:\/\/energyrates.ca\/fr\/wp-json\/wp\/v2\/users\/1"}],"replies":[{"embeddable":true,"href":"https:\/\/energyrates.ca\/fr\/wp-json\/wp\/v2\/comments?post=4529"}],"version-history":[{"count":0,"href":"https:\/\/energyrates.ca\/fr\/wp-json\/wp\/v2\/pages\/4529\/revisions"}],"up":[{"embeddable":true,"href":"https:\/\/energyrates.ca\/fr\/wp-json\/wp\/v2\/pages\/4543"}],"wp:attachment":[{"href":"https:\/\/energyrates.ca\/fr\/wp-json\/wp\/v2\/media?parent=4529"}],"curies":[{"name":"wp","href":"https:\/\/api.w.org\/{rel}","templated":true}]}}