{"id":4528,"date":"2019-12-20T14:03:44","date_gmt":"2019-12-20T21:03:44","guid":{"rendered":"https:\/\/stgpmmenergy.wpengine.com\/?page_id=4528"},"modified":"2020-10-14T15:41:00","modified_gmt":"2020-10-14T21:41:00","slug":"hudson-energy-quebec","status":"publish","type":"page","link":"https:\/\/energyrates.ca\/fr\/fournisseurs-de-gaz-naturel-au-quebec\/hudson-energy-quebec\/","title":{"rendered":"Hudson Energy Qu\u00e9bec"},"content":{"rendered":"\n<p>Hudson Energy est un des plus grands fournisseurs d\u2019\u00e9nergies renouvelables, de gaz naturel et d\u2019\u00e9lectricit\u00e9 en Am\u00e9rique du Nord gr\u00e2ce \u00e0 un revenu annuel de 3 milliards $ et sa pr\u00e9sence dans 15 march\u00e9s. Fond\u00e9 \u00e0 New York en 2002, l\u2019entreprise s\u2019est depuis d\u00e9velopp\u00e9e sur d\u2019autres territoires aux \u00c9tats-Unis, comme l\u2019Illinois et le Texas. Au Qu\u00e9bec, Hudson Energy offre ses services de gaz naturel \u00e0 ses clients r\u00e9sidentiels et commerciaux gr\u00e2ce \u00e0 ses multiples plans.<\/p>\n\n\n\n<h2 class=\"wp-block-heading\">Plans de gaz naturel de Hudson Energy<\/h2>\n\n\n\n<p>Les consommateurs de gaz naturel et d\u2019\u00e9lectricit\u00e9 au Qu\u00e9bec, autant dans le secteur r\u00e9sidentiel ou commercial, peuvent choisir un des trois plans d\u2019Hudson Energy, o\u00f9 chacun focusse sur un type de consommateur d\u2019\u00e9nergie.<\/p>\n\n\n\n<p><strong>Tarif fixe : <\/strong>Ce plan est id\u00e9al pour les clients int\u00e9ress\u00e9s \u00e0 la pr\u00e9diction du tarif \u00e0 long terme. Que ce soit pour un an ou cinq ans, ce programme prot\u00e8ge le client du risque de la valeur marchande et rend son budget plus stable.<\/p>\n\n\n\n<p><strong>Tarif achat-vente index\u00e9 : <\/strong>Ce plan est unique en son genre, car il permet le client d\u2019acheter une portion du gaz naturel d\u2019Hudson Energy \u00e0 un tarif index\u00e9 et une autre portion d\u2019un fournisseur local. Le tarif achat-vente index\u00e9 prot\u00e8ge le client d\u2019une vuln\u00e9rabilit\u00e9 tout en d\u00e9montrant une flexibilit\u00e9 pour profiter de tarifs variables \u00e0 son plus bas.<\/p>\n\n\n\n<p><strong>\u00c9ligibilit\u00e9<\/strong> : Ce plan est disponible pour les clients qui consomment plus de 1 368 m<sup>3<\/sup> par ann\u00e9e dans le secteur commercial.<\/p>\n\n\n\n<p><strong>Tarif achat-vente fixe : <\/strong>Ce plan permet le client d\u2019acheter une portion du gaz naturel d\u2019Hudson Energy \u00e0 un taux fixe et une autre portion d\u2019un fournisseur local pour le prot\u00e8ge d\u2019une vuln\u00e9rabilit\u00e9 du march\u00e9.<\/p>\n\n\n\n<p><strong>\u00c9ligibilit\u00e9<\/strong> : Ce plan est disponible pour les clients qui consomment plus de 1 368 m<sup>3<\/sup> par ann\u00e9e dans le secteur commercial.<\/p>\n\n\n\n<h2 class=\"wp-block-heading\">Modes de paiement de Hudson Energy<\/h2>\n\n\n\n<p>Comme pr\u00e9cise le site Web d\u2019Hudson Energy, les clients paye la facture par carte de cr\u00e9dit ou par ch\u00e8que (courrier).<\/p>\n","protected":false},"excerpt":{"rendered":"<p>Hudson Energy est un des plus grands fournisseurs d\u2019\u00e9nergies renouvelables, de gaz naturel et d\u2019\u00e9lectricit\u00e9 en Am\u00e9rique du Nord gr\u00e2ce \u00e0 un revenu annuel de 3 milliards $ et sa pr\u00e9sence dans 15 march\u00e9s. Fond\u00e9 \u00e0 New York en 2002, l\u2019entreprise s\u2019est depuis d\u00e9velopp\u00e9e sur d\u2019autres territoires aux \u00c9tats-Unis, comme l\u2019Illinois et le Texas. Au [&hellip;]<\/p>\n","protected":false},"author":1,"featured_media":0,"parent":4543,"menu_order":466,"comment_status":"closed","ping_status":"closed","template":"","meta":{"_acf_changed":false,"_genesis_hide_title":false,"_genesis_hide_breadcrumbs":false,"_genesis_hide_singular_image":false,"_genesis_hide_footer_widgets":false,"_genesis_custom_body_class":"","_genesis_custom_post_class":"","_genesis_layout":"","footnotes":""},"class_list":{"0":"post-4528","1":"page","2":"type-page","3":"status-publish","5":"entry"},"acf":[],"yoast_head":"<!-- This site is optimized with the Yoast SEO Premium plugin v27.2 (Yoast SEO v27.2) - https:\/\/yoast.com\/product\/yoast-seo-premium-wordpress\/ -->\n<title>Hudson Energy Qu\u00e9bec &#8211; EnergyRates.ca<\/title>\n<meta name=\"robots\" content=\"index, follow, max-snippet:-1, max-image-preview:large, max-video-preview:-1\" \/>\n<link rel=\"canonical\" href=\"https:\/\/energyrates.ca\/fr\/fournisseurs-de-gaz-naturel-au-quebec\/hudson-energy-quebec\/\" \/>\n<meta property=\"og:locale\" content=\"en_US\" \/>\n<meta property=\"og:type\" content=\"article\" \/>\n<meta property=\"og:title\" content=\"Hudson Energy Qu\u00e9bec\" \/>\n<meta property=\"og:description\" content=\"Hudson Energy est un des plus grands fournisseurs d\u2019\u00e9nergies renouvelables, de gaz naturel et d\u2019\u00e9lectricit\u00e9 en Am\u00e9rique du Nord gr\u00e2ce \u00e0 un revenu annuel de 3 milliards $ et sa pr\u00e9sence dans 15 march\u00e9s. Fond\u00e9 \u00e0 New York en 2002, l\u2019entreprise s\u2019est depuis d\u00e9velopp\u00e9e sur d\u2019autres territoires aux \u00c9tats-Unis, comme l\u2019Illinois et le Texas. Au [&hellip;]\" \/>\n<meta property=\"og:url\" content=\"https:\/\/energyrates.ca\/fr\/fournisseurs-de-gaz-naturel-au-quebec\/hudson-energy-quebec\/\" \/>\n<meta property=\"og:site_name\" content=\"EnergyRates.ca\" \/>\n<meta property=\"article:modified_time\" content=\"2020-10-14T21:41:00+00:00\" \/>\n<meta name=\"twitter:card\" content=\"summary_large_image\" \/>\n<meta name=\"twitter:label1\" content=\"Est. reading time\" \/>\n\t<meta name=\"twitter:data1\" content=\"2 minutes\" \/>\n<script type=\"application\/ld+json\" class=\"yoast-schema-graph\">{\"@context\":\"https:\/\/schema.org\",\"@graph\":[{\"@type\":\"WebPage\",\"@id\":\"https:\/\/energyrates.ca\/fr\/fournisseurs-de-gaz-naturel-au-quebec\/hudson-energy-quebec\/\",\"url\":\"https:\/\/energyrates.ca\/fr\/fournisseurs-de-gaz-naturel-au-quebec\/hudson-energy-quebec\/\",\"name\":\"Hudson Energy Qu\u00e9bec &#8211; EnergyRates.ca\",\"isPartOf\":{\"@id\":\"http:\/\/energyrates.ca\/fr\/#website\"},\"datePublished\":\"2019-12-20T21:03:44+00:00\",\"dateModified\":\"2020-10-14T21:41:00+00:00\",\"breadcrumb\":{\"@id\":\"https:\/\/energyrates.ca\/fr\/fournisseurs-de-gaz-naturel-au-quebec\/hudson-energy-quebec\/#breadcrumb\"},\"inLanguage\":\"en-CA\",\"potentialAction\":[{\"@type\":\"ReadAction\",\"target\":[\"https:\/\/energyrates.ca\/fr\/fournisseurs-de-gaz-naturel-au-quebec\/hudson-energy-quebec\/\"]}]},{\"@type\":\"BreadcrumbList\",\"@id\":\"https:\/\/energyrates.ca\/fr\/fournisseurs-de-gaz-naturel-au-quebec\/hudson-energy-quebec\/#breadcrumb\",\"itemListElement\":[{\"@type\":\"ListItem\",\"position\":1,\"name\":\"Home\",\"item\":\"http:\/\/energyrates.ca\/fr\/\"},{\"@type\":\"ListItem\",\"position\":2,\"name\":\"Fournisseurs de gaz naturel au Qu\u00e9bec\",\"item\":\"http:\/\/energyrates.ca\/fr\/fournisseurs-de-gaz-naturel-au-quebec\/\"},{\"@type\":\"ListItem\",\"position\":3,\"name\":\"Hudson Energy Qu\u00e9bec\"}]},{\"@type\":\"WebSite\",\"@id\":\"http:\/\/energyrates.ca\/fr\/#website\",\"url\":\"http:\/\/energyrates.ca\/fr\/\",\"name\":\"EnergyRates.ca\",\"description\":\"Compare and Find the Lowest Energy Rates\",\"publisher\":{\"@id\":\"http:\/\/energyrates.ca\/fr\/#organization\"},\"potentialAction\":[{\"@type\":\"SearchAction\",\"target\":{\"@type\":\"EntryPoint\",\"urlTemplate\":\"http:\/\/energyrates.ca\/fr\/?s={search_term_string}\"},\"query-input\":{\"@type\":\"PropertyValueSpecification\",\"valueRequired\":true,\"valueName\":\"search_term_string\"}}],\"inLanguage\":\"en-CA\"},{\"@type\":\"Organization\",\"@id\":\"http:\/\/energyrates.ca\/fr\/#organization\",\"name\":\"EnergyRates.ca\",\"url\":\"http:\/\/energyrates.ca\/fr\/\",\"logo\":{\"@type\":\"ImageObject\",\"inLanguage\":\"en-CA\",\"@id\":\"http:\/\/energyrates.ca\/fr\/#\/schema\/logo\/image\/\",\"url\":\"https:\/\/energyrates.ca\/wp-content\/uploads\/logo_energy_rates.svg\",\"contentUrl\":\"https:\/\/energyrates.ca\/wp-content\/uploads\/logo_energy_rates.svg\",\"width\":356,\"height\":74,\"caption\":\"EnergyRates.ca\"},\"image\":{\"@id\":\"http:\/\/energyrates.ca\/fr\/#\/schema\/logo\/image\/\"}}]}<\/script>\n<!-- \/ Yoast SEO Premium plugin. -->","yoast_head_json":{"title":"Hudson Energy Qu\u00e9bec &#8211; EnergyRates.ca","robots":{"index":"index","follow":"follow","max-snippet":"max-snippet:-1","max-image-preview":"max-image-preview:large","max-video-preview":"max-video-preview:-1"},"canonical":"https:\/\/energyrates.ca\/fr\/fournisseurs-de-gaz-naturel-au-quebec\/hudson-energy-quebec\/","og_locale":"en_US","og_type":"article","og_title":"Hudson Energy Qu\u00e9bec","og_description":"Hudson Energy est un des plus grands fournisseurs d\u2019\u00e9nergies renouvelables, de gaz naturel et d\u2019\u00e9lectricit\u00e9 en Am\u00e9rique du Nord gr\u00e2ce \u00e0 un revenu annuel de 3 milliards $ et sa pr\u00e9sence dans 15 march\u00e9s. Fond\u00e9 \u00e0 New York en 2002, l\u2019entreprise s\u2019est depuis d\u00e9velopp\u00e9e sur d\u2019autres territoires aux \u00c9tats-Unis, comme l\u2019Illinois et le Texas. Au [&hellip;]","og_url":"https:\/\/energyrates.ca\/fr\/fournisseurs-de-gaz-naturel-au-quebec\/hudson-energy-quebec\/","og_site_name":"EnergyRates.ca","article_modified_time":"2020-10-14T21:41:00+00:00","twitter_card":"summary_large_image","twitter_misc":{"Est. reading time":"2 minutes"},"schema":{"@context":"https:\/\/schema.org","@graph":[{"@type":"WebPage","@id":"https:\/\/energyrates.ca\/fr\/fournisseurs-de-gaz-naturel-au-quebec\/hudson-energy-quebec\/","url":"https:\/\/energyrates.ca\/fr\/fournisseurs-de-gaz-naturel-au-quebec\/hudson-energy-quebec\/","name":"Hudson Energy Qu\u00e9bec &#8211; EnergyRates.ca","isPartOf":{"@id":"http:\/\/energyrates.ca\/fr\/#website"},"datePublished":"2019-12-20T21:03:44+00:00","dateModified":"2020-10-14T21:41:00+00:00","breadcrumb":{"@id":"https:\/\/energyrates.ca\/fr\/fournisseurs-de-gaz-naturel-au-quebec\/hudson-energy-quebec\/#breadcrumb"},"inLanguage":"en-CA","potentialAction":[{"@type":"ReadAction","target":["https:\/\/energyrates.ca\/fr\/fournisseurs-de-gaz-naturel-au-quebec\/hudson-energy-quebec\/"]}]},{"@type":"BreadcrumbList","@id":"https:\/\/energyrates.ca\/fr\/fournisseurs-de-gaz-naturel-au-quebec\/hudson-energy-quebec\/#breadcrumb","itemListElement":[{"@type":"ListItem","position":1,"name":"Home","item":"http:\/\/energyrates.ca\/fr\/"},{"@type":"ListItem","position":2,"name":"Fournisseurs de gaz naturel au Qu\u00e9bec","item":"http:\/\/energyrates.ca\/fr\/fournisseurs-de-gaz-naturel-au-quebec\/"},{"@type":"ListItem","position":3,"name":"Hudson Energy Qu\u00e9bec"}]},{"@type":"WebSite","@id":"http:\/\/energyrates.ca\/fr\/#website","url":"http:\/\/energyrates.ca\/fr\/","name":"EnergyRates.ca","description":"Compare and Find the Lowest Energy Rates","publisher":{"@id":"http:\/\/energyrates.ca\/fr\/#organization"},"potentialAction":[{"@type":"SearchAction","target":{"@type":"EntryPoint","urlTemplate":"http:\/\/energyrates.ca\/fr\/?s={search_term_string}"},"query-input":{"@type":"PropertyValueSpecification","valueRequired":true,"valueName":"search_term_string"}}],"inLanguage":"en-CA"},{"@type":"Organization","@id":"http:\/\/energyrates.ca\/fr\/#organization","name":"EnergyRates.ca","url":"http:\/\/energyrates.ca\/fr\/","logo":{"@type":"ImageObject","inLanguage":"en-CA","@id":"http:\/\/energyrates.ca\/fr\/#\/schema\/logo\/image\/","url":"https:\/\/energyrates.ca\/wp-content\/uploads\/logo_energy_rates.svg","contentUrl":"https:\/\/energyrates.ca\/wp-content\/uploads\/logo_energy_rates.svg","width":356,"height":74,"caption":"EnergyRates.ca"},"image":{"@id":"http:\/\/energyrates.ca\/fr\/#\/schema\/logo\/image\/"}}]}},"_links":{"self":[{"href":"https:\/\/energyrates.ca\/fr\/wp-json\/wp\/v2\/pages\/4528","targetHints":{"allow":["GET"]}}],"collection":[{"href":"https:\/\/energyrates.ca\/fr\/wp-json\/wp\/v2\/pages"}],"about":[{"href":"https:\/\/energyrates.ca\/fr\/wp-json\/wp\/v2\/types\/page"}],"author":[{"embeddable":true,"href":"https:\/\/energyrates.ca\/fr\/wp-json\/wp\/v2\/users\/1"}],"replies":[{"embeddable":true,"href":"https:\/\/energyrates.ca\/fr\/wp-json\/wp\/v2\/comments?post=4528"}],"version-history":[{"count":0,"href":"https:\/\/energyrates.ca\/fr\/wp-json\/wp\/v2\/pages\/4528\/revisions"}],"up":[{"embeddable":true,"href":"https:\/\/energyrates.ca\/fr\/wp-json\/wp\/v2\/pages\/4543"}],"wp:attachment":[{"href":"https:\/\/energyrates.ca\/fr\/wp-json\/wp\/v2\/media?parent=4528"}],"curies":[{"name":"wp","href":"https:\/\/api.w.org\/{rel}","templated":true}]}}