{"id":4527,"date":"2019-12-20T13:59:12","date_gmt":"2019-12-20T20:59:12","guid":{"rendered":"https:\/\/stgpmmenergy.wpengine.com\/?page_id=4527"},"modified":"2020-10-14T15:39:58","modified_gmt":"2020-10-14T21:39:58","slug":"direct-energy-quebec","status":"publish","type":"page","link":"https:\/\/energyrates.ca\/fr\/fournisseurs-de-gaz-naturel-au-quebec\/direct-energy-quebec\/","title":{"rendered":"Direct Energy Qu\u00e9bec"},"content":{"rendered":"\n<p>Direct Energy Business est un des plus grands fournisseurs de gaz naturel et d\u2019\u00e9lectricit\u00e9 en Am\u00e9rique du Nord avec 240 000 clients. Au <a href=\"\/?page_id=4544\">Qu\u00e9bec<\/a>, l\u2019entreprise compte une centaine de commerces de gaz naturel, petites ou grandes. D\u2019apr\u00e8s leur site Web, elle fournit 78% de l\u2019\u00e9nergie consomm\u00e9e par les commerces dans la liste \u00ab&nbsp;Fortune 100 \u00bb.<\/p>\n\n\n\n<p>En d\u00e9cembre 2017, Direct Energy Business ont fait les manchettes apr\u00e8s avoir \u00e9t\u00e9 nomm\u00e9 par le gouvernement canadien comme le nouveau fournisseur de gaz naturel pour la prochaine d\u00e9cennie chez certains minist\u00e8res du <a href=\"\/?page_id=1959\">Manitoba<\/a>, de l\u2019<a href=\"\/?page_id=1080\">Ontario<\/a>, du Qu\u00e9bec, de la Nouvelle-\u00c9cosse et du Nouveau-Brunswick (ex. Service correctionnel du Canada, D\u00e9fense nationale, Services publics et Approvisionnement Canada).<\/p>\n\n\n\n<p>\u00c9tant donn\u00e9 que le march\u00e9 de l\u2019\u00e9lectricit\u00e9 au Qu\u00e9bec est r\u00e9glement\u00e9, Direct Energy Business offre uniquement ses services en gaz naturel dans la province. L\u2019entreprise offre au moins cinq plans pour ses clients, que ce soit sur un taux fixe ou variable.<\/p>\n\n\n\n<h2 class=\"wp-block-heading\">Plans de gaz naturel de Direct Energy<\/h2>\n\n\n\n<p><strong>Quantit\u00e9 fixe : <\/strong>Ce plan permet aux entreprisesd\u2019\u00e9tablir un prix fixe par gigajoule (GJ) pour un pourcentage du gaz naturel. Les prix et quantit\u00e9s se basent sur l\u2019historique de son usage, ce qui permet de prot\u00e9ger le commerce de la volatilit\u00e9 du march\u00e9.<\/p>\n\n\n\n<p><strong>Prix S\u00e9curis\u00e9 : <\/strong>Ce plan est un produit \u00e0 taux fixe, ce qui permet de s\u00e9curiser les co\u00fbts possibles \u00e0 long terme.<\/p>\n\n\n\n<p><strong>Index :<\/strong> L\u2019index des prix de gaz naturel conviennent aux entreprises qui veulent profiter des taux variables, mais aussi de la pr\u00e9diction des taux fixes. Ce plan donne la flexibilit\u00e9 de profiter des taux variables et la possibilit\u00e9 de fixer un prix quand le march\u00e9 devient volatil.<\/p>\n\n\n\n<p><strong>Index avantageux :<\/strong> Ce plan prot\u00e8ge le client des fluctuations de prix pendant l\u2019hiver, au moment que la demande du gaz naturel, et son co\u00fbt, augmente. Au cours de cette saison, le client demande ce plan avec un prix fixe par GJ. De cette fa\u00e7on, il y aura un plafonnement du budget de gaz naturel au cours de sa consommation. <\/p>\n\n\n\n<p><strong>GasPortfolio\u00ae :<\/strong> Le but derri\u00e8re GasPortfolio est de fournir le commerce avec du gaz naturel quand aucun autre plan n\u2019est disponible. Ce plan est un programme personnalis\u00e9 selon les besoins et l\u2019historique de la consommation \u00e9nerg\u00e9tique. Il harmonise vos donn\u00e9es et l\u2019observation du march\u00e9 pour trouver la meilleure solution pour votre entreprise.<\/p>\n","protected":false},"excerpt":{"rendered":"<p>Direct Energy Business est un des plus grands fournisseurs de gaz naturel et d\u2019\u00e9lectricit\u00e9 en Am\u00e9rique du Nord avec 240 000 clients. Au Qu\u00e9bec, l\u2019entreprise compte une centaine de commerces de gaz naturel, petites ou grandes. D\u2019apr\u00e8s leur site Web, elle fournit 78% de l\u2019\u00e9nergie consomm\u00e9e par les commerces dans la liste \u00ab&nbsp;Fortune 100 \u00bb. [&hellip;]<\/p>\n","protected":false},"author":1,"featured_media":0,"parent":4543,"menu_order":464,"comment_status":"closed","ping_status":"closed","template":"","meta":{"_acf_changed":false,"_genesis_hide_title":false,"_genesis_hide_breadcrumbs":false,"_genesis_hide_singular_image":false,"_genesis_hide_footer_widgets":false,"_genesis_custom_body_class":"","_genesis_custom_post_class":"","_genesis_layout":"","footnotes":""},"class_list":{"0":"post-4527","1":"page","2":"type-page","3":"status-publish","5":"entry"},"acf":[],"yoast_head":"<!-- This site is optimized with the Yoast SEO Premium plugin v27.3 (Yoast SEO v27.3) - https:\/\/yoast.com\/product\/yoast-seo-premium-wordpress\/ -->\n<title>Direct Energy Qu\u00e9bec &#8211; EnergyRates.ca<\/title>\n<meta name=\"robots\" content=\"index, follow, max-snippet:-1, max-image-preview:large, max-video-preview:-1\" \/>\n<link rel=\"canonical\" href=\"https:\/\/energyrates.ca\/fr\/fournisseurs-de-gaz-naturel-au-quebec\/direct-energy-quebec\/\" \/>\n<meta property=\"og:locale\" content=\"en_US\" \/>\n<meta property=\"og:type\" content=\"article\" \/>\n<meta property=\"og:title\" content=\"Direct Energy Qu\u00e9bec\" \/>\n<meta property=\"og:description\" content=\"Direct Energy Business est un des plus grands fournisseurs de gaz naturel et d\u2019\u00e9lectricit\u00e9 en Am\u00e9rique du Nord avec 240 000 clients. Au Qu\u00e9bec, l\u2019entreprise compte une centaine de commerces de gaz naturel, petites ou grandes. D\u2019apr\u00e8s leur site Web, elle fournit 78% de l\u2019\u00e9nergie consomm\u00e9e par les commerces dans la liste \u00ab&nbsp;Fortune 100 \u00bb. [&hellip;]\" \/>\n<meta property=\"og:url\" content=\"https:\/\/energyrates.ca\/fr\/fournisseurs-de-gaz-naturel-au-quebec\/direct-energy-quebec\/\" \/>\n<meta property=\"og:site_name\" content=\"EnergyRates.ca\" \/>\n<meta property=\"article:modified_time\" content=\"2020-10-14T21:39:58+00:00\" \/>\n<meta name=\"twitter:card\" content=\"summary_large_image\" \/>\n<meta name=\"twitter:label1\" content=\"Est. reading time\" \/>\n\t<meta name=\"twitter:data1\" content=\"2 minutes\" \/>\n<script type=\"application\/ld+json\" class=\"yoast-schema-graph\">{\"@context\":\"https:\\\/\\\/schema.org\",\"@graph\":[{\"@type\":\"WebPage\",\"@id\":\"https:\\\/\\\/energyrates.ca\\\/fr\\\/fournisseurs-de-gaz-naturel-au-quebec\\\/direct-energy-quebec\\\/\",\"url\":\"https:\\\/\\\/energyrates.ca\\\/fr\\\/fournisseurs-de-gaz-naturel-au-quebec\\\/direct-energy-quebec\\\/\",\"name\":\"Direct Energy Qu\u00e9bec &#8211; EnergyRates.ca\",\"isPartOf\":{\"@id\":\"http:\\\/\\\/energyrates.ca\\\/fr\\\/#website\"},\"datePublished\":\"2019-12-20T20:59:12+00:00\",\"dateModified\":\"2020-10-14T21:39:58+00:00\",\"breadcrumb\":{\"@id\":\"https:\\\/\\\/energyrates.ca\\\/fr\\\/fournisseurs-de-gaz-naturel-au-quebec\\\/direct-energy-quebec\\\/#breadcrumb\"},\"inLanguage\":\"en-CA\",\"potentialAction\":[{\"@type\":\"ReadAction\",\"target\":[\"https:\\\/\\\/energyrates.ca\\\/fr\\\/fournisseurs-de-gaz-naturel-au-quebec\\\/direct-energy-quebec\\\/\"]}]},{\"@type\":\"BreadcrumbList\",\"@id\":\"https:\\\/\\\/energyrates.ca\\\/fr\\\/fournisseurs-de-gaz-naturel-au-quebec\\\/direct-energy-quebec\\\/#breadcrumb\",\"itemListElement\":[{\"@type\":\"ListItem\",\"position\":1,\"name\":\"Home\",\"item\":\"http:\\\/\\\/energyrates.ca\\\/fr\\\/\"},{\"@type\":\"ListItem\",\"position\":2,\"name\":\"Fournisseurs de gaz naturel au Qu\u00e9bec\",\"item\":\"http:\\\/\\\/energyrates.ca\\\/fr\\\/fournisseurs-de-gaz-naturel-au-quebec\\\/\"},{\"@type\":\"ListItem\",\"position\":3,\"name\":\"Direct Energy Qu\u00e9bec\"}]},{\"@type\":\"WebSite\",\"@id\":\"http:\\\/\\\/energyrates.ca\\\/fr\\\/#website\",\"url\":\"http:\\\/\\\/energyrates.ca\\\/fr\\\/\",\"name\":\"EnergyRates.ca\",\"description\":\"Compare and Find the Lowest Energy Rates\",\"publisher\":{\"@id\":\"http:\\\/\\\/energyrates.ca\\\/fr\\\/#organization\"},\"potentialAction\":[{\"@type\":\"SearchAction\",\"target\":{\"@type\":\"EntryPoint\",\"urlTemplate\":\"http:\\\/\\\/energyrates.ca\\\/fr\\\/?s={search_term_string}\"},\"query-input\":{\"@type\":\"PropertyValueSpecification\",\"valueRequired\":true,\"valueName\":\"search_term_string\"}}],\"inLanguage\":\"en-CA\"},{\"@type\":\"Organization\",\"@id\":\"http:\\\/\\\/energyrates.ca\\\/fr\\\/#organization\",\"name\":\"EnergyRates.ca\",\"url\":\"http:\\\/\\\/energyrates.ca\\\/fr\\\/\",\"logo\":{\"@type\":\"ImageObject\",\"inLanguage\":\"en-CA\",\"@id\":\"http:\\\/\\\/energyrates.ca\\\/fr\\\/#\\\/schema\\\/logo\\\/image\\\/\",\"url\":\"https:\\\/\\\/energyrates.ca\\\/wp-content\\\/uploads\\\/logo_energy_rates.svg\",\"contentUrl\":\"https:\\\/\\\/energyrates.ca\\\/wp-content\\\/uploads\\\/logo_energy_rates.svg\",\"width\":356,\"height\":74,\"caption\":\"EnergyRates.ca\"},\"image\":{\"@id\":\"http:\\\/\\\/energyrates.ca\\\/fr\\\/#\\\/schema\\\/logo\\\/image\\\/\"}}]}<\/script>\n<!-- \/ Yoast SEO Premium plugin. -->","yoast_head_json":{"title":"Direct Energy Qu\u00e9bec &#8211; EnergyRates.ca","robots":{"index":"index","follow":"follow","max-snippet":"max-snippet:-1","max-image-preview":"max-image-preview:large","max-video-preview":"max-video-preview:-1"},"canonical":"https:\/\/energyrates.ca\/fr\/fournisseurs-de-gaz-naturel-au-quebec\/direct-energy-quebec\/","og_locale":"en_US","og_type":"article","og_title":"Direct Energy Qu\u00e9bec","og_description":"Direct Energy Business est un des plus grands fournisseurs de gaz naturel et d\u2019\u00e9lectricit\u00e9 en Am\u00e9rique du Nord avec 240 000 clients. Au Qu\u00e9bec, l\u2019entreprise compte une centaine de commerces de gaz naturel, petites ou grandes. D\u2019apr\u00e8s leur site Web, elle fournit 78% de l\u2019\u00e9nergie consomm\u00e9e par les commerces dans la liste \u00ab&nbsp;Fortune 100 \u00bb. [&hellip;]","og_url":"https:\/\/energyrates.ca\/fr\/fournisseurs-de-gaz-naturel-au-quebec\/direct-energy-quebec\/","og_site_name":"EnergyRates.ca","article_modified_time":"2020-10-14T21:39:58+00:00","twitter_card":"summary_large_image","twitter_misc":{"Est. reading time":"2 minutes"},"schema":{"@context":"https:\/\/schema.org","@graph":[{"@type":"WebPage","@id":"https:\/\/energyrates.ca\/fr\/fournisseurs-de-gaz-naturel-au-quebec\/direct-energy-quebec\/","url":"https:\/\/energyrates.ca\/fr\/fournisseurs-de-gaz-naturel-au-quebec\/direct-energy-quebec\/","name":"Direct Energy Qu\u00e9bec &#8211; EnergyRates.ca","isPartOf":{"@id":"http:\/\/energyrates.ca\/fr\/#website"},"datePublished":"2019-12-20T20:59:12+00:00","dateModified":"2020-10-14T21:39:58+00:00","breadcrumb":{"@id":"https:\/\/energyrates.ca\/fr\/fournisseurs-de-gaz-naturel-au-quebec\/direct-energy-quebec\/#breadcrumb"},"inLanguage":"en-CA","potentialAction":[{"@type":"ReadAction","target":["https:\/\/energyrates.ca\/fr\/fournisseurs-de-gaz-naturel-au-quebec\/direct-energy-quebec\/"]}]},{"@type":"BreadcrumbList","@id":"https:\/\/energyrates.ca\/fr\/fournisseurs-de-gaz-naturel-au-quebec\/direct-energy-quebec\/#breadcrumb","itemListElement":[{"@type":"ListItem","position":1,"name":"Home","item":"http:\/\/energyrates.ca\/fr\/"},{"@type":"ListItem","position":2,"name":"Fournisseurs de gaz naturel au Qu\u00e9bec","item":"http:\/\/energyrates.ca\/fr\/fournisseurs-de-gaz-naturel-au-quebec\/"},{"@type":"ListItem","position":3,"name":"Direct Energy Qu\u00e9bec"}]},{"@type":"WebSite","@id":"http:\/\/energyrates.ca\/fr\/#website","url":"http:\/\/energyrates.ca\/fr\/","name":"EnergyRates.ca","description":"Compare and Find the Lowest Energy Rates","publisher":{"@id":"http:\/\/energyrates.ca\/fr\/#organization"},"potentialAction":[{"@type":"SearchAction","target":{"@type":"EntryPoint","urlTemplate":"http:\/\/energyrates.ca\/fr\/?s={search_term_string}"},"query-input":{"@type":"PropertyValueSpecification","valueRequired":true,"valueName":"search_term_string"}}],"inLanguage":"en-CA"},{"@type":"Organization","@id":"http:\/\/energyrates.ca\/fr\/#organization","name":"EnergyRates.ca","url":"http:\/\/energyrates.ca\/fr\/","logo":{"@type":"ImageObject","inLanguage":"en-CA","@id":"http:\/\/energyrates.ca\/fr\/#\/schema\/logo\/image\/","url":"https:\/\/energyrates.ca\/wp-content\/uploads\/logo_energy_rates.svg","contentUrl":"https:\/\/energyrates.ca\/wp-content\/uploads\/logo_energy_rates.svg","width":356,"height":74,"caption":"EnergyRates.ca"},"image":{"@id":"http:\/\/energyrates.ca\/fr\/#\/schema\/logo\/image\/"}}]}},"_links":{"self":[{"href":"https:\/\/energyrates.ca\/fr\/wp-json\/wp\/v2\/pages\/4527","targetHints":{"allow":["GET"]}}],"collection":[{"href":"https:\/\/energyrates.ca\/fr\/wp-json\/wp\/v2\/pages"}],"about":[{"href":"https:\/\/energyrates.ca\/fr\/wp-json\/wp\/v2\/types\/page"}],"author":[{"embeddable":true,"href":"https:\/\/energyrates.ca\/fr\/wp-json\/wp\/v2\/users\/1"}],"replies":[{"embeddable":true,"href":"https:\/\/energyrates.ca\/fr\/wp-json\/wp\/v2\/comments?post=4527"}],"version-history":[{"count":0,"href":"https:\/\/energyrates.ca\/fr\/wp-json\/wp\/v2\/pages\/4527\/revisions"}],"up":[{"embeddable":true,"href":"https:\/\/energyrates.ca\/fr\/wp-json\/wp\/v2\/pages\/4543"}],"wp:attachment":[{"href":"https:\/\/energyrates.ca\/fr\/wp-json\/wp\/v2\/media?parent=4527"}],"curies":[{"name":"wp","href":"https:\/\/api.w.org\/{rel}","templated":true}]}}