{"id":4524,"date":"2019-12-20T13:47:25","date_gmt":"2019-12-20T20:47:25","guid":{"rendered":"https:\/\/stgpmmenergy.wpengine.com\/?page_id=4524"},"modified":"2020-10-14T15:35:44","modified_gmt":"2020-10-14T21:35:44","slug":"access-gas-quebec","status":"publish","type":"page","link":"https:\/\/energyrates.ca\/fr\/fournisseurs-de-gaz-naturel-au-quebec\/access-gas-quebec\/","title":{"rendered":"Access Gas Qu\u00e9bec"},"content":{"rendered":"\n<p>Access Gas Services est un fournisseur de gaz naturel au <a href=\"\/?page_id=4544\">Qu\u00e9bec<\/a> qui se sp\u00e9cialise dans le secteur r\u00e9sidentiel, commercial et industriel avec plusieurs plans \u00e9nerg\u00e9tiques selon le budget et les n\u00e9cessit\u00e9s d\u2019op\u00e9rations. Fond\u00e9e en 2006 en <a href=\"\/?page_id=2134\">Colombie-Britannique<\/a>, l\u2019entreprise a commenc\u00e9 dans le march\u00e9 de gaz naturel. Depuis, Access Gas s\u2019est d\u00e9velopp\u00e9 dans les march\u00e9s \u00e9nerg\u00e9tiques commerciaux et industriels de l\u2019<a href=\"\/?page_id=1075\">Alberta<\/a>, de l\u2019<a href=\"\/?page_id=1080\">Ontario<\/a> et du Qu\u00e9bec.<\/p>\n\n\n\n<h2 class=\"wp-block-heading\">Plans de gaz naturel au Qu\u00e9bec \u2013 Access Gas<\/h2>\n\n\n\n<p>Au Qu\u00e9bec, Access Gas offre des plans \u00e0 taux fixe et des tarifs index\u00e9s. Selon la consommation de gaz naturel et les buts d\u2019une entreprise int\u00e9ress\u00e9e, Access Gas peut \u00eatre le meilleur choix. En g\u00e9n\u00e9ral, les plans \u00e0 prix fixe sont id\u00e9als pour les clients qui veulent la certitude d\u2019un prix, tandis que les prix index\u00e9s sont parfaits pour les clients qui n\u2019ont pas peur du risque et qui veulent \u00e9conomiser en tout temps. <strong><\/strong><\/p>\n\n\n\n<p>Voici trois produits d\u2019Access Gas pour les clients commerciaux et industriels :<\/p>\n\n\n\n<p><strong>Prix fixe :<\/strong> Cette offre vous donne la chance de choisir un <a href=\"\/?page_id=1348\">taux fixe<\/a> pour une dur\u00e9e d\u2019un \u00e0 cinq ans. Comme indique le site Web de la compagnie, le produit est id\u00e9al pour les commerces avec un budget fixe, ce qui apporte une certitude des prix et moins de volatilit\u00e9.<\/p>\n\n\n\n<p><strong>Prix index\u00e9 :<\/strong> Ce plan est parfait pour les entreprises voulant des <a href=\"\/?page_id=1349\">tarifs \u00e0 taux variable<\/a>, en gardant la possibilit\u00e9 d\u2019un plafonnement. Sous ce plan, les commerces peuvent choisir un budget et atteindre leur plafond au moment que le march\u00e9 \u00e9nerg\u00e9tique est en hausse.<\/p>\n\n\n\n<p><strong>Co\u00fbt diversifi\u00e9 : <\/strong>Ce produit peut \u00eatre utile aux clients commerciaux d\u2019utiliser la fluctuation et la pr\u00e9diction des prix en m\u00eame temps. Ce plan permet de d\u00e9cider du pourcentage fixe de la consommation mensuelle du gaz naturel.<\/p>\n\n\n\n<h2 class=\"wp-block-heading\">Services offerts \u00e0 Access Gas<\/h2>\n\n\n\n<p><strong>Services de gestion :<\/strong> Access Gas travaille \u00e9galement dans la gestion du transport et du marketing, la recherche sur le march\u00e9 ainsi que des conseils selon les n\u00e9cessit\u00e9s des commerces.<\/p>\n\n\n\n<p><strong>Mon Access Gas :<\/strong> Access Gas offre \u00e0 ses clients \u00ab&nbsp;Mon Access Gas \u00bb, une plateforme o\u00f9 l\u2019utilisateur analyse ses donn\u00e9es, rapports et factures. Toutefois, ce service est uniquement disponible \u00e0 certains clients dans l\u2019Ouest canadien.<\/p>\n\n\n\n<p><strong>Fermeture d\u2019Access Gas : <\/strong>Vous avez 10 jours apr\u00e8s la signature d\u2019un contrat pour l\u2019annuler, sans p\u00e9nalit\u00e9. Apr\u00e8s cette date, le client pourrait payer des frais pour une sortie pr\u00e9matur\u00e9e.<\/p>\n","protected":false},"excerpt":{"rendered":"<p>Access Gas Services est un fournisseur de gaz naturel au Qu\u00e9bec qui se sp\u00e9cialise dans le secteur r\u00e9sidentiel, commercial et industriel avec plusieurs plans \u00e9nerg\u00e9tiques selon le budget et les n\u00e9cessit\u00e9s d\u2019op\u00e9rations. Fond\u00e9e en 2006 en Colombie-Britannique, l\u2019entreprise a commenc\u00e9 dans le march\u00e9 de gaz naturel. Depuis, Access Gas s\u2019est d\u00e9velopp\u00e9 dans les march\u00e9s \u00e9nerg\u00e9tiques [&hellip;]<\/p>\n","protected":false},"author":1,"featured_media":0,"parent":4543,"menu_order":460,"comment_status":"closed","ping_status":"closed","template":"","meta":{"_acf_changed":false,"_genesis_hide_title":false,"_genesis_hide_breadcrumbs":false,"_genesis_hide_singular_image":false,"_genesis_hide_footer_widgets":false,"_genesis_custom_body_class":"","_genesis_custom_post_class":"","_genesis_layout":"","footnotes":""},"class_list":{"0":"post-4524","1":"page","2":"type-page","3":"status-publish","5":"entry"},"acf":[],"yoast_head":"<!-- This site is optimized with the Yoast SEO Premium plugin v27.2 (Yoast SEO v27.2) - https:\/\/yoast.com\/product\/yoast-seo-premium-wordpress\/ -->\n<title>Access Gas Qu\u00e9bec &#8211; EnergyRates.ca<\/title>\n<meta name=\"robots\" content=\"index, follow, max-snippet:-1, max-image-preview:large, max-video-preview:-1\" \/>\n<link rel=\"canonical\" href=\"https:\/\/energyrates.ca\/fr\/fournisseurs-de-gaz-naturel-au-quebec\/access-gas-quebec\/\" \/>\n<meta property=\"og:locale\" content=\"en_US\" \/>\n<meta property=\"og:type\" content=\"article\" \/>\n<meta property=\"og:title\" content=\"Access Gas Qu\u00e9bec\" \/>\n<meta property=\"og:description\" content=\"Access Gas Services est un fournisseur de gaz naturel au Qu\u00e9bec qui se sp\u00e9cialise dans le secteur r\u00e9sidentiel, commercial et industriel avec plusieurs plans \u00e9nerg\u00e9tiques selon le budget et les n\u00e9cessit\u00e9s d\u2019op\u00e9rations. Fond\u00e9e en 2006 en Colombie-Britannique, l\u2019entreprise a commenc\u00e9 dans le march\u00e9 de gaz naturel. Depuis, Access Gas s\u2019est d\u00e9velopp\u00e9 dans les march\u00e9s \u00e9nerg\u00e9tiques [&hellip;]\" \/>\n<meta property=\"og:url\" content=\"https:\/\/energyrates.ca\/fr\/fournisseurs-de-gaz-naturel-au-quebec\/access-gas-quebec\/\" \/>\n<meta property=\"og:site_name\" content=\"EnergyRates.ca\" \/>\n<meta property=\"article:modified_time\" content=\"2020-10-14T21:35:44+00:00\" \/>\n<meta name=\"twitter:card\" content=\"summary_large_image\" \/>\n<meta name=\"twitter:label1\" content=\"Est. reading time\" \/>\n\t<meta name=\"twitter:data1\" content=\"2 minutes\" \/>\n<script type=\"application\/ld+json\" class=\"yoast-schema-graph\">{\"@context\":\"https:\/\/schema.org\",\"@graph\":[{\"@type\":\"WebPage\",\"@id\":\"https:\/\/energyrates.ca\/fr\/fournisseurs-de-gaz-naturel-au-quebec\/access-gas-quebec\/\",\"url\":\"https:\/\/energyrates.ca\/fr\/fournisseurs-de-gaz-naturel-au-quebec\/access-gas-quebec\/\",\"name\":\"Access Gas Qu\u00e9bec &#8211; EnergyRates.ca\",\"isPartOf\":{\"@id\":\"http:\/\/energyrates.ca\/fr\/#website\"},\"datePublished\":\"2019-12-20T20:47:25+00:00\",\"dateModified\":\"2020-10-14T21:35:44+00:00\",\"breadcrumb\":{\"@id\":\"https:\/\/energyrates.ca\/fr\/fournisseurs-de-gaz-naturel-au-quebec\/access-gas-quebec\/#breadcrumb\"},\"inLanguage\":\"en-CA\",\"potentialAction\":[{\"@type\":\"ReadAction\",\"target\":[\"https:\/\/energyrates.ca\/fr\/fournisseurs-de-gaz-naturel-au-quebec\/access-gas-quebec\/\"]}]},{\"@type\":\"BreadcrumbList\",\"@id\":\"https:\/\/energyrates.ca\/fr\/fournisseurs-de-gaz-naturel-au-quebec\/access-gas-quebec\/#breadcrumb\",\"itemListElement\":[{\"@type\":\"ListItem\",\"position\":1,\"name\":\"Home\",\"item\":\"http:\/\/energyrates.ca\/fr\/\"},{\"@type\":\"ListItem\",\"position\":2,\"name\":\"Fournisseurs de gaz naturel au Qu\u00e9bec\",\"item\":\"http:\/\/energyrates.ca\/fr\/fournisseurs-de-gaz-naturel-au-quebec\/\"},{\"@type\":\"ListItem\",\"position\":3,\"name\":\"Access Gas Qu\u00e9bec\"}]},{\"@type\":\"WebSite\",\"@id\":\"http:\/\/energyrates.ca\/fr\/#website\",\"url\":\"http:\/\/energyrates.ca\/fr\/\",\"name\":\"EnergyRates.ca\",\"description\":\"Compare and Find the Lowest Energy Rates\",\"publisher\":{\"@id\":\"http:\/\/energyrates.ca\/fr\/#organization\"},\"potentialAction\":[{\"@type\":\"SearchAction\",\"target\":{\"@type\":\"EntryPoint\",\"urlTemplate\":\"http:\/\/energyrates.ca\/fr\/?s={search_term_string}\"},\"query-input\":{\"@type\":\"PropertyValueSpecification\",\"valueRequired\":true,\"valueName\":\"search_term_string\"}}],\"inLanguage\":\"en-CA\"},{\"@type\":\"Organization\",\"@id\":\"http:\/\/energyrates.ca\/fr\/#organization\",\"name\":\"EnergyRates.ca\",\"url\":\"http:\/\/energyrates.ca\/fr\/\",\"logo\":{\"@type\":\"ImageObject\",\"inLanguage\":\"en-CA\",\"@id\":\"http:\/\/energyrates.ca\/fr\/#\/schema\/logo\/image\/\",\"url\":\"https:\/\/energyrates.ca\/wp-content\/uploads\/logo_energy_rates.svg\",\"contentUrl\":\"https:\/\/energyrates.ca\/wp-content\/uploads\/logo_energy_rates.svg\",\"width\":356,\"height\":74,\"caption\":\"EnergyRates.ca\"},\"image\":{\"@id\":\"http:\/\/energyrates.ca\/fr\/#\/schema\/logo\/image\/\"}}]}<\/script>\n<!-- \/ Yoast SEO Premium plugin. -->","yoast_head_json":{"title":"Access Gas Qu\u00e9bec &#8211; EnergyRates.ca","robots":{"index":"index","follow":"follow","max-snippet":"max-snippet:-1","max-image-preview":"max-image-preview:large","max-video-preview":"max-video-preview:-1"},"canonical":"https:\/\/energyrates.ca\/fr\/fournisseurs-de-gaz-naturel-au-quebec\/access-gas-quebec\/","og_locale":"en_US","og_type":"article","og_title":"Access Gas Qu\u00e9bec","og_description":"Access Gas Services est un fournisseur de gaz naturel au Qu\u00e9bec qui se sp\u00e9cialise dans le secteur r\u00e9sidentiel, commercial et industriel avec plusieurs plans \u00e9nerg\u00e9tiques selon le budget et les n\u00e9cessit\u00e9s d\u2019op\u00e9rations. Fond\u00e9e en 2006 en Colombie-Britannique, l\u2019entreprise a commenc\u00e9 dans le march\u00e9 de gaz naturel. Depuis, Access Gas s\u2019est d\u00e9velopp\u00e9 dans les march\u00e9s \u00e9nerg\u00e9tiques [&hellip;]","og_url":"https:\/\/energyrates.ca\/fr\/fournisseurs-de-gaz-naturel-au-quebec\/access-gas-quebec\/","og_site_name":"EnergyRates.ca","article_modified_time":"2020-10-14T21:35:44+00:00","twitter_card":"summary_large_image","twitter_misc":{"Est. reading time":"2 minutes"},"schema":{"@context":"https:\/\/schema.org","@graph":[{"@type":"WebPage","@id":"https:\/\/energyrates.ca\/fr\/fournisseurs-de-gaz-naturel-au-quebec\/access-gas-quebec\/","url":"https:\/\/energyrates.ca\/fr\/fournisseurs-de-gaz-naturel-au-quebec\/access-gas-quebec\/","name":"Access Gas Qu\u00e9bec &#8211; EnergyRates.ca","isPartOf":{"@id":"http:\/\/energyrates.ca\/fr\/#website"},"datePublished":"2019-12-20T20:47:25+00:00","dateModified":"2020-10-14T21:35:44+00:00","breadcrumb":{"@id":"https:\/\/energyrates.ca\/fr\/fournisseurs-de-gaz-naturel-au-quebec\/access-gas-quebec\/#breadcrumb"},"inLanguage":"en-CA","potentialAction":[{"@type":"ReadAction","target":["https:\/\/energyrates.ca\/fr\/fournisseurs-de-gaz-naturel-au-quebec\/access-gas-quebec\/"]}]},{"@type":"BreadcrumbList","@id":"https:\/\/energyrates.ca\/fr\/fournisseurs-de-gaz-naturel-au-quebec\/access-gas-quebec\/#breadcrumb","itemListElement":[{"@type":"ListItem","position":1,"name":"Home","item":"http:\/\/energyrates.ca\/fr\/"},{"@type":"ListItem","position":2,"name":"Fournisseurs de gaz naturel au Qu\u00e9bec","item":"http:\/\/energyrates.ca\/fr\/fournisseurs-de-gaz-naturel-au-quebec\/"},{"@type":"ListItem","position":3,"name":"Access Gas Qu\u00e9bec"}]},{"@type":"WebSite","@id":"http:\/\/energyrates.ca\/fr\/#website","url":"http:\/\/energyrates.ca\/fr\/","name":"EnergyRates.ca","description":"Compare and Find the Lowest Energy Rates","publisher":{"@id":"http:\/\/energyrates.ca\/fr\/#organization"},"potentialAction":[{"@type":"SearchAction","target":{"@type":"EntryPoint","urlTemplate":"http:\/\/energyrates.ca\/fr\/?s={search_term_string}"},"query-input":{"@type":"PropertyValueSpecification","valueRequired":true,"valueName":"search_term_string"}}],"inLanguage":"en-CA"},{"@type":"Organization","@id":"http:\/\/energyrates.ca\/fr\/#organization","name":"EnergyRates.ca","url":"http:\/\/energyrates.ca\/fr\/","logo":{"@type":"ImageObject","inLanguage":"en-CA","@id":"http:\/\/energyrates.ca\/fr\/#\/schema\/logo\/image\/","url":"https:\/\/energyrates.ca\/wp-content\/uploads\/logo_energy_rates.svg","contentUrl":"https:\/\/energyrates.ca\/wp-content\/uploads\/logo_energy_rates.svg","width":356,"height":74,"caption":"EnergyRates.ca"},"image":{"@id":"http:\/\/energyrates.ca\/fr\/#\/schema\/logo\/image\/"}}]}},"_links":{"self":[{"href":"https:\/\/energyrates.ca\/fr\/wp-json\/wp\/v2\/pages\/4524","targetHints":{"allow":["GET"]}}],"collection":[{"href":"https:\/\/energyrates.ca\/fr\/wp-json\/wp\/v2\/pages"}],"about":[{"href":"https:\/\/energyrates.ca\/fr\/wp-json\/wp\/v2\/types\/page"}],"author":[{"embeddable":true,"href":"https:\/\/energyrates.ca\/fr\/wp-json\/wp\/v2\/users\/1"}],"replies":[{"embeddable":true,"href":"https:\/\/energyrates.ca\/fr\/wp-json\/wp\/v2\/comments?post=4524"}],"version-history":[{"count":0,"href":"https:\/\/energyrates.ca\/fr\/wp-json\/wp\/v2\/pages\/4524\/revisions"}],"up":[{"embeddable":true,"href":"https:\/\/energyrates.ca\/fr\/wp-json\/wp\/v2\/pages\/4543"}],"wp:attachment":[{"href":"https:\/\/energyrates.ca\/fr\/wp-json\/wp\/v2\/media?parent=4524"}],"curies":[{"name":"wp","href":"https:\/\/api.w.org\/{rel}","templated":true}]}}