{"id":4523,"date":"2019-12-20T12:07:03","date_gmt":"2019-12-20T19:07:03","guid":{"rendered":"https:\/\/stgpmmenergy.wpengine.com\/?page_id=4523"},"modified":"2020-10-14T15:34:40","modified_gmt":"2020-10-14T21:34:40","slug":"services-delectricite-et-de-gaz-naturel-a-magog","status":"publish","type":"page","link":"https:\/\/energyrates.ca\/fr\/quebec\/services-delectricite-et-de-gaz-naturel-a-magog\/","title":{"rendered":"Services d\u2019\u00e9lectricit\u00e9 et de gaz naturel \u00e0 Magog"},"content":{"rendered":"\n<p>Environ 120 km est de <a href=\"\/?page_id=4542\">Montr\u00e9al<\/a>, Magog est une ville en croissance avec ses 26 000 citoyens (49 % de la population est bilingue). La ville est connue pour ses lieux d\u2019int\u00e9r\u00eat naturels, dont le parc national de Mont-Orford et le lac Stukely, et pour son \u00e9conomie prosp\u00e8re, dont l\u2019industrie du textile, coutume transmise de g\u00e9n\u00e9rations en g\u00e9n\u00e9rations.<\/p>\n\n\n\n<p>Cependant, la croissance de Magog ne d\u00e9rive pas seulement de son histoire industrielle. La ville attente d\u2019une augmentation de population, entre 2009 et 2031, de 28%. Ceci devrait renforcer l\u2019\u00e9conomie future de Magog, mais une inqui\u00e9tude persiste chez les consommateurs sur le co\u00fbt de la vie, plus pr\u00e9cis\u00e9ment le paiement des services publics comme le gaz naturel et l\u2019\u00e9lectricit\u00e9.<\/p>\n\n\n\n<p>Il est un peu t\u00f4t d\u2019en parler une d\u00e9cennie \u00e0 l\u2019avance, mais les m\u00e9nages de Magog peuvent d\u00e8s maintenant r\u00e9duire leur co\u00fbt \u00e9nerg\u00e9tique. D\u00e9couvrez ci-dessous le fonctionnement du march\u00e9 \u00e9nerg\u00e9tique, ainsi que la comparaison de ces tarifs dans la r\u00e9gion.<\/p>\n\n\n\n<h2 class=\"wp-block-heading\">Gaz naturel \u00e0 Magog<\/h2>\n\n\n\n<p>M\u00eame si<a href=\"\/?page_id=4515\"> \u00c9nergir<\/a> est le <a href=\"\/?page_id=4544\">distributeur principal de gaz naturel au Qu\u00e9bec<\/a>, tout client de la r\u00e9gion de Magog peut choisir leur fournisseur gr\u00e2ce \u00e0 un march\u00e9 d\u00e9r\u00e9glement\u00e9 de gaz naturel. Le client recevra une facture d\u2019\u00c9nergir, mais le tarif sera diff\u00e9rent selon le fournisseur choisi.<\/p>\n\n\n\n<p><strong>Comparaison des tarifs de gaz naturel \u00e0 Magog : <\/strong>\u00c0 la recherche des meilleurs tarifs dans la r\u00e9gion de Magog ? EnergyRates.ca peut vous aider. Comparer les tarifs augmente les chances de choisir le plan id\u00e9al pour votre r\u00e9sidence ou immeuble commercial. C\u2019est pourquoi notre outil peut vous aider \u00e0 lister les principaux fournisseurs et leurs tarifs de gaz naturel selon votre code postal.<\/p>\n\n\n\n<p>Si vous \u00eates un client commercial (entreprise commerciale, site industriel), vous \u00eates \u00e9ligible pour &nbsp;une soumission gratuite et personnalis\u00e9e selon la consommation \u00e9nerg\u00e9tique et les besoins n\u00e9cessaires.<\/p>\n\n\n\n<p>Les fournisseurs de gaz naturel dans la r\u00e9gion de Magog comprennent, sans toutefois s\u2019y limiter&nbsp;:<\/p>\n\n\n\n<ul class=\"wp-block-list\"><li><a href=\"\/?page_id=4524\">Access Gas<\/a><\/li><li><a href=\"\/?page_id=4525\">Active Business Services<\/a><\/li><li><a href=\"\/?page_id=4526\">Comsatec<\/a><\/li><li><a href=\"\/?page_id=4527\">Direct Energy<\/a><\/li><li><a href=\"\/?page_id=4528\">Hudson Energy<\/a><\/li><li><a href=\"\/?page_id=4529\">Just Energy<\/a><\/li><li><a href=\"\/?page_id=4530\">Summitt Energy Qu\u00e9bec<\/a><\/li><\/ul>\n\n\n\n<h2 class=\"wp-block-heading\">\u00c9lectricit\u00e9 \u00e0 Magog<\/h2>\n\n\n\n<p>L\u2019\u00e9lectricit\u00e9 est un service r\u00e9glement\u00e9 dans la r\u00e9gion de Magog. Le service local, Hydro-Magog, membre de l\u2019Association des redistributeurs d&#8217;\u00e9lectricit\u00e9 du Qu\u00e9bec (AREQ), redistribue l\u2019\u00e9lectricit\u00e9, achet\u00e9 d\u2019<a href=\"\/?page_id=4520\">Hydro-Qu\u00e9bec<\/a>, aux m\u00e9nages et commerces de Magog, en offrant les m\u00eames tarifs. Hydro-Magog est responsable de la distribution et de la fourniture de l\u2019\u00e9lectricit\u00e9 dans toute la r\u00e9gion, incluant la facturation et le service de l\u2019\u00e9clairage de voies publiques.<\/p>\n","protected":false},"excerpt":{"rendered":"<p>Environ 120 km est de Montr\u00e9al, Magog est une ville en croissance avec ses 26 000 citoyens (49 % de la population est bilingue). La ville est connue pour ses lieux d\u2019int\u00e9r\u00eat naturels, dont le parc national de Mont-Orford et le lac Stukely, et pour son \u00e9conomie prosp\u00e8re, dont l\u2019industrie du textile, coutume transmise de [&hellip;]<\/p>\n","protected":false},"author":1,"featured_media":0,"parent":4544,"menu_order":440,"comment_status":"closed","ping_status":"closed","template":"","meta":{"_acf_changed":false,"_genesis_hide_title":false,"_genesis_hide_breadcrumbs":false,"_genesis_hide_singular_image":false,"_genesis_hide_footer_widgets":false,"_genesis_custom_body_class":"","_genesis_custom_post_class":"","_genesis_layout":"","footnotes":""},"class_list":{"0":"post-4523","1":"page","2":"type-page","3":"status-publish","5":"entry"},"acf":[],"yoast_head":"<!-- This site is optimized with the Yoast SEO Premium plugin v27.2 (Yoast SEO v27.2) - https:\/\/yoast.com\/product\/yoast-seo-premium-wordpress\/ -->\n<title>Services d\u2019\u00e9lectricit\u00e9 et de gaz naturel \u00e0 Magog &#8211; EnergyRates.ca<\/title>\n<meta name=\"robots\" content=\"index, follow, max-snippet:-1, max-image-preview:large, max-video-preview:-1\" \/>\n<link rel=\"canonical\" href=\"https:\/\/energyrates.ca\/fr\/quebec\/services-delectricite-et-de-gaz-naturel-a-magog\/\" \/>\n<meta property=\"og:locale\" content=\"en_US\" \/>\n<meta property=\"og:type\" content=\"article\" \/>\n<meta property=\"og:title\" content=\"Services d\u2019\u00e9lectricit\u00e9 et de gaz naturel \u00e0 Magog\" \/>\n<meta property=\"og:description\" content=\"Environ 120 km est de Montr\u00e9al, Magog est une ville en croissance avec ses 26 000 citoyens (49 % de la population est bilingue). La ville est connue pour ses lieux d\u2019int\u00e9r\u00eat naturels, dont le parc national de Mont-Orford et le lac Stukely, et pour son \u00e9conomie prosp\u00e8re, dont l\u2019industrie du textile, coutume transmise de [&hellip;]\" \/>\n<meta property=\"og:url\" content=\"https:\/\/energyrates.ca\/fr\/quebec\/services-delectricite-et-de-gaz-naturel-a-magog\/\" \/>\n<meta property=\"og:site_name\" content=\"EnergyRates.ca\" \/>\n<meta property=\"article:modified_time\" content=\"2020-10-14T21:34:40+00:00\" \/>\n<meta name=\"twitter:card\" content=\"summary_large_image\" \/>\n<meta name=\"twitter:label1\" content=\"Est. reading time\" \/>\n\t<meta name=\"twitter:data1\" content=\"2 minutes\" \/>\n<script type=\"application\/ld+json\" class=\"yoast-schema-graph\">{\"@context\":\"https:\/\/schema.org\",\"@graph\":[{\"@type\":\"WebPage\",\"@id\":\"https:\/\/energyrates.ca\/fr\/quebec\/services-delectricite-et-de-gaz-naturel-a-magog\/\",\"url\":\"https:\/\/energyrates.ca\/fr\/quebec\/services-delectricite-et-de-gaz-naturel-a-magog\/\",\"name\":\"Services d\u2019\u00e9lectricit\u00e9 et de gaz naturel \u00e0 Magog &#8211; EnergyRates.ca\",\"isPartOf\":{\"@id\":\"http:\/\/energyrates.ca\/fr\/#website\"},\"datePublished\":\"2019-12-20T19:07:03+00:00\",\"dateModified\":\"2020-10-14T21:34:40+00:00\",\"breadcrumb\":{\"@id\":\"https:\/\/energyrates.ca\/fr\/quebec\/services-delectricite-et-de-gaz-naturel-a-magog\/#breadcrumb\"},\"inLanguage\":\"en-CA\",\"potentialAction\":[{\"@type\":\"ReadAction\",\"target\":[\"https:\/\/energyrates.ca\/fr\/quebec\/services-delectricite-et-de-gaz-naturel-a-magog\/\"]}]},{\"@type\":\"BreadcrumbList\",\"@id\":\"https:\/\/energyrates.ca\/fr\/quebec\/services-delectricite-et-de-gaz-naturel-a-magog\/#breadcrumb\",\"itemListElement\":[{\"@type\":\"ListItem\",\"position\":1,\"name\":\"Home\",\"item\":\"http:\/\/energyrates.ca\/fr\/\"},{\"@type\":\"ListItem\",\"position\":2,\"name\":\"Qu\u00e9bec\",\"item\":\"http:\/\/energyrates.ca\/fr\/quebec\/\"},{\"@type\":\"ListItem\",\"position\":3,\"name\":\"Services d\u2019\u00e9lectricit\u00e9 et de gaz naturel \u00e0 Magog\"}]},{\"@type\":\"WebSite\",\"@id\":\"http:\/\/energyrates.ca\/fr\/#website\",\"url\":\"http:\/\/energyrates.ca\/fr\/\",\"name\":\"EnergyRates.ca\",\"description\":\"Compare and Find the Lowest Energy Rates\",\"publisher\":{\"@id\":\"http:\/\/energyrates.ca\/fr\/#organization\"},\"potentialAction\":[{\"@type\":\"SearchAction\",\"target\":{\"@type\":\"EntryPoint\",\"urlTemplate\":\"http:\/\/energyrates.ca\/fr\/?s={search_term_string}\"},\"query-input\":{\"@type\":\"PropertyValueSpecification\",\"valueRequired\":true,\"valueName\":\"search_term_string\"}}],\"inLanguage\":\"en-CA\"},{\"@type\":\"Organization\",\"@id\":\"http:\/\/energyrates.ca\/fr\/#organization\",\"name\":\"EnergyRates.ca\",\"url\":\"http:\/\/energyrates.ca\/fr\/\",\"logo\":{\"@type\":\"ImageObject\",\"inLanguage\":\"en-CA\",\"@id\":\"http:\/\/energyrates.ca\/fr\/#\/schema\/logo\/image\/\",\"url\":\"https:\/\/energyrates.ca\/wp-content\/uploads\/logo_energy_rates.svg\",\"contentUrl\":\"https:\/\/energyrates.ca\/wp-content\/uploads\/logo_energy_rates.svg\",\"width\":356,\"height\":74,\"caption\":\"EnergyRates.ca\"},\"image\":{\"@id\":\"http:\/\/energyrates.ca\/fr\/#\/schema\/logo\/image\/\"}}]}<\/script>\n<!-- \/ Yoast SEO Premium plugin. -->","yoast_head_json":{"title":"Services d\u2019\u00e9lectricit\u00e9 et de gaz naturel \u00e0 Magog &#8211; EnergyRates.ca","robots":{"index":"index","follow":"follow","max-snippet":"max-snippet:-1","max-image-preview":"max-image-preview:large","max-video-preview":"max-video-preview:-1"},"canonical":"https:\/\/energyrates.ca\/fr\/quebec\/services-delectricite-et-de-gaz-naturel-a-magog\/","og_locale":"en_US","og_type":"article","og_title":"Services d\u2019\u00e9lectricit\u00e9 et de gaz naturel \u00e0 Magog","og_description":"Environ 120 km est de Montr\u00e9al, Magog est une ville en croissance avec ses 26 000 citoyens (49 % de la population est bilingue). La ville est connue pour ses lieux d\u2019int\u00e9r\u00eat naturels, dont le parc national de Mont-Orford et le lac Stukely, et pour son \u00e9conomie prosp\u00e8re, dont l\u2019industrie du textile, coutume transmise de [&hellip;]","og_url":"https:\/\/energyrates.ca\/fr\/quebec\/services-delectricite-et-de-gaz-naturel-a-magog\/","og_site_name":"EnergyRates.ca","article_modified_time":"2020-10-14T21:34:40+00:00","twitter_card":"summary_large_image","twitter_misc":{"Est. reading time":"2 minutes"},"schema":{"@context":"https:\/\/schema.org","@graph":[{"@type":"WebPage","@id":"https:\/\/energyrates.ca\/fr\/quebec\/services-delectricite-et-de-gaz-naturel-a-magog\/","url":"https:\/\/energyrates.ca\/fr\/quebec\/services-delectricite-et-de-gaz-naturel-a-magog\/","name":"Services d\u2019\u00e9lectricit\u00e9 et de gaz naturel \u00e0 Magog &#8211; EnergyRates.ca","isPartOf":{"@id":"http:\/\/energyrates.ca\/fr\/#website"},"datePublished":"2019-12-20T19:07:03+00:00","dateModified":"2020-10-14T21:34:40+00:00","breadcrumb":{"@id":"https:\/\/energyrates.ca\/fr\/quebec\/services-delectricite-et-de-gaz-naturel-a-magog\/#breadcrumb"},"inLanguage":"en-CA","potentialAction":[{"@type":"ReadAction","target":["https:\/\/energyrates.ca\/fr\/quebec\/services-delectricite-et-de-gaz-naturel-a-magog\/"]}]},{"@type":"BreadcrumbList","@id":"https:\/\/energyrates.ca\/fr\/quebec\/services-delectricite-et-de-gaz-naturel-a-magog\/#breadcrumb","itemListElement":[{"@type":"ListItem","position":1,"name":"Home","item":"http:\/\/energyrates.ca\/fr\/"},{"@type":"ListItem","position":2,"name":"Qu\u00e9bec","item":"http:\/\/energyrates.ca\/fr\/quebec\/"},{"@type":"ListItem","position":3,"name":"Services d\u2019\u00e9lectricit\u00e9 et de gaz naturel \u00e0 Magog"}]},{"@type":"WebSite","@id":"http:\/\/energyrates.ca\/fr\/#website","url":"http:\/\/energyrates.ca\/fr\/","name":"EnergyRates.ca","description":"Compare and Find the Lowest Energy Rates","publisher":{"@id":"http:\/\/energyrates.ca\/fr\/#organization"},"potentialAction":[{"@type":"SearchAction","target":{"@type":"EntryPoint","urlTemplate":"http:\/\/energyrates.ca\/fr\/?s={search_term_string}"},"query-input":{"@type":"PropertyValueSpecification","valueRequired":true,"valueName":"search_term_string"}}],"inLanguage":"en-CA"},{"@type":"Organization","@id":"http:\/\/energyrates.ca\/fr\/#organization","name":"EnergyRates.ca","url":"http:\/\/energyrates.ca\/fr\/","logo":{"@type":"ImageObject","inLanguage":"en-CA","@id":"http:\/\/energyrates.ca\/fr\/#\/schema\/logo\/image\/","url":"https:\/\/energyrates.ca\/wp-content\/uploads\/logo_energy_rates.svg","contentUrl":"https:\/\/energyrates.ca\/wp-content\/uploads\/logo_energy_rates.svg","width":356,"height":74,"caption":"EnergyRates.ca"},"image":{"@id":"http:\/\/energyrates.ca\/fr\/#\/schema\/logo\/image\/"}}]}},"_links":{"self":[{"href":"https:\/\/energyrates.ca\/fr\/wp-json\/wp\/v2\/pages\/4523","targetHints":{"allow":["GET"]}}],"collection":[{"href":"https:\/\/energyrates.ca\/fr\/wp-json\/wp\/v2\/pages"}],"about":[{"href":"https:\/\/energyrates.ca\/fr\/wp-json\/wp\/v2\/types\/page"}],"author":[{"embeddable":true,"href":"https:\/\/energyrates.ca\/fr\/wp-json\/wp\/v2\/users\/1"}],"replies":[{"embeddable":true,"href":"https:\/\/energyrates.ca\/fr\/wp-json\/wp\/v2\/comments?post=4523"}],"version-history":[{"count":0,"href":"https:\/\/energyrates.ca\/fr\/wp-json\/wp\/v2\/pages\/4523\/revisions"}],"up":[{"embeddable":true,"href":"https:\/\/energyrates.ca\/fr\/wp-json\/wp\/v2\/pages\/4544"}],"wp:attachment":[{"href":"https:\/\/energyrates.ca\/fr\/wp-json\/wp\/v2\/media?parent=4523"}],"curies":[{"name":"wp","href":"https:\/\/api.w.org\/{rel}","templated":true}]}}