{"id":4521,"date":"2019-12-20T12:12:59","date_gmt":"2019-12-20T19:12:59","guid":{"rendered":"https:\/\/stgpmmenergy.wpengine.com\/?page_id=4521"},"modified":"2020-10-14T15:32:33","modified_gmt":"2020-10-14T21:32:33","slug":"services-delectricite-et-de-gaz-naturel-a-joliette","status":"publish","type":"page","link":"https:\/\/energyrates.ca\/fr\/quebec\/services-delectricite-et-de-gaz-naturel-a-joliette\/","title":{"rendered":"Services d\u2019\u00e9lectricit\u00e9 et de gaz naturel \u00e0 Joliette"},"content":{"rendered":"\n<p>Situ\u00e9 \u00e0 50 km nord-est de <a href=\"\/?page_id=4542\">Montr\u00e9al<\/a>, comptant 20 000 citoyens, la ville de Joliette d\u00e9montre un dynamisme avec son \u00e9conomie fortement bas\u00e9e sur le secteur de services et manufacturier, incluant Graymont Inc., une des plus grandes entreprises de pierre calcaire au <a href=\"\/?page_id=4544\">Qu\u00e9bec<\/a>.<\/p>\n\n\n\n<p>En ce qui concerne le march\u00e9 \u00e9nerg\u00e9tique, celui du gaz naturel est d\u00e9r\u00e9glement\u00e9, tandis que l\u2019\u00e9lectricit\u00e9 est permise par Hydro-Joliette, les deux ayant ces tarifs r\u00e9glement\u00e9s par la R\u00e9gie de l&#8217;\u00e9nergie.<\/p>\n\n\n\n<p>Pour en savoir plus, retrouvez ci-dessous la fa\u00e7on de rechercher les meilleurs fournisseurs et tarifs dans la r\u00e9gion de Joliette ainsi qu\u2019une explication d\u00e9taill\u00e9e sur le fonctionnement du march\u00e9 \u00e9nerg\u00e9tique.<\/p>\n\n\n\n<h2 class=\"wp-block-heading\">Gaz naturel \u00e0 Joliette<\/h2>\n\n\n\n<p>\u00c9nergir est le distributeur de gaz naturel par d\u00e9faut \u00e0 Joliette, ce qui veut dire que le transport et la facture est fait par l\u2019entreprise. N\u00e9anmoins, vous avez la libert\u00e9 de choisir votre fournisseur de gaz naturel.<\/p>\n\n\n\n<p>\u00c9nergir est propri\u00e9taire de la majorit\u00e9 des conduites de gaz au Qu\u00e9bec, en plus de transporter l\u2019\u00e9nergie et de vous connecter au fournisseur de votre choix, que ce soit pour votre r\u00e9sidence ou votre immeuble commercial.<\/p>\n\n\n\n<p><strong>Comparaison des tarifs de gaz naturel \u00e0 Joliette : <\/strong>Pour en savoir plus, visitez <a href=\"https:\/\/energyrates.ca\/fr\/\">EnergyRates.ca<\/a> ou remplissez notre \u00e9valuation ci-dessus avec votre code postal. Notre site Web compare les principaux fournisseurs et tarifs de gaz naturel disponibles. Notre outil offre \u00e9galement une soumission gratuite et personnalis\u00e9e aux clients dans le volet commercial et industriel selon la consommation d\u2019\u00e9nergie.<\/p>\n\n\n\n<p>Les fournisseurs de gaz naturel dans la r\u00e9gion de Joliette comprennent, sans toutefois s\u2019y limiter :<\/p>\n\n\n\n<ul class=\"wp-block-list\"><li><a href=\"\/?page_id=4524\">Access Gas<\/a><\/li><li><a href=\"\/?page_id=4525\">Active Business Services<\/a><\/li><li><a href=\"\/?page_id=4526\">Comsatec<\/a><\/li><li><a href=\"\/?page_id=4527\">Direct Energy<\/a><\/li><li><a href=\"\/?page_id=4528\">Hudson Energy<\/a><\/li><li><a href=\"\/?page_id=4529\">Just Energy<\/a><\/li><li><a href=\"\/?page_id=4530\">Summitt Energy Qu\u00e9bec<\/a><\/li><\/ul>\n\n\n\n<h2 class=\"wp-block-heading\">\u00c9lectricit\u00e9 \u00e0 Joliette<\/h2>\n\n\n\n<p>Hydro-Joliette est membre de l\u2019Association des redistributeurs d&#8217;\u00e9lectricit\u00e9 du Qu\u00e9bec (AREQ), ce qui veut dire que l\u2019entreprise ach\u00e8te l\u2019\u00e9lectricit\u00e9 d\u2019Hydro-Qu\u00e9bec et le redistribue \u00e0 ses clients.<\/p>\n\n\n\n<p>Tous les tarifs d\u2019Hydro-Joliette, ainsi que ceux d\u2019Hydro-Qu\u00e9bec, sont approuv\u00e9s par la R\u00e9gie de l\u2019\u00e9nergie. \u00c9galement, les clients d\u2019Hydro-Joliette ont acc\u00e8s aux programmes d\u2019efficacit\u00e9 \u00e9nerg\u00e9tique d\u2019<a href=\"\/?page_id=4520\">Hydro-Qu\u00e9bec<\/a>, sauf pour le programme \u00ab&nbsp;Diagnostic r\u00e9sidentiel \u00bb. Fond\u00e9 en 1889, Hydro-Joliette offre ses services d\u2019\u00e9clairage de voies publiques et d\u2019\u00e9lectricit\u00e9 \u00e0 ses r\u00e9sidences et commerces, servant aujourd\u2019hui 7&nbsp;700 m\u00e9nages et 1 100 clients commerciaux, en plus du fonctionnement de 2 700 poteaux \u00e0 travers la ville.<\/p>\n","protected":false},"excerpt":{"rendered":"<p>Situ\u00e9 \u00e0 50 km nord-est de Montr\u00e9al, comptant 20 000 citoyens, la ville de Joliette d\u00e9montre un dynamisme avec son \u00e9conomie fortement bas\u00e9e sur le secteur de services et manufacturier, incluant Graymont Inc., une des plus grandes entreprises de pierre calcaire au Qu\u00e9bec. En ce qui concerne le march\u00e9 \u00e9nerg\u00e9tique, celui du gaz naturel est [&hellip;]<\/p>\n","protected":false},"author":1,"featured_media":0,"parent":4544,"menu_order":442,"comment_status":"closed","ping_status":"closed","template":"","meta":{"_acf_changed":false,"_genesis_hide_title":false,"_genesis_hide_breadcrumbs":false,"_genesis_hide_singular_image":false,"_genesis_hide_footer_widgets":false,"_genesis_custom_body_class":"","_genesis_custom_post_class":"","_genesis_layout":"","footnotes":""},"class_list":{"0":"post-4521","1":"page","2":"type-page","3":"status-publish","5":"entry"},"acf":[],"yoast_head":"<!-- This site is optimized with the Yoast SEO Premium plugin v27.2 (Yoast SEO v27.2) - https:\/\/yoast.com\/product\/yoast-seo-premium-wordpress\/ -->\n<title>Services d\u2019\u00e9lectricit\u00e9 et de gaz naturel \u00e0 Joliette &#8211; EnergyRates.ca<\/title>\n<meta name=\"robots\" content=\"index, follow, max-snippet:-1, max-image-preview:large, max-video-preview:-1\" \/>\n<link rel=\"canonical\" href=\"https:\/\/energyrates.ca\/fr\/quebec\/services-delectricite-et-de-gaz-naturel-a-joliette\/\" \/>\n<meta property=\"og:locale\" content=\"en_US\" \/>\n<meta property=\"og:type\" content=\"article\" \/>\n<meta property=\"og:title\" content=\"Services d\u2019\u00e9lectricit\u00e9 et de gaz naturel \u00e0 Joliette\" \/>\n<meta property=\"og:description\" content=\"Situ\u00e9 \u00e0 50 km nord-est de Montr\u00e9al, comptant 20 000 citoyens, la ville de Joliette d\u00e9montre un dynamisme avec son \u00e9conomie fortement bas\u00e9e sur le secteur de services et manufacturier, incluant Graymont Inc., une des plus grandes entreprises de pierre calcaire au Qu\u00e9bec. En ce qui concerne le march\u00e9 \u00e9nerg\u00e9tique, celui du gaz naturel est [&hellip;]\" \/>\n<meta property=\"og:url\" content=\"https:\/\/energyrates.ca\/fr\/quebec\/services-delectricite-et-de-gaz-naturel-a-joliette\/\" \/>\n<meta property=\"og:site_name\" content=\"EnergyRates.ca\" \/>\n<meta property=\"article:modified_time\" content=\"2020-10-14T21:32:33+00:00\" \/>\n<meta name=\"twitter:card\" content=\"summary_large_image\" \/>\n<meta name=\"twitter:label1\" content=\"Est. reading time\" \/>\n\t<meta name=\"twitter:data1\" content=\"2 minutes\" \/>\n<script type=\"application\/ld+json\" class=\"yoast-schema-graph\">{\"@context\":\"https:\/\/schema.org\",\"@graph\":[{\"@type\":\"WebPage\",\"@id\":\"https:\/\/energyrates.ca\/fr\/quebec\/services-delectricite-et-de-gaz-naturel-a-joliette\/\",\"url\":\"https:\/\/energyrates.ca\/fr\/quebec\/services-delectricite-et-de-gaz-naturel-a-joliette\/\",\"name\":\"Services d\u2019\u00e9lectricit\u00e9 et de gaz naturel \u00e0 Joliette &#8211; EnergyRates.ca\",\"isPartOf\":{\"@id\":\"http:\/\/energyrates.ca\/fr\/#website\"},\"datePublished\":\"2019-12-20T19:12:59+00:00\",\"dateModified\":\"2020-10-14T21:32:33+00:00\",\"breadcrumb\":{\"@id\":\"https:\/\/energyrates.ca\/fr\/quebec\/services-delectricite-et-de-gaz-naturel-a-joliette\/#breadcrumb\"},\"inLanguage\":\"en-CA\",\"potentialAction\":[{\"@type\":\"ReadAction\",\"target\":[\"https:\/\/energyrates.ca\/fr\/quebec\/services-delectricite-et-de-gaz-naturel-a-joliette\/\"]}]},{\"@type\":\"BreadcrumbList\",\"@id\":\"https:\/\/energyrates.ca\/fr\/quebec\/services-delectricite-et-de-gaz-naturel-a-joliette\/#breadcrumb\",\"itemListElement\":[{\"@type\":\"ListItem\",\"position\":1,\"name\":\"Home\",\"item\":\"http:\/\/energyrates.ca\/fr\/\"},{\"@type\":\"ListItem\",\"position\":2,\"name\":\"Qu\u00e9bec\",\"item\":\"http:\/\/energyrates.ca\/fr\/quebec\/\"},{\"@type\":\"ListItem\",\"position\":3,\"name\":\"Services d\u2019\u00e9lectricit\u00e9 et de gaz naturel \u00e0 Joliette\"}]},{\"@type\":\"WebSite\",\"@id\":\"http:\/\/energyrates.ca\/fr\/#website\",\"url\":\"http:\/\/energyrates.ca\/fr\/\",\"name\":\"EnergyRates.ca\",\"description\":\"Compare and Find the Lowest Energy Rates\",\"publisher\":{\"@id\":\"http:\/\/energyrates.ca\/fr\/#organization\"},\"potentialAction\":[{\"@type\":\"SearchAction\",\"target\":{\"@type\":\"EntryPoint\",\"urlTemplate\":\"http:\/\/energyrates.ca\/fr\/?s={search_term_string}\"},\"query-input\":{\"@type\":\"PropertyValueSpecification\",\"valueRequired\":true,\"valueName\":\"search_term_string\"}}],\"inLanguage\":\"en-CA\"},{\"@type\":\"Organization\",\"@id\":\"http:\/\/energyrates.ca\/fr\/#organization\",\"name\":\"EnergyRates.ca\",\"url\":\"http:\/\/energyrates.ca\/fr\/\",\"logo\":{\"@type\":\"ImageObject\",\"inLanguage\":\"en-CA\",\"@id\":\"http:\/\/energyrates.ca\/fr\/#\/schema\/logo\/image\/\",\"url\":\"https:\/\/energyrates.ca\/wp-content\/uploads\/logo_energy_rates.svg\",\"contentUrl\":\"https:\/\/energyrates.ca\/wp-content\/uploads\/logo_energy_rates.svg\",\"width\":356,\"height\":74,\"caption\":\"EnergyRates.ca\"},\"image\":{\"@id\":\"http:\/\/energyrates.ca\/fr\/#\/schema\/logo\/image\/\"}}]}<\/script>\n<!-- \/ Yoast SEO Premium plugin. -->","yoast_head_json":{"title":"Services d\u2019\u00e9lectricit\u00e9 et de gaz naturel \u00e0 Joliette &#8211; EnergyRates.ca","robots":{"index":"index","follow":"follow","max-snippet":"max-snippet:-1","max-image-preview":"max-image-preview:large","max-video-preview":"max-video-preview:-1"},"canonical":"https:\/\/energyrates.ca\/fr\/quebec\/services-delectricite-et-de-gaz-naturel-a-joliette\/","og_locale":"en_US","og_type":"article","og_title":"Services d\u2019\u00e9lectricit\u00e9 et de gaz naturel \u00e0 Joliette","og_description":"Situ\u00e9 \u00e0 50 km nord-est de Montr\u00e9al, comptant 20 000 citoyens, la ville de Joliette d\u00e9montre un dynamisme avec son \u00e9conomie fortement bas\u00e9e sur le secteur de services et manufacturier, incluant Graymont Inc., une des plus grandes entreprises de pierre calcaire au Qu\u00e9bec. En ce qui concerne le march\u00e9 \u00e9nerg\u00e9tique, celui du gaz naturel est [&hellip;]","og_url":"https:\/\/energyrates.ca\/fr\/quebec\/services-delectricite-et-de-gaz-naturel-a-joliette\/","og_site_name":"EnergyRates.ca","article_modified_time":"2020-10-14T21:32:33+00:00","twitter_card":"summary_large_image","twitter_misc":{"Est. reading time":"2 minutes"},"schema":{"@context":"https:\/\/schema.org","@graph":[{"@type":"WebPage","@id":"https:\/\/energyrates.ca\/fr\/quebec\/services-delectricite-et-de-gaz-naturel-a-joliette\/","url":"https:\/\/energyrates.ca\/fr\/quebec\/services-delectricite-et-de-gaz-naturel-a-joliette\/","name":"Services d\u2019\u00e9lectricit\u00e9 et de gaz naturel \u00e0 Joliette &#8211; EnergyRates.ca","isPartOf":{"@id":"http:\/\/energyrates.ca\/fr\/#website"},"datePublished":"2019-12-20T19:12:59+00:00","dateModified":"2020-10-14T21:32:33+00:00","breadcrumb":{"@id":"https:\/\/energyrates.ca\/fr\/quebec\/services-delectricite-et-de-gaz-naturel-a-joliette\/#breadcrumb"},"inLanguage":"en-CA","potentialAction":[{"@type":"ReadAction","target":["https:\/\/energyrates.ca\/fr\/quebec\/services-delectricite-et-de-gaz-naturel-a-joliette\/"]}]},{"@type":"BreadcrumbList","@id":"https:\/\/energyrates.ca\/fr\/quebec\/services-delectricite-et-de-gaz-naturel-a-joliette\/#breadcrumb","itemListElement":[{"@type":"ListItem","position":1,"name":"Home","item":"http:\/\/energyrates.ca\/fr\/"},{"@type":"ListItem","position":2,"name":"Qu\u00e9bec","item":"http:\/\/energyrates.ca\/fr\/quebec\/"},{"@type":"ListItem","position":3,"name":"Services d\u2019\u00e9lectricit\u00e9 et de gaz naturel \u00e0 Joliette"}]},{"@type":"WebSite","@id":"http:\/\/energyrates.ca\/fr\/#website","url":"http:\/\/energyrates.ca\/fr\/","name":"EnergyRates.ca","description":"Compare and Find the Lowest Energy Rates","publisher":{"@id":"http:\/\/energyrates.ca\/fr\/#organization"},"potentialAction":[{"@type":"SearchAction","target":{"@type":"EntryPoint","urlTemplate":"http:\/\/energyrates.ca\/fr\/?s={search_term_string}"},"query-input":{"@type":"PropertyValueSpecification","valueRequired":true,"valueName":"search_term_string"}}],"inLanguage":"en-CA"},{"@type":"Organization","@id":"http:\/\/energyrates.ca\/fr\/#organization","name":"EnergyRates.ca","url":"http:\/\/energyrates.ca\/fr\/","logo":{"@type":"ImageObject","inLanguage":"en-CA","@id":"http:\/\/energyrates.ca\/fr\/#\/schema\/logo\/image\/","url":"https:\/\/energyrates.ca\/wp-content\/uploads\/logo_energy_rates.svg","contentUrl":"https:\/\/energyrates.ca\/wp-content\/uploads\/logo_energy_rates.svg","width":356,"height":74,"caption":"EnergyRates.ca"},"image":{"@id":"http:\/\/energyrates.ca\/fr\/#\/schema\/logo\/image\/"}}]}},"_links":{"self":[{"href":"https:\/\/energyrates.ca\/fr\/wp-json\/wp\/v2\/pages\/4521","targetHints":{"allow":["GET"]}}],"collection":[{"href":"https:\/\/energyrates.ca\/fr\/wp-json\/wp\/v2\/pages"}],"about":[{"href":"https:\/\/energyrates.ca\/fr\/wp-json\/wp\/v2\/types\/page"}],"author":[{"embeddable":true,"href":"https:\/\/energyrates.ca\/fr\/wp-json\/wp\/v2\/users\/1"}],"replies":[{"embeddable":true,"href":"https:\/\/energyrates.ca\/fr\/wp-json\/wp\/v2\/comments?post=4521"}],"version-history":[{"count":0,"href":"https:\/\/energyrates.ca\/fr\/wp-json\/wp\/v2\/pages\/4521\/revisions"}],"up":[{"embeddable":true,"href":"https:\/\/energyrates.ca\/fr\/wp-json\/wp\/v2\/pages\/4544"}],"wp:attachment":[{"href":"https:\/\/energyrates.ca\/fr\/wp-json\/wp\/v2\/media?parent=4521"}],"curies":[{"name":"wp","href":"https:\/\/api.w.org\/{rel}","templated":true}]}}