{"id":4517,"date":"2019-12-20T10:12:32","date_gmt":"2019-12-20T17:12:32","guid":{"rendered":"https:\/\/stgpmmenergy.wpengine.com\/?page_id=4517"},"modified":"2020-10-14T15:28:19","modified_gmt":"2020-10-14T21:28:19","slug":"comprendre-les-tarifs-de-gaz-naturel-et-delectricite-au-quebec","status":"publish","type":"page","link":"https:\/\/energyrates.ca\/fr\/quebec\/comprendre-les-tarifs-de-gaz-naturel-et-delectricite-au-quebec\/","title":{"rendered":"Comprendre les tarifs de gaz naturel et d\u2019\u00e9lectricit\u00e9 au Qu\u00e9bec"},"content":{"rendered":"\n<h2 class=\"wp-block-heading\">Analyse des co\u00fbts d\u2019\u00e9lectricit\u00e9<\/h2>\n\n\n\n<p><a href=\"\/?page_id=4544\">Les tarifs d\u2019\u00e9lectricit\u00e9 au Qu\u00e9bec<\/a> pour les clients r\u00e9sidentiels et commerciaux n\u2019incluent pas seulement le co\u00fbt de l\u2019\u00e9lectricit\u00e9 dans la province, mais des taxes administratives et des co\u00fbts de distribution et de connexion.<\/p>\n\n\n\n<p>Approuv\u00e9e par la R\u00e9gie de l\u2019\u00e9nergie, les co\u00fbts de service s\u2019ajoutent \u00e0 votre facture mensuelle d\u2019\u00e9lectricit\u00e9. Certains co\u00fbts varient selon votre consommation et d\u2019autres sont implant\u00e9s pour tout client d\u2019<a href=\"\/?page_id=4520\">Hydro-Qu\u00e9bec<\/a>.<\/p>\n\n\n\n<p><strong>Frais d\u2019acc\u00e8s au r\u00e9seau :<\/strong> Peu importe votre consommation, les frais d\u2019acc\u00e8s au r\u00e9seau, c\u2019est-\u00e0-dire le montant \u00e0 payer pour le service, est calcul\u00e9&nbsp;de la fa\u00e7on suivante :<\/p>\n\n\n\n<p><em>Frais d\u2019acc\u00e8s quotidiens au r\u00e9seau x nombre de jours de la p\u00e9riode de facturation (habituellement 30 jours)<\/em><\/p>\n\n\n\n<p>Le montant pour l\u2019acc\u00e8s au r\u00e9seau ne varie pas selon votre consommation mensuelle, mais selon le groupe de tarification.<\/p>\n\n\n\n<p>Depuis juillet 2019, les frais d\u2019acc\u00e8s au r\u00e9seau pour le tarif D (tarif standard dans le secteur r\u00e9sidentiel) est de 40,64 cents par jour. Les 40 premiers kilowattheures (kWh) par jour co\u00fbte 6,08 cents, tandis que le reste monte \u00e0 9,38 cents\/kWh.<\/p>\n\n\n\n<p>Vous pouvez potentiellement trouver ces frais sur votre facture d\u2019Hydro-Qu\u00e9bec :<\/p>\n\n\n\n<ul class=\"wp-block-list\"><li><strong>Frais d\u2019abonnement :<\/strong> Sans frais (libre-service), 25 $ (par tout autre moyen)<\/li><li><strong>Frais mensuels de rel\u00e8ve :<\/strong> 2,50 $<\/li><li><strong>Frais pour provision insuffisante : <\/strong>10 $<\/li><li><strong>Frais initiaux d\u2019installation<\/strong>&nbsp;<strong>: <\/strong>85 $<\/li><\/ul>\n\n\n\n<h2 class=\"wp-block-heading\">Analyse des tarifs de gaz naturel<\/h2>\n\n\n\n<p>Les tarifs de gaz naturel au Qu\u00e9bec se s\u00e9parent sur de multiples co\u00fbts incluant le <strong>co\u00fbt de transport et distribution<\/strong>, la <strong>fourniture de gaz naturel<\/strong> et des <strong>frais de base<\/strong>.<\/p>\n\n\n\n<p>Depuis d\u00e9but 2019, les co\u00fbts ci-dessous se trouvent sur votre <a href=\"\/?page_id=4515\">facture d\u2019\u00c9nergir, anciennement Gaz M\u00e9tro<\/a>, la plus grande entreprise de distribution de gaz naturel au Qu\u00e9bec, ainsi que le fournisseur par d\u00e9faut sur la majorit\u00e9 de la province.<\/p>\n\n\n\n<ul class=\"wp-block-list\"><li>Fourniture de gaz naturel (gaz naturel destin\u00e9 \u00e0 alimenter les appareils \u00e0 l\u2019adresse de service) : 15.1762 \u00a2\/m\u00b3<\/li><li>Co\u00fbt de transport (acheminement du gaz naturel jusqu\u2019au territoire d\u2019\u00c9nergir) : 2.907 \u00a2\/m\u00b3<\/li><li>\u00c9quilibrage (gestion des variations entre les volumes d\u2019hiver et d\u2019\u00e9t\u00e9) : 6.082 \u00a2\/m\u00b3<\/li><li>Ajustements reli\u00e9s aux inventaires (Fluctuation des prix et co\u00fbts pour le maintien du ou des inventaires) : 0.178 \u00a2\/m\u00b3<\/li><li>Distribution (acheminement du gaz naturel dans le r\u00e9seau d\u2019\u00c9nergir jusqu\u2019\u00e0 l\u2019adresse de service) : 31.741 \u00a2\/m\u00b3<\/li><li>Syst\u00e8me de plafonnement et d\u2019\u00e9change de droit d\u2019\u00e9mission (co\u00fbt de droit d\u2019\u00e9mission relatif \u00e0 la combustion du gaz naturel) : 4.015 \u00a2\/m\u00b3<\/li><\/ul>\n\n\n\n<p><strong>Frais de base : <\/strong>Co\u00fbts d\u2019administration li\u00e9s \u00e0 tout compteur au cours de la p\u00e9riode vis\u00e9e. Le calcul se fait de la mani\u00e8re suivante :<\/p>\n\n\n\n<p><em>[Compteur] x [nombre de jours (p\u00e9riode de facturation)] x [tarifs] = Frais de base<\/em><\/p>\n\n\n\n<p>Depuis 2019, le tarif de service est en moyenne de 54,989 cents par jour par compteur. \u00c0 titre d\u2019exemple, une r\u00e9sidence avec un seul compteur et une p\u00e9riode de facturation de 30 jours paye&nbsp;:<\/p>\n\n\n\n<p><em>1 x 30 x 54,989 cents = 1 631,9670 cents, or 16,319670 dollars<\/em><\/p>\n\n\n\n<p>Toutefois, \u00e0 noter que certains tarifs sont modifi\u00e9s en fonction de la consommation d\u2019\u00e9nergie et du fournisseur de gaz naturel. Un consommateur au Qu\u00e9bec a la chance de choisir son fournisseur, ce qui peut r\u00e9sulter \u00e0 diff\u00e9rents tarifs de gaz naturel, ainsi que diff\u00e9rents frais d\u2019administration. Pour plus d\u2019informations sur les options offertes,&nbsp; remplissez l\u2019\u00e9valuation en ligne avec votre code postal pour conna\u00eetre les diff\u00e9rents tarifs de gaz naturel offerts au Qu\u00e9bec.<\/p>\n","protected":false},"excerpt":{"rendered":"<p>Analyse des co\u00fbts d\u2019\u00e9lectricit\u00e9 Les tarifs d\u2019\u00e9lectricit\u00e9 au Qu\u00e9bec pour les clients r\u00e9sidentiels et commerciaux n\u2019incluent pas seulement le co\u00fbt de l\u2019\u00e9lectricit\u00e9 dans la province, mais des taxes administratives et des co\u00fbts de distribution et de connexion. Approuv\u00e9e par la R\u00e9gie de l\u2019\u00e9nergie, les co\u00fbts de service s\u2019ajoutent \u00e0 votre facture mensuelle d\u2019\u00e9lectricit\u00e9. Certains co\u00fbts [&hellip;]<\/p>\n","protected":false},"author":1,"featured_media":0,"parent":4544,"menu_order":409,"comment_status":"closed","ping_status":"closed","template":"","meta":{"_acf_changed":false,"_genesis_hide_title":false,"_genesis_hide_breadcrumbs":false,"_genesis_hide_singular_image":false,"_genesis_hide_footer_widgets":false,"_genesis_custom_body_class":"","_genesis_custom_post_class":"","_genesis_layout":"","footnotes":""},"class_list":{"0":"post-4517","1":"page","2":"type-page","3":"status-publish","5":"entry"},"acf":[],"yoast_head":"<!-- This site is optimized with the Yoast SEO Premium plugin v27.2 (Yoast SEO v27.2) - https:\/\/yoast.com\/product\/yoast-seo-premium-wordpress\/ -->\n<title>Comprendre les tarifs de gaz naturel et d\u2019\u00e9lectricit\u00e9 au Qu\u00e9bec &#8211; EnergyRates.ca<\/title>\n<meta name=\"robots\" content=\"index, follow, max-snippet:-1, max-image-preview:large, max-video-preview:-1\" \/>\n<link rel=\"canonical\" href=\"https:\/\/energyrates.ca\/fr\/quebec\/comprendre-les-tarifs-de-gaz-naturel-et-delectricite-au-quebec\/\" \/>\n<meta property=\"og:locale\" content=\"en_US\" \/>\n<meta property=\"og:type\" content=\"article\" \/>\n<meta property=\"og:title\" content=\"Comprendre les tarifs de gaz naturel et d\u2019\u00e9lectricit\u00e9 au Qu\u00e9bec\" \/>\n<meta property=\"og:description\" content=\"Analyse des co\u00fbts d\u2019\u00e9lectricit\u00e9 Les tarifs d\u2019\u00e9lectricit\u00e9 au Qu\u00e9bec pour les clients r\u00e9sidentiels et commerciaux n\u2019incluent pas seulement le co\u00fbt de l\u2019\u00e9lectricit\u00e9 dans la province, mais des taxes administratives et des co\u00fbts de distribution et de connexion. Approuv\u00e9e par la R\u00e9gie de l\u2019\u00e9nergie, les co\u00fbts de service s\u2019ajoutent \u00e0 votre facture mensuelle d\u2019\u00e9lectricit\u00e9. Certains co\u00fbts [&hellip;]\" \/>\n<meta property=\"og:url\" content=\"https:\/\/energyrates.ca\/fr\/quebec\/comprendre-les-tarifs-de-gaz-naturel-et-delectricite-au-quebec\/\" \/>\n<meta property=\"og:site_name\" content=\"EnergyRates.ca\" \/>\n<meta property=\"article:modified_time\" content=\"2020-10-14T21:28:19+00:00\" \/>\n<meta name=\"twitter:card\" content=\"summary_large_image\" \/>\n<meta name=\"twitter:label1\" content=\"Est. reading time\" \/>\n\t<meta name=\"twitter:data1\" content=\"3 minutes\" \/>\n<script type=\"application\/ld+json\" class=\"yoast-schema-graph\">{\"@context\":\"https:\/\/schema.org\",\"@graph\":[{\"@type\":\"WebPage\",\"@id\":\"https:\/\/energyrates.ca\/fr\/quebec\/comprendre-les-tarifs-de-gaz-naturel-et-delectricite-au-quebec\/\",\"url\":\"https:\/\/energyrates.ca\/fr\/quebec\/comprendre-les-tarifs-de-gaz-naturel-et-delectricite-au-quebec\/\",\"name\":\"Comprendre les tarifs de gaz naturel et d\u2019\u00e9lectricit\u00e9 au Qu\u00e9bec &#8211; EnergyRates.ca\",\"isPartOf\":{\"@id\":\"http:\/\/energyrates.ca\/fr\/#website\"},\"datePublished\":\"2019-12-20T17:12:32+00:00\",\"dateModified\":\"2020-10-14T21:28:19+00:00\",\"breadcrumb\":{\"@id\":\"https:\/\/energyrates.ca\/fr\/quebec\/comprendre-les-tarifs-de-gaz-naturel-et-delectricite-au-quebec\/#breadcrumb\"},\"inLanguage\":\"en-CA\",\"potentialAction\":[{\"@type\":\"ReadAction\",\"target\":[\"https:\/\/energyrates.ca\/fr\/quebec\/comprendre-les-tarifs-de-gaz-naturel-et-delectricite-au-quebec\/\"]}]},{\"@type\":\"BreadcrumbList\",\"@id\":\"https:\/\/energyrates.ca\/fr\/quebec\/comprendre-les-tarifs-de-gaz-naturel-et-delectricite-au-quebec\/#breadcrumb\",\"itemListElement\":[{\"@type\":\"ListItem\",\"position\":1,\"name\":\"Home\",\"item\":\"http:\/\/energyrates.ca\/fr\/\"},{\"@type\":\"ListItem\",\"position\":2,\"name\":\"Qu\u00e9bec\",\"item\":\"http:\/\/energyrates.ca\/fr\/quebec\/\"},{\"@type\":\"ListItem\",\"position\":3,\"name\":\"Comprendre les tarifs de gaz naturel et d\u2019\u00e9lectricit\u00e9 au Qu\u00e9bec\"}]},{\"@type\":\"WebSite\",\"@id\":\"http:\/\/energyrates.ca\/fr\/#website\",\"url\":\"http:\/\/energyrates.ca\/fr\/\",\"name\":\"EnergyRates.ca\",\"description\":\"Compare and Find the Lowest Energy Rates\",\"publisher\":{\"@id\":\"http:\/\/energyrates.ca\/fr\/#organization\"},\"potentialAction\":[{\"@type\":\"SearchAction\",\"target\":{\"@type\":\"EntryPoint\",\"urlTemplate\":\"http:\/\/energyrates.ca\/fr\/?s={search_term_string}\"},\"query-input\":{\"@type\":\"PropertyValueSpecification\",\"valueRequired\":true,\"valueName\":\"search_term_string\"}}],\"inLanguage\":\"en-CA\"},{\"@type\":\"Organization\",\"@id\":\"http:\/\/energyrates.ca\/fr\/#organization\",\"name\":\"EnergyRates.ca\",\"url\":\"http:\/\/energyrates.ca\/fr\/\",\"logo\":{\"@type\":\"ImageObject\",\"inLanguage\":\"en-CA\",\"@id\":\"http:\/\/energyrates.ca\/fr\/#\/schema\/logo\/image\/\",\"url\":\"https:\/\/energyrates.ca\/wp-content\/uploads\/logo_energy_rates.svg\",\"contentUrl\":\"https:\/\/energyrates.ca\/wp-content\/uploads\/logo_energy_rates.svg\",\"width\":356,\"height\":74,\"caption\":\"EnergyRates.ca\"},\"image\":{\"@id\":\"http:\/\/energyrates.ca\/fr\/#\/schema\/logo\/image\/\"}}]}<\/script>\n<!-- \/ Yoast SEO Premium plugin. -->","yoast_head_json":{"title":"Comprendre les tarifs de gaz naturel et d\u2019\u00e9lectricit\u00e9 au Qu\u00e9bec &#8211; EnergyRates.ca","robots":{"index":"index","follow":"follow","max-snippet":"max-snippet:-1","max-image-preview":"max-image-preview:large","max-video-preview":"max-video-preview:-1"},"canonical":"https:\/\/energyrates.ca\/fr\/quebec\/comprendre-les-tarifs-de-gaz-naturel-et-delectricite-au-quebec\/","og_locale":"en_US","og_type":"article","og_title":"Comprendre les tarifs de gaz naturel et d\u2019\u00e9lectricit\u00e9 au Qu\u00e9bec","og_description":"Analyse des co\u00fbts d\u2019\u00e9lectricit\u00e9 Les tarifs d\u2019\u00e9lectricit\u00e9 au Qu\u00e9bec pour les clients r\u00e9sidentiels et commerciaux n\u2019incluent pas seulement le co\u00fbt de l\u2019\u00e9lectricit\u00e9 dans la province, mais des taxes administratives et des co\u00fbts de distribution et de connexion. Approuv\u00e9e par la R\u00e9gie de l\u2019\u00e9nergie, les co\u00fbts de service s\u2019ajoutent \u00e0 votre facture mensuelle d\u2019\u00e9lectricit\u00e9. Certains co\u00fbts [&hellip;]","og_url":"https:\/\/energyrates.ca\/fr\/quebec\/comprendre-les-tarifs-de-gaz-naturel-et-delectricite-au-quebec\/","og_site_name":"EnergyRates.ca","article_modified_time":"2020-10-14T21:28:19+00:00","twitter_card":"summary_large_image","twitter_misc":{"Est. reading time":"3 minutes"},"schema":{"@context":"https:\/\/schema.org","@graph":[{"@type":"WebPage","@id":"https:\/\/energyrates.ca\/fr\/quebec\/comprendre-les-tarifs-de-gaz-naturel-et-delectricite-au-quebec\/","url":"https:\/\/energyrates.ca\/fr\/quebec\/comprendre-les-tarifs-de-gaz-naturel-et-delectricite-au-quebec\/","name":"Comprendre les tarifs de gaz naturel et d\u2019\u00e9lectricit\u00e9 au Qu\u00e9bec &#8211; EnergyRates.ca","isPartOf":{"@id":"http:\/\/energyrates.ca\/fr\/#website"},"datePublished":"2019-12-20T17:12:32+00:00","dateModified":"2020-10-14T21:28:19+00:00","breadcrumb":{"@id":"https:\/\/energyrates.ca\/fr\/quebec\/comprendre-les-tarifs-de-gaz-naturel-et-delectricite-au-quebec\/#breadcrumb"},"inLanguage":"en-CA","potentialAction":[{"@type":"ReadAction","target":["https:\/\/energyrates.ca\/fr\/quebec\/comprendre-les-tarifs-de-gaz-naturel-et-delectricite-au-quebec\/"]}]},{"@type":"BreadcrumbList","@id":"https:\/\/energyrates.ca\/fr\/quebec\/comprendre-les-tarifs-de-gaz-naturel-et-delectricite-au-quebec\/#breadcrumb","itemListElement":[{"@type":"ListItem","position":1,"name":"Home","item":"http:\/\/energyrates.ca\/fr\/"},{"@type":"ListItem","position":2,"name":"Qu\u00e9bec","item":"http:\/\/energyrates.ca\/fr\/quebec\/"},{"@type":"ListItem","position":3,"name":"Comprendre les tarifs de gaz naturel et d\u2019\u00e9lectricit\u00e9 au Qu\u00e9bec"}]},{"@type":"WebSite","@id":"http:\/\/energyrates.ca\/fr\/#website","url":"http:\/\/energyrates.ca\/fr\/","name":"EnergyRates.ca","description":"Compare and Find the Lowest Energy Rates","publisher":{"@id":"http:\/\/energyrates.ca\/fr\/#organization"},"potentialAction":[{"@type":"SearchAction","target":{"@type":"EntryPoint","urlTemplate":"http:\/\/energyrates.ca\/fr\/?s={search_term_string}"},"query-input":{"@type":"PropertyValueSpecification","valueRequired":true,"valueName":"search_term_string"}}],"inLanguage":"en-CA"},{"@type":"Organization","@id":"http:\/\/energyrates.ca\/fr\/#organization","name":"EnergyRates.ca","url":"http:\/\/energyrates.ca\/fr\/","logo":{"@type":"ImageObject","inLanguage":"en-CA","@id":"http:\/\/energyrates.ca\/fr\/#\/schema\/logo\/image\/","url":"https:\/\/energyrates.ca\/wp-content\/uploads\/logo_energy_rates.svg","contentUrl":"https:\/\/energyrates.ca\/wp-content\/uploads\/logo_energy_rates.svg","width":356,"height":74,"caption":"EnergyRates.ca"},"image":{"@id":"http:\/\/energyrates.ca\/fr\/#\/schema\/logo\/image\/"}}]}},"_links":{"self":[{"href":"https:\/\/energyrates.ca\/fr\/wp-json\/wp\/v2\/pages\/4517","targetHints":{"allow":["GET"]}}],"collection":[{"href":"https:\/\/energyrates.ca\/fr\/wp-json\/wp\/v2\/pages"}],"about":[{"href":"https:\/\/energyrates.ca\/fr\/wp-json\/wp\/v2\/types\/page"}],"author":[{"embeddable":true,"href":"https:\/\/energyrates.ca\/fr\/wp-json\/wp\/v2\/users\/1"}],"replies":[{"embeddable":true,"href":"https:\/\/energyrates.ca\/fr\/wp-json\/wp\/v2\/comments?post=4517"}],"version-history":[{"count":0,"href":"https:\/\/energyrates.ca\/fr\/wp-json\/wp\/v2\/pages\/4517\/revisions"}],"up":[{"embeddable":true,"href":"https:\/\/energyrates.ca\/fr\/wp-json\/wp\/v2\/pages\/4544"}],"wp:attachment":[{"href":"https:\/\/energyrates.ca\/fr\/wp-json\/wp\/v2\/media?parent=4517"}],"curies":[{"name":"wp","href":"https:\/\/api.w.org\/{rel}","templated":true}]}}