{"id":4514,"date":"2019-12-20T12:16:56","date_gmt":"2019-12-20T19:16:56","guid":{"rendered":"https:\/\/stgpmmenergy.wpengine.com\/?page_id=4514"},"modified":"2020-10-14T15:23:29","modified_gmt":"2020-10-14T21:23:29","slug":"services-delectricite-et-de-gaz-naturel-a-coaticook","status":"publish","type":"page","link":"https:\/\/energyrates.ca\/fr\/quebec\/services-delectricite-et-de-gaz-naturel-a-coaticook\/","title":{"rendered":"Services d\u2019\u00e9lectricit\u00e9 et de gaz naturel \u00e0 Coaticook"},"content":{"rendered":"\n<p>Coaticook est une ville dans le secteur sud-est de la province, au long de la rivi\u00e8re Coaticook. Avec une population de 9&nbsp;255 personnes, la ville enchante les touristes au pouce vert gr\u00e2ce \u00e0 ses destinations comme le Mont Pinacle et le parc D\u00e9couverte Nature.<\/p>\n\n\n\n<p>Non seulement l\u2019industrie du tourisme est en croissance, l\u2019\u00e9conomie de Coaticook l\u2019est aussi gr\u00e2ce \u00e0 des investissements technologiques comme dans des projets pour un service Internet haute vitesse ainsi que des op\u00e9rations agricoles en progression.<\/p>\n\n\n\n<p>Malgr\u00e9 cette croissance \u00e9conomique, les m\u00e9nages, commerces locaux et industries tentent d\u2019ajuster le co\u00fbt de la vie et ses co\u00fbts d\u2019op\u00e9rations, ce qui inclue les frais de service d\u2019\u00e9lectricit\u00e9 et de gaz naturel.<\/p>\n\n\n\n<p>Int\u00e9ress\u00e9 \u00e0 minimiser les co\u00fbts \u00e9nerg\u00e9tiques \u00e0 Coaticook ? Vous trouverez une explication sur comment les services \u00e9nerg\u00e9tiques fonctionnent et comment trouver des tarifs abordables dans la r\u00e9gion.<\/p>\n\n\n\n<h2 class=\"wp-block-heading\">Tarifs de gaz naturel \u00e0 Coaticook<\/h2>\n\n\n\n<p>Le march\u00e9 de gaz naturel \u00e0 Coaticook est d\u00e9r\u00e9glement\u00e9, ce qui vous donne le choix d\u2019un fournisseur de gaz naturel ad\u00e9quat pour votre r\u00e9sidence ou commerce (entreprise commerciale, site industriel).<\/p>\n\n\n\n<p>La <a href=\"\/?page_id=4544\">d\u00e9r\u00e9glementation du gaz naturel au Qu\u00e9bec<\/a> \u00e9quivaut \u00e0 de meilleures chances de trouver le plan \u00e9nerg\u00e9tique id\u00e9al pour votre r\u00e9sidence ou commerce. Malheureusement, ceci peut engendrer de la confusion. Apr\u00e8s tout, tous ces choix nous donnent l\u2019impression de ne pas savoir quoi faire.<\/p>\n\n\n\n<p><strong>Comparaison des tarifs de gaz naturel \u00e0 Coaticook : <\/strong>&nbsp;<a href=\"https:\/\/energyrates.ca\/fr\/\">EnergyRates.ca<\/a> est la solution ! Notre outil gratuit et impartial vous donne le pouvoir de comparer les fournisseurs et les tarifs de gaz naturel disponibles \u00e0 Coaticook, et n\u2019importe o\u00f9 au Qu\u00e9bec, selon votre code postal. Pour commencer, remplissez notre \u00e9valuation ci-dessus. Les clients dans le secteur commercial peuvent obtenir une soumission gratuite et personnalis\u00e9e pour une liste de tarifs disponibles selon la consommation d\u2019\u00e9nergie.<\/p>\n\n\n\n<p>Les fournisseurs de gaz naturel dans la r\u00e9gion de Coaticook comprennent, sans toutefois s\u2019y limiter :<\/p>\n\n\n\n<ul class=\"wp-block-list\"><li><a href=\"\/?page_id=4525\">Active Business Services<\/a><\/li><li><a href=\"\/?page_id=4526\">Comsatec<\/a><\/li><li><a href=\"\/?page_id=4527\">Direct Energy<\/a><\/li><li><a href=\"\/?page_id=4528\">Hudson Energy<\/a><\/li><li><a href=\"\/?page_id=4529\">Just Energy<\/a><\/li><li><a href=\"\/?page_id=4530\">Summitt Energy<\/a><\/li><\/ul>\n\n\n\n<h2 class=\"wp-block-heading\">\u00c9lectricit\u00e9 \u00e0 Coaticook<\/h2>\n\n\n\n<p>Hydro-Coaticook, membre de l\u2019Association des redistributeurs d&#8217;\u00e9lectricit\u00e9 du Qu\u00e9bec (AREQ), redistribue l\u2019\u00e9lectricit\u00e9, achet\u00e9 d\u2019Hydro-Qu\u00e9bec, \u00e0 4 000 abonn\u00e9s r\u00e9sidentiels, commerciaux, industriels et institutionnels.<\/p>\n\n\n\n<p>Comme c\u2019est le cas dans toute la province, l\u2019\u00e9lectricit\u00e9 \u00e0 Coaticook est r\u00e9glement\u00e9e&nbsp;: les m\u00e9nages et commerces dans la r\u00e9gion aura affaire \u00e0 <a href=\"\/?page_id=4520\">Hydro-Qu\u00e9bec<\/a> ou un de ses redistributeurs ou coop\u00e9ratives locaux.<\/p>\n\n\n\n<h2 class=\"wp-block-heading\">Historique d\u2019Hydro-Coaticook<\/h2>\n\n\n\n<p>Le Coaticook River Water Power Co. (CRWP Co.), fond\u00e9 en 1890, a commenc\u00e9 son aventure comme fournisseur d\u2019\u00e9lectricit\u00e9 pour de grandes industries. Au d\u00e9but des ann\u00e9es 1900, le commerce se tourne vers les r\u00e9sidences et l\u2019\u00e9clairage de voies publiques.<\/p>\n\n\n\n<p>Dans les ann\u00e9es 1960, au moment qu\u2019Hydro-Qu\u00e9bec nationalise l\u2019\u00e9lectricit\u00e9 dans la province, la ville de Coaticook, actionnaire de CRWP Co., tient \u00e0 continuer les activit\u00e9s de l\u2019entreprise, chose qui contribue, encore aujourd\u2019hui, \u00e0 la prosp\u00e9rit\u00e9 de la ville.<\/p>\n\n\n\n<p>\u00c9tant membre de l\u2019AREQ, Hydro-Coaticook ont des droits et obligations en mati\u00e8re de distribution d\u2019\u00e9lectricit\u00e9 dans la r\u00e9gion, incluant&nbsp;sans s\u2019y limiter :<\/p>\n\n\n\n<ul class=\"wp-block-list\"><li>Entretien des plantes<\/li><li>Entretien de for\u00eats urbaines<\/li><li>Entretien d\u2019\u00e9clairage de voies publiques<\/li><li>Entretien et expansion du r\u00e9seau \u00e9lectrique<\/li><\/ul>\n","protected":false},"excerpt":{"rendered":"<p>Coaticook est une ville dans le secteur sud-est de la province, au long de la rivi\u00e8re Coaticook. Avec une population de 9&nbsp;255 personnes, la ville enchante les touristes au pouce vert gr\u00e2ce \u00e0 ses destinations comme le Mont Pinacle et le parc D\u00e9couverte Nature. Non seulement l\u2019industrie du tourisme est en croissance, l\u2019\u00e9conomie de Coaticook [&hellip;]<\/p>\n","protected":false},"author":1,"featured_media":0,"parent":4544,"menu_order":444,"comment_status":"closed","ping_status":"closed","template":"","meta":{"_acf_changed":false,"_genesis_hide_title":false,"_genesis_hide_breadcrumbs":false,"_genesis_hide_singular_image":false,"_genesis_hide_footer_widgets":false,"_genesis_custom_body_class":"","_genesis_custom_post_class":"","_genesis_layout":"","footnotes":""},"class_list":{"0":"post-4514","1":"page","2":"type-page","3":"status-publish","5":"entry"},"acf":[],"yoast_head":"<!-- This site is optimized with the Yoast SEO Premium plugin v27.2 (Yoast SEO v27.2) - https:\/\/yoast.com\/product\/yoast-seo-premium-wordpress\/ -->\n<title>Services d\u2019\u00e9lectricit\u00e9 et de gaz naturel \u00e0 Coaticook &#8211; EnergyRates.ca<\/title>\n<meta name=\"robots\" content=\"index, follow, max-snippet:-1, max-image-preview:large, max-video-preview:-1\" \/>\n<link rel=\"canonical\" href=\"https:\/\/energyrates.ca\/fr\/quebec\/services-delectricite-et-de-gaz-naturel-a-coaticook\/\" \/>\n<meta property=\"og:locale\" content=\"en_US\" \/>\n<meta property=\"og:type\" content=\"article\" \/>\n<meta property=\"og:title\" content=\"Services d\u2019\u00e9lectricit\u00e9 et de gaz naturel \u00e0 Coaticook\" \/>\n<meta property=\"og:description\" content=\"Coaticook est une ville dans le secteur sud-est de la province, au long de la rivi\u00e8re Coaticook. Avec une population de 9&nbsp;255 personnes, la ville enchante les touristes au pouce vert gr\u00e2ce \u00e0 ses destinations comme le Mont Pinacle et le parc D\u00e9couverte Nature. Non seulement l\u2019industrie du tourisme est en croissance, l\u2019\u00e9conomie de Coaticook [&hellip;]\" \/>\n<meta property=\"og:url\" content=\"https:\/\/energyrates.ca\/fr\/quebec\/services-delectricite-et-de-gaz-naturel-a-coaticook\/\" \/>\n<meta property=\"og:site_name\" content=\"EnergyRates.ca\" \/>\n<meta property=\"article:modified_time\" content=\"2020-10-14T21:23:29+00:00\" \/>\n<meta name=\"twitter:card\" content=\"summary_large_image\" \/>\n<meta name=\"twitter:label1\" content=\"Est. reading time\" \/>\n\t<meta name=\"twitter:data1\" content=\"3 minutes\" \/>\n<script type=\"application\/ld+json\" class=\"yoast-schema-graph\">{\"@context\":\"https:\/\/schema.org\",\"@graph\":[{\"@type\":\"WebPage\",\"@id\":\"https:\/\/energyrates.ca\/fr\/quebec\/services-delectricite-et-de-gaz-naturel-a-coaticook\/\",\"url\":\"https:\/\/energyrates.ca\/fr\/quebec\/services-delectricite-et-de-gaz-naturel-a-coaticook\/\",\"name\":\"Services d\u2019\u00e9lectricit\u00e9 et de gaz naturel \u00e0 Coaticook &#8211; EnergyRates.ca\",\"isPartOf\":{\"@id\":\"http:\/\/energyrates.ca\/fr\/#website\"},\"datePublished\":\"2019-12-20T19:16:56+00:00\",\"dateModified\":\"2020-10-14T21:23:29+00:00\",\"breadcrumb\":{\"@id\":\"https:\/\/energyrates.ca\/fr\/quebec\/services-delectricite-et-de-gaz-naturel-a-coaticook\/#breadcrumb\"},\"inLanguage\":\"en-CA\",\"potentialAction\":[{\"@type\":\"ReadAction\",\"target\":[\"https:\/\/energyrates.ca\/fr\/quebec\/services-delectricite-et-de-gaz-naturel-a-coaticook\/\"]}]},{\"@type\":\"BreadcrumbList\",\"@id\":\"https:\/\/energyrates.ca\/fr\/quebec\/services-delectricite-et-de-gaz-naturel-a-coaticook\/#breadcrumb\",\"itemListElement\":[{\"@type\":\"ListItem\",\"position\":1,\"name\":\"Home\",\"item\":\"http:\/\/energyrates.ca\/fr\/\"},{\"@type\":\"ListItem\",\"position\":2,\"name\":\"Qu\u00e9bec\",\"item\":\"http:\/\/energyrates.ca\/fr\/quebec\/\"},{\"@type\":\"ListItem\",\"position\":3,\"name\":\"Services d\u2019\u00e9lectricit\u00e9 et de gaz naturel \u00e0 Coaticook\"}]},{\"@type\":\"WebSite\",\"@id\":\"http:\/\/energyrates.ca\/fr\/#website\",\"url\":\"http:\/\/energyrates.ca\/fr\/\",\"name\":\"EnergyRates.ca\",\"description\":\"Compare and Find the Lowest Energy Rates\",\"publisher\":{\"@id\":\"http:\/\/energyrates.ca\/fr\/#organization\"},\"potentialAction\":[{\"@type\":\"SearchAction\",\"target\":{\"@type\":\"EntryPoint\",\"urlTemplate\":\"http:\/\/energyrates.ca\/fr\/?s={search_term_string}\"},\"query-input\":{\"@type\":\"PropertyValueSpecification\",\"valueRequired\":true,\"valueName\":\"search_term_string\"}}],\"inLanguage\":\"en-CA\"},{\"@type\":\"Organization\",\"@id\":\"http:\/\/energyrates.ca\/fr\/#organization\",\"name\":\"EnergyRates.ca\",\"url\":\"http:\/\/energyrates.ca\/fr\/\",\"logo\":{\"@type\":\"ImageObject\",\"inLanguage\":\"en-CA\",\"@id\":\"http:\/\/energyrates.ca\/fr\/#\/schema\/logo\/image\/\",\"url\":\"https:\/\/energyrates.ca\/wp-content\/uploads\/logo_energy_rates.svg\",\"contentUrl\":\"https:\/\/energyrates.ca\/wp-content\/uploads\/logo_energy_rates.svg\",\"width\":356,\"height\":74,\"caption\":\"EnergyRates.ca\"},\"image\":{\"@id\":\"http:\/\/energyrates.ca\/fr\/#\/schema\/logo\/image\/\"}}]}<\/script>\n<!-- \/ Yoast SEO Premium plugin. -->","yoast_head_json":{"title":"Services d\u2019\u00e9lectricit\u00e9 et de gaz naturel \u00e0 Coaticook &#8211; EnergyRates.ca","robots":{"index":"index","follow":"follow","max-snippet":"max-snippet:-1","max-image-preview":"max-image-preview:large","max-video-preview":"max-video-preview:-1"},"canonical":"https:\/\/energyrates.ca\/fr\/quebec\/services-delectricite-et-de-gaz-naturel-a-coaticook\/","og_locale":"en_US","og_type":"article","og_title":"Services d\u2019\u00e9lectricit\u00e9 et de gaz naturel \u00e0 Coaticook","og_description":"Coaticook est une ville dans le secteur sud-est de la province, au long de la rivi\u00e8re Coaticook. Avec une population de 9&nbsp;255 personnes, la ville enchante les touristes au pouce vert gr\u00e2ce \u00e0 ses destinations comme le Mont Pinacle et le parc D\u00e9couverte Nature. Non seulement l\u2019industrie du tourisme est en croissance, l\u2019\u00e9conomie de Coaticook [&hellip;]","og_url":"https:\/\/energyrates.ca\/fr\/quebec\/services-delectricite-et-de-gaz-naturel-a-coaticook\/","og_site_name":"EnergyRates.ca","article_modified_time":"2020-10-14T21:23:29+00:00","twitter_card":"summary_large_image","twitter_misc":{"Est. reading time":"3 minutes"},"schema":{"@context":"https:\/\/schema.org","@graph":[{"@type":"WebPage","@id":"https:\/\/energyrates.ca\/fr\/quebec\/services-delectricite-et-de-gaz-naturel-a-coaticook\/","url":"https:\/\/energyrates.ca\/fr\/quebec\/services-delectricite-et-de-gaz-naturel-a-coaticook\/","name":"Services d\u2019\u00e9lectricit\u00e9 et de gaz naturel \u00e0 Coaticook &#8211; EnergyRates.ca","isPartOf":{"@id":"http:\/\/energyrates.ca\/fr\/#website"},"datePublished":"2019-12-20T19:16:56+00:00","dateModified":"2020-10-14T21:23:29+00:00","breadcrumb":{"@id":"https:\/\/energyrates.ca\/fr\/quebec\/services-delectricite-et-de-gaz-naturel-a-coaticook\/#breadcrumb"},"inLanguage":"en-CA","potentialAction":[{"@type":"ReadAction","target":["https:\/\/energyrates.ca\/fr\/quebec\/services-delectricite-et-de-gaz-naturel-a-coaticook\/"]}]},{"@type":"BreadcrumbList","@id":"https:\/\/energyrates.ca\/fr\/quebec\/services-delectricite-et-de-gaz-naturel-a-coaticook\/#breadcrumb","itemListElement":[{"@type":"ListItem","position":1,"name":"Home","item":"http:\/\/energyrates.ca\/fr\/"},{"@type":"ListItem","position":2,"name":"Qu\u00e9bec","item":"http:\/\/energyrates.ca\/fr\/quebec\/"},{"@type":"ListItem","position":3,"name":"Services d\u2019\u00e9lectricit\u00e9 et de gaz naturel \u00e0 Coaticook"}]},{"@type":"WebSite","@id":"http:\/\/energyrates.ca\/fr\/#website","url":"http:\/\/energyrates.ca\/fr\/","name":"EnergyRates.ca","description":"Compare and Find the Lowest Energy Rates","publisher":{"@id":"http:\/\/energyrates.ca\/fr\/#organization"},"potentialAction":[{"@type":"SearchAction","target":{"@type":"EntryPoint","urlTemplate":"http:\/\/energyrates.ca\/fr\/?s={search_term_string}"},"query-input":{"@type":"PropertyValueSpecification","valueRequired":true,"valueName":"search_term_string"}}],"inLanguage":"en-CA"},{"@type":"Organization","@id":"http:\/\/energyrates.ca\/fr\/#organization","name":"EnergyRates.ca","url":"http:\/\/energyrates.ca\/fr\/","logo":{"@type":"ImageObject","inLanguage":"en-CA","@id":"http:\/\/energyrates.ca\/fr\/#\/schema\/logo\/image\/","url":"https:\/\/energyrates.ca\/wp-content\/uploads\/logo_energy_rates.svg","contentUrl":"https:\/\/energyrates.ca\/wp-content\/uploads\/logo_energy_rates.svg","width":356,"height":74,"caption":"EnergyRates.ca"},"image":{"@id":"http:\/\/energyrates.ca\/fr\/#\/schema\/logo\/image\/"}}]}},"_links":{"self":[{"href":"https:\/\/energyrates.ca\/fr\/wp-json\/wp\/v2\/pages\/4514","targetHints":{"allow":["GET"]}}],"collection":[{"href":"https:\/\/energyrates.ca\/fr\/wp-json\/wp\/v2\/pages"}],"about":[{"href":"https:\/\/energyrates.ca\/fr\/wp-json\/wp\/v2\/types\/page"}],"author":[{"embeddable":true,"href":"https:\/\/energyrates.ca\/fr\/wp-json\/wp\/v2\/users\/1"}],"replies":[{"embeddable":true,"href":"https:\/\/energyrates.ca\/fr\/wp-json\/wp\/v2\/comments?post=4514"}],"version-history":[{"count":0,"href":"https:\/\/energyrates.ca\/fr\/wp-json\/wp\/v2\/pages\/4514\/revisions"}],"up":[{"embeddable":true,"href":"https:\/\/energyrates.ca\/fr\/wp-json\/wp\/v2\/pages\/4544"}],"wp:attachment":[{"href":"https:\/\/energyrates.ca\/fr\/wp-json\/wp\/v2\/media?parent=4514"}],"curies":[{"name":"wp","href":"https:\/\/api.w.org\/{rel}","templated":true}]}}