{"id":4512,"date":"2019-10-14T23:37:48","date_gmt":"2019-10-15T05:37:48","guid":{"rendered":"https:\/\/stgpmmenergy.wpengine.com\/?page_id=4512"},"modified":"2020-10-14T15:15:00","modified_gmt":"2020-10-14T21:15:00","slug":"a-propos-de-nous","status":"publish","type":"page","link":"https:\/\/energyrates.ca\/fr\/a-propos-de-nous\/","title":{"rendered":"\u00c0 propos de nous"},"content":{"rendered":"\n<h3 class=\"wp-block-heading\">DU CHOIX EN \u00c9NERGIE<\/h3>\n\n\n\n<p>Au Canada, certains march\u00e9s \u00e9nerg\u00e9tiques sont d\u00e9r\u00e9glement\u00e9s, ce qui donne la chance aux consommateurs de choisir le meilleur fournisseur de gaz naturel et d\u2019\u00e9lectricit\u00e9, mais peut cr\u00e9er de la confusion entre ces fournisseurs, plans, produits et tarifs. Comparer les plans peut \u00eatre compliqu\u00e9, car chaque fournisseur pr\u00e9sente leurs produits diff\u00e9remment et rend la recherche peu rentable. Notre mission chez Energyrates.ca est de vous simplifier la vie en pr\u00e9sentant le plan \u00e9nerg\u00e9tique parfait dans les march\u00e9s \u00e9nerg\u00e9tiques d\u00e9r\u00e9glement\u00e9s. En d\u2019autres mots, nous travaillons pour vous. Nous r\u00e9coltons l\u2019information des tarifs et plans \u00e9nerg\u00e9tiques selon votre r\u00e9gion et le pr\u00e9sentons d\u2019une mani\u00e8re o\u00f9 vous pouvez comparer les pommes avec les pommes. Le choix vous revient, consommateur d\u2019\u00e9nergie, sans obligation d\u2019achat.<\/p>\n\n\n\n<h3 class=\"wp-block-heading\">QUI SOMMES-NOUS ?<\/h3>\n\n\n\n<p>Energyrates.ca est une entreprise priv\u00e9e qui offre un service gratuit et impartial de comparaison de tarifs et plans \u00e9nerg\u00e9tiques pour tout consommateur \u00e9nerg\u00e9tique r\u00e9sidentiel, commercial et industriel. Nous analysons plus d\u2019une centaine de fournisseurs, produits et plans disponibles \u00e0 travers le Canada pour vous pr\u00e9senter les meilleurs tarifs d\u2019\u00e9lectricit\u00e9 et de gaz naturel. Avec notre outil de comparaison de tarifs, les consommateurs d\u00e9couvrent les meilleurs prix selon leur code postal.<\/p>\n\n\n\n<h3 class=\"wp-block-heading\">AVIS IMPARTIAL<\/h3>\n\n\n\n<p>\u00c9tant impartial, Energyrates.ca n\u2019est pas un fournisseur; nous ne vendons pas de services de gaz naturel ou d\u2019\u00e9lectricit\u00e9. Nous offrons un outil de comparaison ind\u00e9pendant, n\u2019appartenant pas \u00e0 un service public ou agence gouvernementale. Notre outil pr\u00e9sente les plans de gaz naturel et d\u2019\u00e9lectricit\u00e9 disponibles pour que les consommateurs soient capables de comparer ses options et prendre des d\u00e9cisions rapides et informatives.<\/p>\n\n\n\n<h3 class=\"wp-block-heading\">COMMENT FONCTIONNONS-NOUS ?<\/h3>\n\n\n\n<p>Energyrates.ca compare les fournisseurs, plans et tarifs d\u2019\u00e9nergie et les pr\u00e9sente aux consommateurs selon la r\u00e9gion. Nous \u00e9liminons l\u2019inconv\u00e9nient de la recherche complexe dans le march\u00e9 \u00e9nerg\u00e9tique, ce qui vous permet d\u2019analyser vos options et choisir le meilleur plan. \u00c0 ce moment-l\u00e0, nous vous dirigeons directement vers le fournisseur. Aucun contrat est sign\u00e9 entre le consommateur et Energyrates.ca, car les engagements sont pris directement avec le fournisseur.<\/p>\n\n\n\n<h3 class=\"wp-block-heading\">COMMENT FAISONS-NOUS DU PROFIT ?<\/h3>\n\n\n\n<p>Energyrates.ca est un service 100% gratuit pour tout consommateur, sans frais ou obligations. Nous sommes un commerce \u00e0 but lucratif, mais la question reste&nbsp;: Comment faisons-nous du profit ? Nous \u00e9tablissons des relations avec les fournisseurs d\u2019\u00e9nergie en nous offrant une cotisation au moment o\u00f9 nous listons les produits ou qu\u2019un client s\u2019inscrit \u00e0 partir de notre site. Aucun de ces frais ou taux de marge est pass\u00e9 au client. Les plans affich\u00e9s sur Energyrates.ca sont identiques \u00e0 ceux du fournisseur et les prix affich\u00e9s sont toujours les plus bas. Exception&nbsp;: \u00e0 l\u2019occasion, nous pouvons vous offrir un tarif plus bas que celui du fournisseur pour vous donner la chance d\u2019\u00e9conomiser encore plus en utilisant Energyrates.ca.<\/p>\n","protected":false},"excerpt":{"rendered":"<p>DU CHOIX EN \u00c9NERGIE Au Canada, certains march\u00e9s \u00e9nerg\u00e9tiques sont d\u00e9r\u00e9glement\u00e9s, ce qui donne la chance aux consommateurs de choisir le meilleur fournisseur de gaz naturel et d\u2019\u00e9lectricit\u00e9, mais peut cr\u00e9er de la confusion entre ces fournisseurs, plans, produits et tarifs. Comparer les plans peut \u00eatre compliqu\u00e9, car chaque fournisseur pr\u00e9sente leurs produits diff\u00e9remment et [&hellip;]<\/p>\n","protected":false},"author":1,"featured_media":0,"parent":0,"menu_order":396,"comment_status":"closed","ping_status":"closed","template":"","meta":{"_acf_changed":false,"_genesis_hide_title":false,"_genesis_hide_breadcrumbs":false,"_genesis_hide_singular_image":false,"_genesis_hide_footer_widgets":false,"_genesis_custom_body_class":"","_genesis_custom_post_class":"","_genesis_layout":"","footnotes":""},"class_list":{"0":"post-4512","1":"page","2":"type-page","3":"status-publish","5":"entry"},"acf":[],"yoast_head":"<!-- This site is optimized with the Yoast SEO Premium plugin v27.2 (Yoast SEO v27.2) - https:\/\/yoast.com\/product\/yoast-seo-premium-wordpress\/ -->\n<title>\u00c0 propos de nous &#8211; EnergyRates.ca<\/title>\n<meta name=\"robots\" content=\"index, follow, max-snippet:-1, max-image-preview:large, max-video-preview:-1\" \/>\n<link rel=\"canonical\" href=\"https:\/\/energyrates.ca\/fr\/a-propos-de-nous\/\" \/>\n<meta property=\"og:locale\" content=\"en_US\" \/>\n<meta property=\"og:type\" content=\"article\" \/>\n<meta property=\"og:title\" content=\"\u00c0 propos de nous\" \/>\n<meta property=\"og:description\" content=\"DU CHOIX EN \u00c9NERGIE Au Canada, certains march\u00e9s \u00e9nerg\u00e9tiques sont d\u00e9r\u00e9glement\u00e9s, ce qui donne la chance aux consommateurs de choisir le meilleur fournisseur de gaz naturel et d\u2019\u00e9lectricit\u00e9, mais peut cr\u00e9er de la confusion entre ces fournisseurs, plans, produits et tarifs. Comparer les plans peut \u00eatre compliqu\u00e9, car chaque fournisseur pr\u00e9sente leurs produits diff\u00e9remment et [&hellip;]\" \/>\n<meta property=\"og:url\" content=\"https:\/\/energyrates.ca\/fr\/a-propos-de-nous\/\" \/>\n<meta property=\"og:site_name\" content=\"EnergyRates.ca\" \/>\n<meta property=\"article:modified_time\" content=\"2020-10-14T21:15:00+00:00\" \/>\n<meta name=\"twitter:card\" content=\"summary_large_image\" \/>\n<meta name=\"twitter:label1\" content=\"Est. reading time\" \/>\n\t<meta name=\"twitter:data1\" content=\"3 minutes\" \/>\n<script type=\"application\/ld+json\" class=\"yoast-schema-graph\">{\"@context\":\"https:\/\/schema.org\",\"@graph\":[{\"@type\":\"WebPage\",\"@id\":\"https:\/\/energyrates.ca\/fr\/a-propos-de-nous\/\",\"url\":\"https:\/\/energyrates.ca\/fr\/a-propos-de-nous\/\",\"name\":\"\u00c0 propos de nous &#8211; EnergyRates.ca\",\"isPartOf\":{\"@id\":\"http:\/\/energyrates.ca\/fr\/#website\"},\"datePublished\":\"2019-10-15T05:37:48+00:00\",\"dateModified\":\"2020-10-14T21:15:00+00:00\",\"breadcrumb\":{\"@id\":\"https:\/\/energyrates.ca\/fr\/a-propos-de-nous\/#breadcrumb\"},\"inLanguage\":\"en-CA\",\"potentialAction\":[{\"@type\":\"ReadAction\",\"target\":[\"https:\/\/energyrates.ca\/fr\/a-propos-de-nous\/\"]}]},{\"@type\":\"BreadcrumbList\",\"@id\":\"https:\/\/energyrates.ca\/fr\/a-propos-de-nous\/#breadcrumb\",\"itemListElement\":[{\"@type\":\"ListItem\",\"position\":1,\"name\":\"Home\",\"item\":\"http:\/\/energyrates.ca\/fr\/\"},{\"@type\":\"ListItem\",\"position\":2,\"name\":\"\u00c0 propos de nous\"}]},{\"@type\":\"WebSite\",\"@id\":\"http:\/\/energyrates.ca\/fr\/#website\",\"url\":\"http:\/\/energyrates.ca\/fr\/\",\"name\":\"EnergyRates.ca\",\"description\":\"Compare and Find the Lowest Energy Rates\",\"publisher\":{\"@id\":\"http:\/\/energyrates.ca\/fr\/#organization\"},\"potentialAction\":[{\"@type\":\"SearchAction\",\"target\":{\"@type\":\"EntryPoint\",\"urlTemplate\":\"http:\/\/energyrates.ca\/fr\/?s={search_term_string}\"},\"query-input\":{\"@type\":\"PropertyValueSpecification\",\"valueRequired\":true,\"valueName\":\"search_term_string\"}}],\"inLanguage\":\"en-CA\"},{\"@type\":\"Organization\",\"@id\":\"http:\/\/energyrates.ca\/fr\/#organization\",\"name\":\"EnergyRates.ca\",\"url\":\"http:\/\/energyrates.ca\/fr\/\",\"logo\":{\"@type\":\"ImageObject\",\"inLanguage\":\"en-CA\",\"@id\":\"http:\/\/energyrates.ca\/fr\/#\/schema\/logo\/image\/\",\"url\":\"https:\/\/energyrates.ca\/wp-content\/uploads\/logo_energy_rates.svg\",\"contentUrl\":\"https:\/\/energyrates.ca\/wp-content\/uploads\/logo_energy_rates.svg\",\"width\":356,\"height\":74,\"caption\":\"EnergyRates.ca\"},\"image\":{\"@id\":\"http:\/\/energyrates.ca\/fr\/#\/schema\/logo\/image\/\"}}]}<\/script>\n<!-- \/ Yoast SEO Premium plugin. -->","yoast_head_json":{"title":"\u00c0 propos de nous &#8211; EnergyRates.ca","robots":{"index":"index","follow":"follow","max-snippet":"max-snippet:-1","max-image-preview":"max-image-preview:large","max-video-preview":"max-video-preview:-1"},"canonical":"https:\/\/energyrates.ca\/fr\/a-propos-de-nous\/","og_locale":"en_US","og_type":"article","og_title":"\u00c0 propos de nous","og_description":"DU CHOIX EN \u00c9NERGIE Au Canada, certains march\u00e9s \u00e9nerg\u00e9tiques sont d\u00e9r\u00e9glement\u00e9s, ce qui donne la chance aux consommateurs de choisir le meilleur fournisseur de gaz naturel et d\u2019\u00e9lectricit\u00e9, mais peut cr\u00e9er de la confusion entre ces fournisseurs, plans, produits et tarifs. Comparer les plans peut \u00eatre compliqu\u00e9, car chaque fournisseur pr\u00e9sente leurs produits diff\u00e9remment et [&hellip;]","og_url":"https:\/\/energyrates.ca\/fr\/a-propos-de-nous\/","og_site_name":"EnergyRates.ca","article_modified_time":"2020-10-14T21:15:00+00:00","twitter_card":"summary_large_image","twitter_misc":{"Est. reading time":"3 minutes"},"schema":{"@context":"https:\/\/schema.org","@graph":[{"@type":"WebPage","@id":"https:\/\/energyrates.ca\/fr\/a-propos-de-nous\/","url":"https:\/\/energyrates.ca\/fr\/a-propos-de-nous\/","name":"\u00c0 propos de nous &#8211; EnergyRates.ca","isPartOf":{"@id":"http:\/\/energyrates.ca\/fr\/#website"},"datePublished":"2019-10-15T05:37:48+00:00","dateModified":"2020-10-14T21:15:00+00:00","breadcrumb":{"@id":"https:\/\/energyrates.ca\/fr\/a-propos-de-nous\/#breadcrumb"},"inLanguage":"en-CA","potentialAction":[{"@type":"ReadAction","target":["https:\/\/energyrates.ca\/fr\/a-propos-de-nous\/"]}]},{"@type":"BreadcrumbList","@id":"https:\/\/energyrates.ca\/fr\/a-propos-de-nous\/#breadcrumb","itemListElement":[{"@type":"ListItem","position":1,"name":"Home","item":"http:\/\/energyrates.ca\/fr\/"},{"@type":"ListItem","position":2,"name":"\u00c0 propos de nous"}]},{"@type":"WebSite","@id":"http:\/\/energyrates.ca\/fr\/#website","url":"http:\/\/energyrates.ca\/fr\/","name":"EnergyRates.ca","description":"Compare and Find the Lowest Energy Rates","publisher":{"@id":"http:\/\/energyrates.ca\/fr\/#organization"},"potentialAction":[{"@type":"SearchAction","target":{"@type":"EntryPoint","urlTemplate":"http:\/\/energyrates.ca\/fr\/?s={search_term_string}"},"query-input":{"@type":"PropertyValueSpecification","valueRequired":true,"valueName":"search_term_string"}}],"inLanguage":"en-CA"},{"@type":"Organization","@id":"http:\/\/energyrates.ca\/fr\/#organization","name":"EnergyRates.ca","url":"http:\/\/energyrates.ca\/fr\/","logo":{"@type":"ImageObject","inLanguage":"en-CA","@id":"http:\/\/energyrates.ca\/fr\/#\/schema\/logo\/image\/","url":"https:\/\/energyrates.ca\/wp-content\/uploads\/logo_energy_rates.svg","contentUrl":"https:\/\/energyrates.ca\/wp-content\/uploads\/logo_energy_rates.svg","width":356,"height":74,"caption":"EnergyRates.ca"},"image":{"@id":"http:\/\/energyrates.ca\/fr\/#\/schema\/logo\/image\/"}}]}},"_links":{"self":[{"href":"https:\/\/energyrates.ca\/fr\/wp-json\/wp\/v2\/pages\/4512","targetHints":{"allow":["GET"]}}],"collection":[{"href":"https:\/\/energyrates.ca\/fr\/wp-json\/wp\/v2\/pages"}],"about":[{"href":"https:\/\/energyrates.ca\/fr\/wp-json\/wp\/v2\/types\/page"}],"author":[{"embeddable":true,"href":"https:\/\/energyrates.ca\/fr\/wp-json\/wp\/v2\/users\/1"}],"replies":[{"embeddable":true,"href":"https:\/\/energyrates.ca\/fr\/wp-json\/wp\/v2\/comments?post=4512"}],"version-history":[{"count":0,"href":"https:\/\/energyrates.ca\/fr\/wp-json\/wp\/v2\/pages\/4512\/revisions"}],"wp:attachment":[{"href":"https:\/\/energyrates.ca\/fr\/wp-json\/wp\/v2\/media?parent=4512"}],"curies":[{"name":"wp","href":"https:\/\/api.w.org\/{rel}","templated":true}]}}