{"id":4510,"date":"2019-12-20T12:30:47","date_gmt":"2019-12-20T19:30:47","guid":{"rendered":"https:\/\/stgpmmenergy.wpengine.com\/?page_id=4510"},"modified":"2020-10-14T15:18:42","modified_gmt":"2020-10-14T21:18:42","slug":"services-delectricite-et-de-gaz-naturel-a-baie-comeau","status":"publish","type":"page","link":"https:\/\/energyrates.ca\/fr\/quebec\/services-delectricite-et-de-gaz-naturel-a-baie-comeau\/","title":{"rendered":"Services d\u2019\u00e9lectricit\u00e9 et de gaz naturel \u00e0 Baie-Comeau"},"content":{"rendered":"\n<p>Fond\u00e9 au 20<sup>e<\/sup> si\u00e8cle, Baie-Comeau est une ville qu\u00e9b\u00e9coise prosp\u00e8re avec sa population de 30&nbsp;000 personnes, son h\u00e9ritage industriel ainsi que sa cuisine locale.<\/p>\n\n\n\n<p>La ville est reconnue, entre autres, pour le Jardin de Glaciers, le Bois\u00e9e de la Point St-Gilles et le Parc des Pionniers. Toutefois, nous n\u2019en connaissons jamais assez de Baie-Comeau, comme ses services d\u2019\u00e9lectricit\u00e9 et de gaz naturel.<\/p>\n\n\n\n<p>Saviez-vous que la ville de Baie-Comeau a plusieurs march\u00e9s d\u2019\u00e9lectricit\u00e9 et de gaz naturel ? Ceci peut rendre la t\u00e2che difficile \u00e0 savoir comment d\u00e9terminer les co\u00fbts de services dans une r\u00e9sidence ou un commerce.<\/p>\n\n\n\n<p>Ne vous inqui\u00e9tez pas ! Notre but est de vous rendre la vie simple. Vous trouverez, ci-dessous, une liste de fournisseurs \u00e9nerg\u00e9tiques disponibles dans la r\u00e9gion ainsi que des astuces sur comment comparer les tarifs de gaz naturel.<\/p>\n\n\n\n<h2 class=\"wp-block-heading\">Tarifs de gaz naturel \u00e0 Baie-Comeau<\/h2>\n\n\n\n<p><a href=\"\/?page_id=4544\">Au Qu\u00e9bec, le march\u00e9 de gaz naturel est d\u00e9r\u00e9glement\u00e9<\/a>, ce qui donne la chance aux citoyens d\u2019\u00e9conomiser sur leurs factures en choisissant un fournisseur ind\u00e9pendant. Toutefois, cela cr\u00e9e de la confusion chez les consommateurs.<\/p>\n\n\n\n<p><strong>Comparaison des tarifs de gaz naturel \u00e0 Baie-Comeau : <\/strong>Avec plusieurs choix apportent plus de temps \u00e0 analyser les informations. Avec <a href=\"https:\/\/energyrates.ca\/fr\/\">EnergyRates.ca<\/a>, comparez les fournisseurs et tarifs de gaz naturel selon votre code postal. De cette fa\u00e7on, vous allez prendre une d\u00e9cision abordable pour \u00e9conomiser sur vos factures \u00e9nerg\u00e9tiques.<\/p>\n\n\n\n<p>Les fournisseurs de gaz naturel dans la r\u00e9gion de Baie-Comeau comprennent, sans toutefois s\u2019y limiter&nbsp;:<\/p>\n\n\n\n<ul class=\"wp-block-list\"><li><a href=\"\/?page_id=4524\">Access Gas<\/a><\/li><li><a href=\"\/?page_id=4525\">Active Business Services<\/a><\/li><li><a href=\"\/?page_id=4526\">Comsatec<\/a><\/li><li><a href=\"\/?page_id=4527\">Direct Energy<\/a><\/li><li><a href=\"\/?page_id=4528\">Hudson Energy<\/a><\/li><li><a href=\"\/?page_id=4529\">Just Energy<\/a><\/li><li><a href=\"\/?page_id=4530\">Summitt Energy<\/a><\/li><\/ul>\n\n\n\n<h2 class=\"wp-block-heading\">\u00c9lectricit\u00e9 \u00e0 Baie-Comeau<\/h2>\n\n\n\n<p>Baie-Comeau est une des rares villes au Qu\u00e9bec \u00e0 avoir deux fournisseurs r\u00e9glement\u00e9s d\u2019\u00e9lectricit\u00e9. L\u2019Association des redistributeurs d&#8217;\u00e9lectricit\u00e9 du Qu\u00e9bec (AREQ), poss\u00e9dant plus de 5&nbsp;200 clients, sert la partie est de la ville (Marquette). <a href=\"\/?page_id=4520\">Hydro-Qu\u00e9bec<\/a> offre ses services dans la section ouest de Baie-Comeau (Mingan).<\/p>\n\n\n\n<hr class=\"wp-block-separator\"\/>\n","protected":false},"excerpt":{"rendered":"<p>Fond\u00e9 au 20e si\u00e8cle, Baie-Comeau est une ville qu\u00e9b\u00e9coise prosp\u00e8re avec sa population de 30&nbsp;000 personnes, son h\u00e9ritage industriel ainsi que sa cuisine locale. La ville est reconnue, entre autres, pour le Jardin de Glaciers, le Bois\u00e9e de la Point St-Gilles et le Parc des Pionniers. Toutefois, nous n\u2019en connaissons jamais assez de Baie-Comeau, comme [&hellip;]<\/p>\n","protected":false},"author":1,"featured_media":0,"parent":4544,"menu_order":450,"comment_status":"closed","ping_status":"closed","template":"","meta":{"_acf_changed":false,"_genesis_hide_title":false,"_genesis_hide_breadcrumbs":false,"_genesis_hide_singular_image":false,"_genesis_hide_footer_widgets":false,"_genesis_custom_body_class":"","_genesis_custom_post_class":"","_genesis_layout":"","footnotes":""},"class_list":{"0":"post-4510","1":"page","2":"type-page","3":"status-publish","5":"entry"},"acf":[],"yoast_head":"<!-- This site is optimized with the Yoast SEO Premium plugin v27.2 (Yoast SEO v27.2) - https:\/\/yoast.com\/product\/yoast-seo-premium-wordpress\/ -->\n<title>Services d\u2019\u00e9lectricit\u00e9 et de gaz naturel \u00e0 Baie-Comeau &#8211; EnergyRates.ca<\/title>\n<meta name=\"robots\" content=\"index, follow, max-snippet:-1, max-image-preview:large, max-video-preview:-1\" \/>\n<link rel=\"canonical\" href=\"https:\/\/energyrates.ca\/fr\/quebec\/services-delectricite-et-de-gaz-naturel-a-baie-comeau\/\" \/>\n<meta property=\"og:locale\" content=\"en_US\" \/>\n<meta property=\"og:type\" content=\"article\" \/>\n<meta property=\"og:title\" content=\"Services d\u2019\u00e9lectricit\u00e9 et de gaz naturel \u00e0 Baie-Comeau\" \/>\n<meta property=\"og:description\" content=\"Fond\u00e9 au 20e si\u00e8cle, Baie-Comeau est une ville qu\u00e9b\u00e9coise prosp\u00e8re avec sa population de 30&nbsp;000 personnes, son h\u00e9ritage industriel ainsi que sa cuisine locale. La ville est reconnue, entre autres, pour le Jardin de Glaciers, le Bois\u00e9e de la Point St-Gilles et le Parc des Pionniers. Toutefois, nous n\u2019en connaissons jamais assez de Baie-Comeau, comme [&hellip;]\" \/>\n<meta property=\"og:url\" content=\"https:\/\/energyrates.ca\/fr\/quebec\/services-delectricite-et-de-gaz-naturel-a-baie-comeau\/\" \/>\n<meta property=\"og:site_name\" content=\"EnergyRates.ca\" \/>\n<meta property=\"article:modified_time\" content=\"2020-10-14T21:18:42+00:00\" \/>\n<meta name=\"twitter:card\" content=\"summary_large_image\" \/>\n<meta name=\"twitter:label1\" content=\"Est. reading time\" \/>\n\t<meta name=\"twitter:data1\" content=\"2 minutes\" \/>\n<script type=\"application\/ld+json\" class=\"yoast-schema-graph\">{\"@context\":\"https:\/\/schema.org\",\"@graph\":[{\"@type\":\"WebPage\",\"@id\":\"https:\/\/energyrates.ca\/fr\/quebec\/services-delectricite-et-de-gaz-naturel-a-baie-comeau\/\",\"url\":\"https:\/\/energyrates.ca\/fr\/quebec\/services-delectricite-et-de-gaz-naturel-a-baie-comeau\/\",\"name\":\"Services d\u2019\u00e9lectricit\u00e9 et de gaz naturel \u00e0 Baie-Comeau &#8211; EnergyRates.ca\",\"isPartOf\":{\"@id\":\"http:\/\/energyrates.ca\/fr\/#website\"},\"datePublished\":\"2019-12-20T19:30:47+00:00\",\"dateModified\":\"2020-10-14T21:18:42+00:00\",\"breadcrumb\":{\"@id\":\"https:\/\/energyrates.ca\/fr\/quebec\/services-delectricite-et-de-gaz-naturel-a-baie-comeau\/#breadcrumb\"},\"inLanguage\":\"en-CA\",\"potentialAction\":[{\"@type\":\"ReadAction\",\"target\":[\"https:\/\/energyrates.ca\/fr\/quebec\/services-delectricite-et-de-gaz-naturel-a-baie-comeau\/\"]}]},{\"@type\":\"BreadcrumbList\",\"@id\":\"https:\/\/energyrates.ca\/fr\/quebec\/services-delectricite-et-de-gaz-naturel-a-baie-comeau\/#breadcrumb\",\"itemListElement\":[{\"@type\":\"ListItem\",\"position\":1,\"name\":\"Home\",\"item\":\"http:\/\/energyrates.ca\/fr\/\"},{\"@type\":\"ListItem\",\"position\":2,\"name\":\"Qu\u00e9bec\",\"item\":\"http:\/\/energyrates.ca\/fr\/quebec\/\"},{\"@type\":\"ListItem\",\"position\":3,\"name\":\"Services d\u2019\u00e9lectricit\u00e9 et de gaz naturel \u00e0 Baie-Comeau\"}]},{\"@type\":\"WebSite\",\"@id\":\"http:\/\/energyrates.ca\/fr\/#website\",\"url\":\"http:\/\/energyrates.ca\/fr\/\",\"name\":\"EnergyRates.ca\",\"description\":\"Compare and Find the Lowest Energy Rates\",\"publisher\":{\"@id\":\"http:\/\/energyrates.ca\/fr\/#organization\"},\"potentialAction\":[{\"@type\":\"SearchAction\",\"target\":{\"@type\":\"EntryPoint\",\"urlTemplate\":\"http:\/\/energyrates.ca\/fr\/?s={search_term_string}\"},\"query-input\":{\"@type\":\"PropertyValueSpecification\",\"valueRequired\":true,\"valueName\":\"search_term_string\"}}],\"inLanguage\":\"en-CA\"},{\"@type\":\"Organization\",\"@id\":\"http:\/\/energyrates.ca\/fr\/#organization\",\"name\":\"EnergyRates.ca\",\"url\":\"http:\/\/energyrates.ca\/fr\/\",\"logo\":{\"@type\":\"ImageObject\",\"inLanguage\":\"en-CA\",\"@id\":\"http:\/\/energyrates.ca\/fr\/#\/schema\/logo\/image\/\",\"url\":\"https:\/\/energyrates.ca\/wp-content\/uploads\/logo_energy_rates.svg\",\"contentUrl\":\"https:\/\/energyrates.ca\/wp-content\/uploads\/logo_energy_rates.svg\",\"width\":356,\"height\":74,\"caption\":\"EnergyRates.ca\"},\"image\":{\"@id\":\"http:\/\/energyrates.ca\/fr\/#\/schema\/logo\/image\/\"}}]}<\/script>\n<!-- \/ Yoast SEO Premium plugin. -->","yoast_head_json":{"title":"Services d\u2019\u00e9lectricit\u00e9 et de gaz naturel \u00e0 Baie-Comeau &#8211; EnergyRates.ca","robots":{"index":"index","follow":"follow","max-snippet":"max-snippet:-1","max-image-preview":"max-image-preview:large","max-video-preview":"max-video-preview:-1"},"canonical":"https:\/\/energyrates.ca\/fr\/quebec\/services-delectricite-et-de-gaz-naturel-a-baie-comeau\/","og_locale":"en_US","og_type":"article","og_title":"Services d\u2019\u00e9lectricit\u00e9 et de gaz naturel \u00e0 Baie-Comeau","og_description":"Fond\u00e9 au 20e si\u00e8cle, Baie-Comeau est une ville qu\u00e9b\u00e9coise prosp\u00e8re avec sa population de 30&nbsp;000 personnes, son h\u00e9ritage industriel ainsi que sa cuisine locale. La ville est reconnue, entre autres, pour le Jardin de Glaciers, le Bois\u00e9e de la Point St-Gilles et le Parc des Pionniers. Toutefois, nous n\u2019en connaissons jamais assez de Baie-Comeau, comme [&hellip;]","og_url":"https:\/\/energyrates.ca\/fr\/quebec\/services-delectricite-et-de-gaz-naturel-a-baie-comeau\/","og_site_name":"EnergyRates.ca","article_modified_time":"2020-10-14T21:18:42+00:00","twitter_card":"summary_large_image","twitter_misc":{"Est. reading time":"2 minutes"},"schema":{"@context":"https:\/\/schema.org","@graph":[{"@type":"WebPage","@id":"https:\/\/energyrates.ca\/fr\/quebec\/services-delectricite-et-de-gaz-naturel-a-baie-comeau\/","url":"https:\/\/energyrates.ca\/fr\/quebec\/services-delectricite-et-de-gaz-naturel-a-baie-comeau\/","name":"Services d\u2019\u00e9lectricit\u00e9 et de gaz naturel \u00e0 Baie-Comeau &#8211; EnergyRates.ca","isPartOf":{"@id":"http:\/\/energyrates.ca\/fr\/#website"},"datePublished":"2019-12-20T19:30:47+00:00","dateModified":"2020-10-14T21:18:42+00:00","breadcrumb":{"@id":"https:\/\/energyrates.ca\/fr\/quebec\/services-delectricite-et-de-gaz-naturel-a-baie-comeau\/#breadcrumb"},"inLanguage":"en-CA","potentialAction":[{"@type":"ReadAction","target":["https:\/\/energyrates.ca\/fr\/quebec\/services-delectricite-et-de-gaz-naturel-a-baie-comeau\/"]}]},{"@type":"BreadcrumbList","@id":"https:\/\/energyrates.ca\/fr\/quebec\/services-delectricite-et-de-gaz-naturel-a-baie-comeau\/#breadcrumb","itemListElement":[{"@type":"ListItem","position":1,"name":"Home","item":"http:\/\/energyrates.ca\/fr\/"},{"@type":"ListItem","position":2,"name":"Qu\u00e9bec","item":"http:\/\/energyrates.ca\/fr\/quebec\/"},{"@type":"ListItem","position":3,"name":"Services d\u2019\u00e9lectricit\u00e9 et de gaz naturel \u00e0 Baie-Comeau"}]},{"@type":"WebSite","@id":"http:\/\/energyrates.ca\/fr\/#website","url":"http:\/\/energyrates.ca\/fr\/","name":"EnergyRates.ca","description":"Compare and Find the Lowest Energy Rates","publisher":{"@id":"http:\/\/energyrates.ca\/fr\/#organization"},"potentialAction":[{"@type":"SearchAction","target":{"@type":"EntryPoint","urlTemplate":"http:\/\/energyrates.ca\/fr\/?s={search_term_string}"},"query-input":{"@type":"PropertyValueSpecification","valueRequired":true,"valueName":"search_term_string"}}],"inLanguage":"en-CA"},{"@type":"Organization","@id":"http:\/\/energyrates.ca\/fr\/#organization","name":"EnergyRates.ca","url":"http:\/\/energyrates.ca\/fr\/","logo":{"@type":"ImageObject","inLanguage":"en-CA","@id":"http:\/\/energyrates.ca\/fr\/#\/schema\/logo\/image\/","url":"https:\/\/energyrates.ca\/wp-content\/uploads\/logo_energy_rates.svg","contentUrl":"https:\/\/energyrates.ca\/wp-content\/uploads\/logo_energy_rates.svg","width":356,"height":74,"caption":"EnergyRates.ca"},"image":{"@id":"http:\/\/energyrates.ca\/fr\/#\/schema\/logo\/image\/"}}]}},"_links":{"self":[{"href":"https:\/\/energyrates.ca\/fr\/wp-json\/wp\/v2\/pages\/4510","targetHints":{"allow":["GET"]}}],"collection":[{"href":"https:\/\/energyrates.ca\/fr\/wp-json\/wp\/v2\/pages"}],"about":[{"href":"https:\/\/energyrates.ca\/fr\/wp-json\/wp\/v2\/types\/page"}],"author":[{"embeddable":true,"href":"https:\/\/energyrates.ca\/fr\/wp-json\/wp\/v2\/users\/1"}],"replies":[{"embeddable":true,"href":"https:\/\/energyrates.ca\/fr\/wp-json\/wp\/v2\/comments?post=4510"}],"version-history":[{"count":0,"href":"https:\/\/energyrates.ca\/fr\/wp-json\/wp\/v2\/pages\/4510\/revisions"}],"up":[{"embeddable":true,"href":"https:\/\/energyrates.ca\/fr\/wp-json\/wp\/v2\/pages\/4544"}],"wp:attachment":[{"href":"https:\/\/energyrates.ca\/fr\/wp-json\/wp\/v2\/media?parent=4510"}],"curies":[{"name":"wp","href":"https:\/\/api.w.org\/{rel}","templated":true}]}}